{"id":45,"date":"2023-09-07T11:45:16","date_gmt":"2023-09-07T15:45:16","guid":{"rendered":"https:\/\/laboiteflexible.com\/staging\/lazoneetudiante\/?page_id=45"},"modified":"2025-07-10T09:38:13","modified_gmt":"2025-07-10T13:38:13","slug":"vie-au-cegep","status":"publish","type":"page","link":"https:\/\/cegepgim.ca\/zoneetudiante\/ressources-et-outils\/vie-au-cegep\/","title":{"rendered":"Vie au C\u00e9gep"},"content":{"rendered":"\t\t<div data-elementor-type=\"wp-page\" data-elementor-id=\"45\" class=\"elementor elementor-45\" data-elementor-post-type=\"page\">\n\t\t\t\t<div class=\"has_eae_slider elementor-element elementor-element-6540162 e-con-full e-flex e-con e-parent\" data-eae-slider=\"15929\" data-id=\"6540162\" data-element_type=\"container\" data-e-type=\"container\" data-settings=\"{&quot;background_background&quot;:&quot;classic&quot;}\">\n\t\t<div class=\"has_eae_slider elementor-element elementor-element-a366948 e-flex e-con-boxed e-con e-child\" data-eae-slider=\"88116\" data-id=\"a366948\" data-element_type=\"container\" data-e-type=\"container\" data-settings=\"{&quot;background_background&quot;:&quot;classic&quot;,&quot;background_motion_fx_motion_fx_scrolling&quot;:&quot;yes&quot;,&quot;background_motion_fx_devices&quot;:[&quot;desktop&quot;,&quot;tablet&quot;,&quot;mobile&quot;]}\">\n\t\t\t\t\t<div class=\"e-con-inner\">\n\t\t\t\t\t<\/div>\n\t\t\t\t<\/div>\n\t\t<div class=\"has_eae_slider elementor-element elementor-element-7913297 e-flex e-con-boxed e-con e-child\" data-eae-slider=\"29160\" data-id=\"7913297\" data-element_type=\"container\" data-e-type=\"container\">\n\t\t\t\t\t<div class=\"e-con-inner\">\n\t\t<div class=\"has_eae_slider elementor-element elementor-element-f962c78 e-con-full e-flex e-con e-child\" data-eae-slider=\"33011\" data-id=\"f962c78\" data-element_type=\"container\" data-e-type=\"container\">\n\t\t<a class=\"has_eae_slider elementor-element elementor-element-feca006 e-con-full e-flex e-con e-child\" data-eae-slider=\"64484\" data-id=\"feca006\" data-element_type=\"container\" data-e-type=\"container\" data-settings=\"{&quot;background_background&quot;:&quot;classic&quot;}\" href=\"https:\/\/cegepgim.ca\/zoneetudiante\/ressources-et-outils\/bien-etre-et-sante\/\">\n\t\t\t\t<div class=\"elementor-element elementor-element-208b58a elementor-view-stacked elementor-shape-circle elementor-widget elementor-widget-icon\" data-id=\"208b58a\" data-element_type=\"widget\" data-e-type=\"widget\" data-widget_type=\"icon.default\">\n\t\t\t\t<div class=\"elementor-widget-container\">\n\t\t\t\t\t\t\t<div class=\"elementor-icon-wrapper\">\n\t\t\t<div class=\"elementor-icon\">\n\t\t\t<i aria-hidden=\"true\" class=\"fas fa-check\"><\/i>\t\t\t<\/div>\n\t\t<\/div>\n\t\t\t\t\t\t<\/div>\n\t\t\t\t<\/div>\n\t\t\t\t<div class=\"elementor-element elementor-element-1fecdf8 elementor-widget elementor-widget-heading\" data-id=\"1fecdf8\" data-element_type=\"widget\" data-e-type=\"widget\" data-widget_type=\"heading.default\">\n\t\t\t\t<div class=\"elementor-widget-container\">\n\t\t\t\t\t<h3 class=\"elementor-heading-title elementor-size-default\">Bien-\u00eatre et sant\u00e9<\/h3>\t\t\t\t<\/div>\n\t\t\t\t<\/div>\n\t\t\t\t<div class=\"elementor-element elementor-element-b911210 elementor-widget elementor-widget-text-editor\" data-id=\"b911210\" data-element_type=\"widget\" data-e-type=\"widget\" data-widget_type=\"text-editor.default\">\n\t\t\t\t<div class=\"elementor-widget-container\">\n\t\t\t\t\t\t\t\t\t<p><span style=\"color: #000000;\"><em>Services psychosociaux, violences \u00e0 caract\u00e8re sexuel, services de sant\u00e9, pr\u00e9vention du suicide, sexualit\u00e9 et relations intimes, etc.<\/em><\/span><\/p>\t\t\t\t\t\t\t\t<\/div>\n\t\t\t\t<\/div>\n\t\t\t\t<\/a>\n\t\t<a class=\"has_eae_slider elementor-element elementor-element-3f68a0a e-con-full e-flex e-con e-child\" data-eae-slider=\"90971\" data-id=\"3f68a0a\" data-element_type=\"container\" data-e-type=\"container\" data-settings=\"{&quot;background_background&quot;:&quot;classic&quot;}\" href=\"https:\/\/cegepgim.ca\/zoneetudiante\/ressources-et-outils\/vie-au-cegep\/vie-etudiante\/\">\n\t\t\t\t<div class=\"elementor-element elementor-element-2f009dd elementor-view-stacked elementor-shape-circle elementor-widget elementor-widget-icon\" data-id=\"2f009dd\" data-element_type=\"widget\" data-e-type=\"widget\" data-widget_type=\"icon.default\">\n\t\t\t\t<div class=\"elementor-widget-container\">\n\t\t\t\t\t\t\t<div class=\"elementor-icon-wrapper\">\n\t\t\t<div class=\"elementor-icon\">\n\t\t\t<i aria-hidden=\"true\" class=\"fas fa-check\"><\/i>\t\t\t<\/div>\n\t\t<\/div>\n\t\t\t\t\t\t<\/div>\n\t\t\t\t<\/div>\n\t\t\t\t<div class=\"elementor-element elementor-element-3904ee5 elementor-widget elementor-widget-heading\" data-id=\"3904ee5\" data-element_type=\"widget\" data-e-type=\"widget\" data-widget_type=\"heading.default\">\n\t\t\t\t<div class=\"elementor-widget-container\">\n\t\t\t\t\t<h3 class=\"elementor-heading-title elementor-size-default\">Vie \u00e9tudiante<\/h3>\t\t\t\t<\/div>\n\t\t\t\t<\/div>\n\t\t\t\t<div class=\"elementor-element elementor-element-55e4c48 elementor-widget elementor-widget-text-editor\" data-id=\"55e4c48\" data-element_type=\"widget\" data-e-type=\"widget\" data-widget_type=\"text-editor.default\">\n\t\t\t\t<div class=\"elementor-widget-container\">\n\t\t\t\t\t\t\t\t\t<p><span style=\"color: #000000;\"><em>Activit\u00e9s sportives, activit\u00e9s socioculturelles, implication communautaire, mesures d&rsquo;urgence, boutique en ligne, etc.<\/em><\/span><\/p>\t\t\t\t\t\t\t\t<\/div>\n\t\t\t\t<\/div>\n\t\t\t\t<\/a>\n\t\t<a class=\"has_eae_slider elementor-element elementor-element-fc648f2 e-con-full e-flex e-con e-child\" data-eae-slider=\"33627\" data-id=\"fc648f2\" data-element_type=\"container\" data-e-type=\"container\" data-settings=\"{&quot;background_background&quot;:&quot;classic&quot;}\" href=\"https:\/\/cegepgim.ca\/zoneetudiante\/ressources-et-outils\/vie-au-cegep\/sintegrer-au-cegep\/\">\n\t\t\t\t<div class=\"elementor-element elementor-element-01aef75 elementor-view-stacked elementor-shape-circle elementor-widget elementor-widget-icon\" data-id=\"01aef75\" data-element_type=\"widget\" data-e-type=\"widget\" data-widget_type=\"icon.default\">\n\t\t\t\t<div class=\"elementor-widget-container\">\n\t\t\t\t\t\t\t<div class=\"elementor-icon-wrapper\">\n\t\t\t<div class=\"elementor-icon\">\n\t\t\t<i aria-hidden=\"true\" class=\"fas fa-check\"><\/i>\t\t\t<\/div>\n\t\t<\/div>\n\t\t\t\t\t\t<\/div>\n\t\t\t\t<\/div>\n\t\t\t\t<div class=\"elementor-element elementor-element-892306e elementor-widget elementor-widget-heading\" data-id=\"892306e\" data-element_type=\"widget\" data-e-type=\"widget\" data-widget_type=\"heading.default\">\n\t\t\t\t<div class=\"elementor-widget-container\">\n\t\t\t\t\t<h3 class=\"elementor-heading-title elementor-size-default\">S\u2019int\u00e9grer<\/h3>\t\t\t\t<\/div>\n\t\t\t\t<\/div>\n\t\t\t\t<div class=\"elementor-element elementor-element-91170a3 elementor-widget elementor-widget-text-editor\" data-id=\"91170a3\" data-element_type=\"widget\" data-e-type=\"widget\" data-widget_type=\"text-editor.default\">\n\t\t\t\t<div class=\"elementor-widget-container\">\n\t\t\t\t\t\t\t\t\t<p><span style=\"color: #000000;\"><em>Premi\u00e8re session, venir d&rsquo;une autre r\u00e9gion, venir d&rsquo;un autre pays, etc.<\/em><\/span><\/p>\t\t\t\t\t\t\t\t<\/div>\n\t\t\t\t<\/div>\n\t\t\t\t<\/a>\n\t\t<a class=\"has_eae_slider elementor-element elementor-element-a771d12 e-con-full e-flex e-con e-child\" data-eae-slider=\"42149\" data-id=\"a771d12\" data-element_type=\"container\" data-e-type=\"container\" data-settings=\"{&quot;background_background&quot;:&quot;classic&quot;}\" href=\"https:\/\/cegepgim.ca\/zoneetudiante\/ressources-et-outils\/vie-au-cegep\/developpement-durable\/\">\n\t\t\t\t<div class=\"elementor-element elementor-element-5676a4e elementor-view-stacked elementor-shape-circle elementor-widget elementor-widget-icon\" data-id=\"5676a4e\" data-element_type=\"widget\" data-e-type=\"widget\" data-widget_type=\"icon.default\">\n\t\t\t\t<div class=\"elementor-widget-container\">\n\t\t\t\t\t\t\t<div class=\"elementor-icon-wrapper\">\n\t\t\t<div class=\"elementor-icon\">\n\t\t\t<i aria-hidden=\"true\" class=\"fas fa-check\"><\/i>\t\t\t<\/div>\n\t\t<\/div>\n\t\t\t\t\t\t<\/div>\n\t\t\t\t<\/div>\n\t\t\t\t<div class=\"elementor-element elementor-element-36b0dd8 elementor-widget elementor-widget-heading\" data-id=\"36b0dd8\" data-element_type=\"widget\" data-e-type=\"widget\" data-widget_type=\"heading.default\">\n\t\t\t\t<div class=\"elementor-widget-container\">\n\t\t\t\t\t<h3 class=\"elementor-heading-title elementor-size-default\">D\u00e9veloppement durable<\/h3>\t\t\t\t<\/div>\n\t\t\t\t<\/div>\n\t\t\t\t<div class=\"elementor-element elementor-element-e9cccd1 elementor-widget elementor-widget-text-editor\" data-id=\"e9cccd1\" data-element_type=\"widget\" data-e-type=\"widget\" data-widget_type=\"text-editor.default\">\n\t\t\t\t<div class=\"elementor-widget-container\">\n\t\t\t\t\t\t\t\t\t<p><span style=\"color: #000000;\"><em>C\u00e9gep \u00e9coresponsable, comportements \u00e9coresponsables, t&rsquo;impliquer, collaborer, etc.<\/em><\/span><\/p>\t\t\t\t\t\t\t\t<\/div>\n\t\t\t\t<\/div>\n\t\t\t\t<\/a>\n\t\t<a class=\"has_eae_slider elementor-element elementor-element-98e42bc e-con-full e-flex e-con e-child\" data-eae-slider=\"60629\" data-id=\"98e42bc\" data-element_type=\"container\" data-e-type=\"container\" data-settings=\"{&quot;background_background&quot;:&quot;classic&quot;}\" href=\"https:\/\/cegepgim.ca\/zoneetudiante\/ressources-et-outils\/vie-au-cegep\/emplois-etudiants\/\">\n\t\t\t\t<div class=\"elementor-element elementor-element-2d7990e elementor-view-stacked elementor-shape-circle elementor-widget elementor-widget-icon\" data-id=\"2d7990e\" data-element_type=\"widget\" data-e-type=\"widget\" data-widget_type=\"icon.default\">\n\t\t\t\t<div class=\"elementor-widget-container\">\n\t\t\t\t\t\t\t<div class=\"elementor-icon-wrapper\">\n\t\t\t<div class=\"elementor-icon\">\n\t\t\t<i aria-hidden=\"true\" class=\"fas fa-check\"><\/i>\t\t\t<\/div>\n\t\t<\/div>\n\t\t\t\t\t\t<\/div>\n\t\t\t\t<\/div>\n\t\t\t\t<div class=\"elementor-element elementor-element-373b010 elementor-widget elementor-widget-heading\" data-id=\"373b010\" data-element_type=\"widget\" data-e-type=\"widget\" data-widget_type=\"heading.default\">\n\t\t\t\t<div class=\"elementor-widget-container\">\n\t\t\t\t\t<h3 class=\"elementor-heading-title elementor-size-default\">Emplois \u00e9tudiants<\/h3>\t\t\t\t<\/div>\n\t\t\t\t<\/div>\n\t\t\t\t<div class=\"elementor-element elementor-element-9a82230 elementor-widget elementor-widget-text-editor\" data-id=\"9a82230\" data-element_type=\"widget\" data-e-type=\"widget\" data-widget_type=\"text-editor.default\">\n\t\t\t\t<div class=\"elementor-widget-container\">\n\t\t\t\t\t\t\t\t\t<p><span style=\"color: #000000;\"><em>Travailler au C\u00e9gep, travailler \u00e0 l&rsquo;ext\u00e9rieur du C\u00e9gep, concilier \u00e9tudes et travail, employeurs, etc.<\/em><\/span><\/p>\t\t\t\t\t\t\t\t<\/div>\n\t\t\t\t<\/div>\n\t\t\t\t<\/a>\n\t\t<a class=\"has_eae_slider elementor-element elementor-element-8f554d1 e-con-full e-flex e-con e-child\" data-eae-slider=\"52835\" data-id=\"8f554d1\" data-element_type=\"container\" data-e-type=\"container\" data-settings=\"{&quot;background_background&quot;:&quot;classic&quot;}\" href=\"https:\/\/cegepgim.ca\/zoneetudiante\/ressources-et-outils\/vie-au-cegep\/logement-nourriture-et-stationnement\/\">\n\t\t\t\t<div class=\"elementor-element elementor-element-31f1ce0 elementor-view-stacked elementor-shape-circle elementor-widget elementor-widget-icon\" data-id=\"31f1ce0\" data-element_type=\"widget\" data-e-type=\"widget\" data-widget_type=\"icon.default\">\n\t\t\t\t<div class=\"elementor-widget-container\">\n\t\t\t\t\t\t\t<div class=\"elementor-icon-wrapper\">\n\t\t\t<div class=\"elementor-icon\">\n\t\t\t<i aria-hidden=\"true\" class=\"fas fa-check\"><\/i>\t\t\t<\/div>\n\t\t<\/div>\n\t\t\t\t\t\t<\/div>\n\t\t\t\t<\/div>\n\t\t\t\t<div class=\"elementor-element elementor-element-89878c6 elementor-widget elementor-widget-heading\" data-id=\"89878c6\" data-element_type=\"widget\" data-e-type=\"widget\" data-widget_type=\"heading.default\">\n\t\t\t\t<div class=\"elementor-widget-container\">\n\t\t\t\t\t<h3 class=\"elementor-heading-title elementor-size-default\">Logement, nourriture et transport<\/h3>\t\t\t\t<\/div>\n\t\t\t\t<\/div>\n\t\t\t\t<div class=\"elementor-element elementor-element-c5d262f elementor-widget elementor-widget-text-editor\" data-id=\"c5d262f\" data-element_type=\"widget\" data-e-type=\"widget\" data-widget_type=\"text-editor.default\">\n\t\t\t\t<div class=\"elementor-widget-container\">\n\t\t\t\t\t\t\t\t\t<p><span style=\"color: #000000;\"><em>H\u00e9bergements du C\u00e9gep, bail et location, caf\u00e9t\u00e9rias et caf\u00e9 \u00e9tudiant, soutien alimentaire, transport en commun, bornes de recharge, stationnement, etc.<\/em><\/span><\/p>\t\t\t\t\t\t\t\t<\/div>\n\t\t\t\t<\/div>\n\t\t\t\t<\/a>\n\t\t\t\t<\/div>\n\t\t\t\t\t<\/div>\n\t\t\t\t<\/div>\n\t\t\t\t<\/div>\n\t\t\t\t<\/div>\n\t\t","protected":false},"excerpt":{"rendered":"<p>Bien-\u00eatre et sant\u00e9 Services psychosociaux, violences \u00e0 caract\u00e8re sexuel, services de sant\u00e9, pr\u00e9vention du suicide, sexualit\u00e9 et relations intimes, etc. Vie \u00e9tudiante Activit\u00e9s sportives, activit\u00e9s socioculturelles, implication communautaire, mesures d&rsquo;urgence, boutique en ligne, etc. S\u2019int\u00e9grer Premi\u00e8re session, venir d&rsquo;une autre r\u00e9gion, venir d&rsquo;un autre pays, etc. D\u00e9veloppement durable C\u00e9gep \u00e9coresponsable, comportements \u00e9coresponsables, t&rsquo;impliquer, collaborer, etc. [&hellip;]<\/p>\n","protected":false},"author":1,"featured_media":0,"parent":154,"menu_order":0,"comment_status":"closed","ping_status":"closed","template":"","meta":{"_acf_changed":false,"footnotes":""},"class_list":["post-45","page","type-page","status-publish","hentry"],"acf":[],"yoast_head":"<!-- This site is optimized with the Yoast SEO plugin v27.3 - https:\/\/yoast.com\/product\/yoast-seo-wordpress\/ -->\n<title>Vie au C\u00e9gep - La Zone \u00e9tudiante du C\u00e9gep de la Gasp\u00e9sie et des \u00celes<\/title>\n<meta name=\"robots\" content=\"index, follow, max-snippet:-1, max-image-preview:large, max-video-preview:-1\" \/>\n<link rel=\"canonical\" href=\"https:\/\/cegepgim.ca\/zoneetudiante\/ressources-et-outils\/vie-au-cegep\/\" \/>\n<meta property=\"og:locale\" content=\"fr_FR\" \/>\n<meta property=\"og:type\" content=\"article\" \/>\n<meta property=\"og:title\" content=\"Vie au C\u00e9gep - La Zone \u00e9tudiante du C\u00e9gep de la Gasp\u00e9sie et des \u00celes\" \/>\n<meta property=\"og:description\" content=\"Bien-\u00eatre et sant\u00e9 Services psychosociaux, violences \u00e0 caract\u00e8re sexuel, services de sant\u00e9, pr\u00e9vention du suicide, sexualit\u00e9 et relations intimes, etc. Vie \u00e9tudiante Activit\u00e9s sportives, activit\u00e9s socioculturelles, implication communautaire, mesures d&rsquo;urgence, boutique en ligne, etc. S\u2019int\u00e9grer Premi\u00e8re session, venir d&rsquo;une autre r\u00e9gion, venir d&rsquo;un autre pays, etc. D\u00e9veloppement durable C\u00e9gep \u00e9coresponsable, comportements \u00e9coresponsables, t&rsquo;impliquer, collaborer, etc. [&hellip;]\" \/>\n<meta property=\"og:url\" content=\"https:\/\/cegepgim.ca\/zoneetudiante\/ressources-et-outils\/vie-au-cegep\/\" \/>\n<meta property=\"og:site_name\" content=\"La Zone \u00e9tudiante du C\u00e9gep de la Gasp\u00e9sie et des \u00celes\" \/>\n<meta property=\"article:modified_time\" content=\"2025-07-10T13:38:13+00:00\" \/>\n<meta name=\"twitter:card\" content=\"summary_large_image\" \/>\n<meta name=\"twitter:label1\" content=\"Dur\u00e9e de lecture estim\u00e9e\" \/>\n\t<meta name=\"twitter:data1\" content=\"1 minute\" \/>\n<script type=\"application\/ld+json\" class=\"yoast-schema-graph\">{\"@context\":\"https:\\\/\\\/schema.org\",\"@graph\":[{\"@type\":\"WebPage\",\"@id\":\"https:\\\/\\\/cegepgim.ca\\\/zoneetudiante\\\/ressources-et-outils\\\/vie-au-cegep\\\/\",\"url\":\"https:\\\/\\\/cegepgim.ca\\\/zoneetudiante\\\/ressources-et-outils\\\/vie-au-cegep\\\/\",\"name\":\"Vie au C\u00e9gep - La Zone \u00e9tudiante du C\u00e9gep de la Gasp\u00e9sie et des \u00celes\",\"isPartOf\":{\"@id\":\"https:\\\/\\\/cegepgim.ca\\\/zoneetudiante\\\/#website\"},\"datePublished\":\"2023-09-07T15:45:16+00:00\",\"dateModified\":\"2025-07-10T13:38:13+00:00\",\"breadcrumb\":{\"@id\":\"https:\\\/\\\/cegepgim.ca\\\/zoneetudiante\\\/ressources-et-outils\\\/vie-au-cegep\\\/#breadcrumb\"},\"inLanguage\":\"fr-FR\",\"potentialAction\":[{\"@type\":\"ReadAction\",\"target\":[\"https:\\\/\\\/cegepgim.ca\\\/zoneetudiante\\\/ressources-et-outils\\\/vie-au-cegep\\\/\"]}]},{\"@type\":\"BreadcrumbList\",\"@id\":\"https:\\\/\\\/cegepgim.ca\\\/zoneetudiante\\\/ressources-et-outils\\\/vie-au-cegep\\\/#breadcrumb\",\"itemListElement\":[{\"@type\":\"ListItem\",\"position\":1,\"name\":\"La Zone \u00e9tudiante\",\"item\":\"https:\\\/\\\/cegepgim.ca\\\/zoneetudiante\\\/\"},{\"@type\":\"ListItem\",\"position\":2,\"name\":\"Ressources et outils\",\"item\":\"https:\\\/\\\/cegepgim.ca\\\/zoneetudiante\\\/resources-and-tools\\\/\"},{\"@type\":\"ListItem\",\"position\":3,\"name\":\"Vie au C\u00e9gep\"}]},{\"@type\":\"WebSite\",\"@id\":\"https:\\\/\\\/cegepgim.ca\\\/zoneetudiante\\\/#website\",\"url\":\"https:\\\/\\\/cegepgim.ca\\\/zoneetudiante\\\/\",\"name\":\"La Zone \u00e9tudiante du C\u00e9gep de la Gasp\u00e9sie et des \u00celes\",\"description\":\"Ton aventure commence ici!\",\"publisher\":{\"@id\":\"https:\\\/\\\/cegepgim.ca\\\/zoneetudiante\\\/#organization\"},\"potentialAction\":[{\"@type\":\"SearchAction\",\"target\":{\"@type\":\"EntryPoint\",\"urlTemplate\":\"https:\\\/\\\/cegepgim.ca\\\/zoneetudiante\\\/?s={search_term_string}\"},\"query-input\":{\"@type\":\"PropertyValueSpecification\",\"valueRequired\":true,\"valueName\":\"search_term_string\"}}],\"inLanguage\":\"fr-FR\"},{\"@type\":\"Organization\",\"@id\":\"https:\\\/\\\/cegepgim.ca\\\/zoneetudiante\\\/#organization\",\"name\":\"La Zone \u00e9tudiante du C\u00e9gep de la Gasp\u00e9sie et des \u00celes\",\"url\":\"https:\\\/\\\/cegepgim.ca\\\/zoneetudiante\\\/\",\"logo\":{\"@type\":\"ImageObject\",\"inLanguage\":\"fr-FR\",\"@id\":\"https:\\\/\\\/cegepgim.ca\\\/zoneetudiante\\\/#\\\/schema\\\/logo\\\/image\\\/\",\"url\":\"https:\\\/\\\/cegepgim.ca\\\/zoneetudiante\\\/wp-content\\\/uploads\\\/ImageDePartage-01.jpg\",\"contentUrl\":\"https:\\\/\\\/cegepgim.ca\\\/zoneetudiante\\\/wp-content\\\/uploads\\\/ImageDePartage-01.jpg\",\"width\":1200,\"height\":630,\"caption\":\"La Zone \u00e9tudiante du C\u00e9gep de la Gasp\u00e9sie et des \u00celes\"},\"image\":{\"@id\":\"https:\\\/\\\/cegepgim.ca\\\/zoneetudiante\\\/#\\\/schema\\\/logo\\\/image\\\/\"}}]}<\/script>\n<!-- \/ Yoast SEO plugin. -->","yoast_head_json":{"title":"Vie au C\u00e9gep - La Zone \u00e9tudiante du C\u00e9gep de la Gasp\u00e9sie et des \u00celes","robots":{"index":"index","follow":"follow","max-snippet":"max-snippet:-1","max-image-preview":"max-image-preview:large","max-video-preview":"max-video-preview:-1"},"canonical":"https:\/\/cegepgim.ca\/zoneetudiante\/ressources-et-outils\/vie-au-cegep\/","og_locale":"fr_FR","og_type":"article","og_title":"Vie au C\u00e9gep - La Zone \u00e9tudiante du C\u00e9gep de la Gasp\u00e9sie et des \u00celes","og_description":"Bien-\u00eatre et sant\u00e9 Services psychosociaux, violences \u00e0 caract\u00e8re sexuel, services de sant\u00e9, pr\u00e9vention du suicide, sexualit\u00e9 et relations intimes, etc. Vie \u00e9tudiante Activit\u00e9s sportives, activit\u00e9s socioculturelles, implication communautaire, mesures d&rsquo;urgence, boutique en ligne, etc. S\u2019int\u00e9grer Premi\u00e8re session, venir d&rsquo;une autre r\u00e9gion, venir d&rsquo;un autre pays, etc. D\u00e9veloppement durable C\u00e9gep \u00e9coresponsable, comportements \u00e9coresponsables, t&rsquo;impliquer, collaborer, etc. [&hellip;]","og_url":"https:\/\/cegepgim.ca\/zoneetudiante\/ressources-et-outils\/vie-au-cegep\/","og_site_name":"La Zone \u00e9tudiante du C\u00e9gep de la Gasp\u00e9sie et des \u00celes","article_modified_time":"2025-07-10T13:38:13+00:00","twitter_card":"summary_large_image","twitter_misc":{"Dur\u00e9e de lecture estim\u00e9e":"1 minute"},"schema":{"@context":"https:\/\/schema.org","@graph":[{"@type":"WebPage","@id":"https:\/\/cegepgim.ca\/zoneetudiante\/ressources-et-outils\/vie-au-cegep\/","url":"https:\/\/cegepgim.ca\/zoneetudiante\/ressources-et-outils\/vie-au-cegep\/","name":"Vie au C\u00e9gep - La Zone \u00e9tudiante du C\u00e9gep de la Gasp\u00e9sie et des \u00celes","isPartOf":{"@id":"https:\/\/cegepgim.ca\/zoneetudiante\/#website"},"datePublished":"2023-09-07T15:45:16+00:00","dateModified":"2025-07-10T13:38:13+00:00","breadcrumb":{"@id":"https:\/\/cegepgim.ca\/zoneetudiante\/ressources-et-outils\/vie-au-cegep\/#breadcrumb"},"inLanguage":"fr-FR","potentialAction":[{"@type":"ReadAction","target":["https:\/\/cegepgim.ca\/zoneetudiante\/ressources-et-outils\/vie-au-cegep\/"]}]},{"@type":"BreadcrumbList","@id":"https:\/\/cegepgim.ca\/zoneetudiante\/ressources-et-outils\/vie-au-cegep\/#breadcrumb","itemListElement":[{"@type":"ListItem","position":1,"name":"La Zone \u00e9tudiante","item":"https:\/\/cegepgim.ca\/zoneetudiante\/"},{"@type":"ListItem","position":2,"name":"Ressources et outils","item":"https:\/\/cegepgim.ca\/zoneetudiante\/resources-and-tools\/"},{"@type":"ListItem","position":3,"name":"Vie au C\u00e9gep"}]},{"@type":"WebSite","@id":"https:\/\/cegepgim.ca\/zoneetudiante\/#website","url":"https:\/\/cegepgim.ca\/zoneetudiante\/","name":"La Zone \u00e9tudiante du C\u00e9gep de la Gasp\u00e9sie et des \u00celes","description":"Ton aventure commence ici!","publisher":{"@id":"https:\/\/cegepgim.ca\/zoneetudiante\/#organization"},"potentialAction":[{"@type":"SearchAction","target":{"@type":"EntryPoint","urlTemplate":"https:\/\/cegepgim.ca\/zoneetudiante\/?s={search_term_string}"},"query-input":{"@type":"PropertyValueSpecification","valueRequired":true,"valueName":"search_term_string"}}],"inLanguage":"fr-FR"},{"@type":"Organization","@id":"https:\/\/cegepgim.ca\/zoneetudiante\/#organization","name":"La Zone \u00e9tudiante du C\u00e9gep de la Gasp\u00e9sie et des \u00celes","url":"https:\/\/cegepgim.ca\/zoneetudiante\/","logo":{"@type":"ImageObject","inLanguage":"fr-FR","@id":"https:\/\/cegepgim.ca\/zoneetudiante\/#\/schema\/logo\/image\/","url":"https:\/\/cegepgim.ca\/zoneetudiante\/wp-content\/uploads\/ImageDePartage-01.jpg","contentUrl":"https:\/\/cegepgim.ca\/zoneetudiante\/wp-content\/uploads\/ImageDePartage-01.jpg","width":1200,"height":630,"caption":"La Zone \u00e9tudiante du C\u00e9gep de la Gasp\u00e9sie et des \u00celes"},"image":{"@id":"https:\/\/cegepgim.ca\/zoneetudiante\/#\/schema\/logo\/image\/"}}]}},"_links":{"self":[{"href":"https:\/\/cegepgim.ca\/zoneetudiante\/wp-json\/wp\/v2\/pages\/45","targetHints":{"allow":["GET"]}}],"collection":[{"href":"https:\/\/cegepgim.ca\/zoneetudiante\/wp-json\/wp\/v2\/pages"}],"about":[{"href":"https:\/\/cegepgim.ca\/zoneetudiante\/wp-json\/wp\/v2\/types\/page"}],"author":[{"embeddable":true,"href":"https:\/\/cegepgim.ca\/zoneetudiante\/wp-json\/wp\/v2\/users\/1"}],"replies":[{"embeddable":true,"href":"https:\/\/cegepgim.ca\/zoneetudiante\/wp-json\/wp\/v2\/comments?post=45"}],"version-history":[{"count":93,"href":"https:\/\/cegepgim.ca\/zoneetudiante\/wp-json\/wp\/v2\/pages\/45\/revisions"}],"predecessor-version":[{"id":15686,"href":"https:\/\/cegepgim.ca\/zoneetudiante\/wp-json\/wp\/v2\/pages\/45\/revisions\/15686"}],"up":[{"embeddable":true,"href":"https:\/\/cegepgim.ca\/zoneetudiante\/wp-json\/wp\/v2\/pages\/154"}],"wp:attachment":[{"href":"https:\/\/cegepgim.ca\/zoneetudiante\/wp-json\/wp\/v2\/media?parent=45"}],"curies":[{"name":"wp","href":"https:\/\/api.w.org\/{rel}","templated":true}]}}