{"id":3065,"date":"2024-01-26T13:08:39","date_gmt":"2024-01-26T18:08:39","guid":{"rendered":"https:\/\/laboiteflexible.com\/staging\/lazoneetudiante\/?page_id=3065"},"modified":"2024-08-29T08:36:10","modified_gmt":"2024-08-29T12:36:10","slug":"travailler-en-equipe","status":"publish","type":"page","link":"https:\/\/cegepgim.ca\/zoneetudiante\/ressources-et-outils\/accompagnement-aux-apprentissages\/ressources-methodologiques\/travailler-en-equipe\/","title":{"rendered":"Travailler en \u00e9quipe"},"content":{"rendered":"\t\t<div data-elementor-type=\"wp-page\" data-elementor-id=\"3065\" class=\"elementor elementor-3065\" data-elementor-post-type=\"page\">\n\t\t\t\t<div class=\"has_eae_slider elementor-element elementor-element-2a2778f e-flex e-con-boxed e-con e-parent\" data-eae-slider=\"91249\" data-id=\"2a2778f\" data-element_type=\"container\" data-e-type=\"container\" data-settings=\"{&quot;background_background&quot;:&quot;classic&quot;}\">\n\t\t\t\t\t<div class=\"e-con-inner\">\n\t\t<div class=\"has_eae_slider elementor-element elementor-element-d9ad606 e-con-full e-flex e-con e-child\" data-eae-slider=\"90227\" data-id=\"d9ad606\" data-element_type=\"container\" data-e-type=\"container\">\n\t\t\t\t<div class=\"elementor-element elementor-element-11955dc elementor-widget-divider--view-line_text elementor-widget-divider--element-align-left elementor-widget elementor-widget-divider\" data-id=\"11955dc\" data-element_type=\"widget\" data-e-type=\"widget\" data-widget_type=\"divider.default\">\n\t\t\t\t<div class=\"elementor-widget-container\">\n\t\t\t\t\t\t\t<div class=\"elementor-divider\">\n\t\t\t<span class=\"elementor-divider-separator\">\n\t\t\t\t\t\t\t<h2 class=\"elementor-divider__text elementor-divider__element\">\n\t\t\t\tPr\u00e9parer le travail d\u2019\u00e9quipe\net la collaboration en ligne\t\t\t\t<\/h2>\n\t\t\t\t\t\t<\/span>\n\t\t<\/div>\n\t\t\t\t\t\t<\/div>\n\t\t\t\t<\/div>\n\t\t\t\t<div class=\"elementor-element elementor-element-f7b8240 elementor-widget elementor-widget-html\" data-id=\"f7b8240\" data-element_type=\"widget\" data-e-type=\"widget\" data-widget_type=\"html.default\">\n\t\t\t\t<div class=\"elementor-widget-container\">\n\t\t\t\t\t<iframe width=\"934\" height=\"560\" allowtransparency=\"true\" src=\"https:\/\/monde.ccdmd.qc.ca\/video\/?id=99371&taille=480\" frameborder=\"0\" allowfullscreen><\/iframe>\t\t\t\t<\/div>\n\t\t\t\t<\/div>\n\t\t\t\t<div class=\"elementor-element elementor-element-b8520a2 elementor-widget elementor-widget-heading\" data-id=\"b8520a2\" data-element_type=\"widget\" data-e-type=\"widget\" data-widget_type=\"heading.default\">\n\t\t\t\t<div class=\"elementor-widget-container\">\n\t\t\t\t\t<h2 class=\"elementor-heading-title elementor-size-default\">G\u00e9rer le travail d'\u00e9quipe<\/h2>\t\t\t\t<\/div>\n\t\t\t\t<\/div>\n\t\t\t\t<div class=\"elementor-element elementor-element-771b188 elementor-widget elementor-widget-spacer\" data-id=\"771b188\" data-element_type=\"widget\" data-e-type=\"widget\" data-widget_type=\"spacer.default\">\n\t\t\t\t<div class=\"elementor-widget-container\">\n\t\t\t\t\t\t\t<div class=\"elementor-spacer\">\n\t\t\t<div class=\"elementor-spacer-inner\"><\/div>\n\t\t<\/div>\n\t\t\t\t\t\t<\/div>\n\t\t\t\t<\/div>\n\t\t\t\t<div class=\"elementor-element elementor-element-fb7a2eb elementor-widget elementor-widget-text-editor\" data-id=\"fb7a2eb\" data-element_type=\"widget\" data-e-type=\"widget\" data-widget_type=\"text-editor.default\">\n\t\t\t\t<div class=\"elementor-widget-container\">\n\t\t\t\t\t\t\t\t\t<p>Pendant la r\u00e9alisation d\u2019un travail d\u2019\u00e9quipe, il peut arriver que des conflits \u00e9clatent. Comment faire face \u00e0 ces situations et comment les \u00e9viter? Ce petit guide con\u00e7u par le c\u00e9gep de Sainte-Foy peut t\u2019aider.<\/p>\t\t\t\t\t\t\t\t<\/div>\n\t\t\t\t<\/div>\n\t\t\t\t<div class=\"elementor-element elementor-element-38be198 elementor-widget elementor-widget-spacer\" data-id=\"38be198\" data-element_type=\"widget\" data-e-type=\"widget\" data-widget_type=\"spacer.default\">\n\t\t\t\t<div class=\"elementor-widget-container\">\n\t\t\t\t\t\t\t<div class=\"elementor-spacer\">\n\t\t\t<div class=\"elementor-spacer-inner\"><\/div>\n\t\t<\/div>\n\t\t\t\t\t\t<\/div>\n\t\t\t\t<\/div>\n\t\t\t\t<div class=\"elementor-element elementor-element-bd0bc49 elementor-icon-list--layout-traditional elementor-list-item-link-full_width elementor-widget elementor-widget-icon-list\" data-id=\"bd0bc49\" data-element_type=\"widget\" data-e-type=\"widget\" data-widget_type=\"icon-list.default\">\n\t\t\t\t<div class=\"elementor-widget-container\">\n\t\t\t\t\t\t\t<ul class=\"elementor-icon-list-items\">\n\t\t\t\t\t\t\t<li class=\"elementor-icon-list-item\">\n\t\t\t\t\t\t\t\t\t\t\t<a href=\"https:\/\/sites2.csfoy.ca\/fileadmin\/documents\/babillard\/Babillard\/2.Planifier\/Trousse-survie-travail-equipe.pdf\" target=\"_blank\">\n\n\t\t\t\t\t\t\t\t\t\t\t\t<span class=\"elementor-icon-list-icon\">\n\t\t\t\t\t\t\t<i aria-hidden=\"true\" class=\"fas fa-external-link-alt\"><\/i>\t\t\t\t\t\t<\/span>\n\t\t\t\t\t\t\t\t\t\t<span class=\"elementor-icon-list-text\">Trousse de survie au travail d'\u00e9quipe<\/span>\n\t\t\t\t\t\t\t\t\t\t\t<\/a>\n\t\t\t\t\t\t\t\t\t<\/li>\n\t\t\t\t\t\t<\/ul>\n\t\t\t\t\t\t<\/div>\n\t\t\t\t<\/div>\n\t\t\t\t<div class=\"elementor-element elementor-element-9ea2f5b elementor-widget elementor-widget-spacer\" data-id=\"9ea2f5b\" data-element_type=\"widget\" data-e-type=\"widget\" data-widget_type=\"spacer.default\">\n\t\t\t\t<div class=\"elementor-widget-container\">\n\t\t\t\t\t\t\t<div class=\"elementor-spacer\">\n\t\t\t<div class=\"elementor-spacer-inner\"><\/div>\n\t\t<\/div>\n\t\t\t\t\t\t<\/div>\n\t\t\t\t<\/div>\n\t\t\t\t<div class=\"elementor-element elementor-element-dbe8634 elementor-widget elementor-widget-heading\" data-id=\"dbe8634\" data-element_type=\"widget\" data-e-type=\"widget\" data-widget_type=\"heading.default\">\n\t\t\t\t<div class=\"elementor-widget-container\">\n\t\t\t\t\t<h2 class=\"elementor-heading-title elementor-size-default\">Collaborer \u00e0 distance avec Office 365<\/h2>\t\t\t\t<\/div>\n\t\t\t\t<\/div>\n\t\t\t\t<div class=\"elementor-element elementor-element-dcef207 elementor-widget elementor-widget-spacer\" data-id=\"dcef207\" data-element_type=\"widget\" data-e-type=\"widget\" data-widget_type=\"spacer.default\">\n\t\t\t\t<div class=\"elementor-widget-container\">\n\t\t\t\t\t\t\t<div class=\"elementor-spacer\">\n\t\t\t<div class=\"elementor-spacer-inner\"><\/div>\n\t\t<\/div>\n\t\t\t\t\t\t<\/div>\n\t\t\t\t<\/div>\n\t\t\t\t<div class=\"elementor-element elementor-element-1b0680d elementor-icon-list--layout-traditional elementor-list-item-link-full_width elementor-widget elementor-widget-icon-list\" data-id=\"1b0680d\" data-element_type=\"widget\" data-e-type=\"widget\" data-widget_type=\"icon-list.default\">\n\t\t\t\t<div class=\"elementor-widget-container\">\n\t\t\t\t\t\t\t<ul class=\"elementor-icon-list-items\">\n\t\t\t\t\t\t\t<li class=\"elementor-icon-list-item\">\n\t\t\t\t\t\t\t\t\t\t\t<a href=\"https:\/\/support.microsoft.com\/fr-fr\/office\/travailler-%C3%A0-distance-avec-microsoft-365-164946c8-a47a-470e-a0b4-feb12a2eea04#:~:text=Microsoft%20Teams%20et%20Microsoft%20365,avez%20besoin%20pour%20rester%20productif.\" target=\"_blank\">\n\n\t\t\t\t\t\t\t\t\t\t\t\t<span class=\"elementor-icon-list-icon\">\n\t\t\t\t\t\t\t<i aria-hidden=\"true\" class=\"fas fa-video\"><\/i>\t\t\t\t\t\t<\/span>\n\t\t\t\t\t\t\t\t\t\t<span class=\"elementor-icon-list-text\">Travailler \u00e0 distance avec Microsoft 365<\/span>\n\t\t\t\t\t\t\t\t\t\t\t<\/a>\n\t\t\t\t\t\t\t\t\t<\/li>\n\t\t\t\t\t\t<\/ul>\n\t\t\t\t\t\t<\/div>\n\t\t\t\t<\/div>\n\t\t\t\t<\/div>\n\t\t\t\t\t<\/div>\n\t\t\t\t<\/div>\n\t\t<div class=\"has_eae_slider elementor-element elementor-element-ae6cc99 e-flex e-con-boxed e-con e-parent\" data-eae-slider=\"85328\" data-id=\"ae6cc99\" data-element_type=\"container\" data-e-type=\"container\">\n\t\t\t\t\t<div class=\"e-con-inner\">\n\t\t\t\t\t<\/div>\n\t\t\t\t<\/div>\n\t\t\t\t<\/div>\n\t\t","protected":false},"excerpt":{"rendered":"<p>Pr\u00e9parer le travail d\u2019\u00e9quipe et la collaboration en ligne G\u00e9rer le travail d&rsquo;\u00e9quipe Pendant la r\u00e9alisation d\u2019un travail d\u2019\u00e9quipe, il peut arriver que des conflits \u00e9clatent. Comment faire face \u00e0 ces situations et comment les \u00e9viter? Ce petit guide con\u00e7u par le c\u00e9gep de Sainte-Foy peut t\u2019aider. Trousse de survie au travail d&rsquo;\u00e9quipe Collaborer \u00e0 [&hellip;]<\/p>\n","protected":false},"author":1,"featured_media":0,"parent":1344,"menu_order":0,"comment_status":"closed","ping_status":"closed","template":"","meta":{"_acf_changed":false,"footnotes":""},"class_list":["post-3065","page","type-page","status-publish","hentry"],"acf":[],"yoast_head":"<!-- This site is optimized with the Yoast SEO plugin v27.4 - https:\/\/yoast.com\/product\/yoast-seo-wordpress\/ -->\n<title>Travailler en \u00e9quipe - La Zone \u00e9tudiante du C\u00e9gep de la Gasp\u00e9sie et des \u00celes<\/title>\n<meta name=\"robots\" content=\"index, follow, max-snippet:-1, max-image-preview:large, max-video-preview:-1\" \/>\n<link rel=\"canonical\" href=\"https:\/\/cegepgim.ca\/zoneetudiante\/ressources-et-outils\/accompagnement-aux-apprentissages\/ressources-methodologiques\/travailler-en-equipe\/\" \/>\n<meta property=\"og:locale\" content=\"fr_FR\" \/>\n<meta property=\"og:type\" content=\"article\" \/>\n<meta property=\"og:title\" content=\"Travailler en \u00e9quipe - La Zone \u00e9tudiante du C\u00e9gep de la Gasp\u00e9sie et des \u00celes\" \/>\n<meta property=\"og:description\" content=\"Pr\u00e9parer le travail d\u2019\u00e9quipe et la collaboration en ligne G\u00e9rer le travail d&rsquo;\u00e9quipe Pendant la r\u00e9alisation d\u2019un travail d\u2019\u00e9quipe, il peut arriver que des conflits \u00e9clatent. Comment faire face \u00e0 ces situations et comment les \u00e9viter? Ce petit guide con\u00e7u par le c\u00e9gep de Sainte-Foy peut t\u2019aider. Trousse de survie au travail d&rsquo;\u00e9quipe Collaborer \u00e0 [&hellip;]\" \/>\n<meta property=\"og:url\" content=\"https:\/\/cegepgim.ca\/zoneetudiante\/ressources-et-outils\/accompagnement-aux-apprentissages\/ressources-methodologiques\/travailler-en-equipe\/\" \/>\n<meta property=\"og:site_name\" content=\"La Zone \u00e9tudiante du C\u00e9gep de la Gasp\u00e9sie et des \u00celes\" \/>\n<meta property=\"article:modified_time\" content=\"2024-08-29T12:36:10+00:00\" \/>\n<meta name=\"twitter:card\" content=\"summary_large_image\" \/>\n<meta name=\"twitter:label1\" content=\"Dur\u00e9e de lecture estim\u00e9e\" \/>\n\t<meta name=\"twitter:data1\" content=\"1 minute\" \/>\n<script type=\"application\/ld+json\" class=\"yoast-schema-graph\">{\"@context\":\"https:\\\/\\\/schema.org\",\"@graph\":[{\"@type\":\"WebPage\",\"@id\":\"https:\\\/\\\/cegepgim.ca\\\/zoneetudiante\\\/ressources-et-outils\\\/accompagnement-aux-apprentissages\\\/ressources-methodologiques\\\/travailler-en-equipe\\\/\",\"url\":\"https:\\\/\\\/cegepgim.ca\\\/zoneetudiante\\\/ressources-et-outils\\\/accompagnement-aux-apprentissages\\\/ressources-methodologiques\\\/travailler-en-equipe\\\/\",\"name\":\"Travailler en \u00e9quipe - La Zone \u00e9tudiante du C\u00e9gep de la Gasp\u00e9sie et des \u00celes\",\"isPartOf\":{\"@id\":\"https:\\\/\\\/cegepgim.ca\\\/zoneetudiante\\\/#website\"},\"datePublished\":\"2024-01-26T18:08:39+00:00\",\"dateModified\":\"2024-08-29T12:36:10+00:00\",\"breadcrumb\":{\"@id\":\"https:\\\/\\\/cegepgim.ca\\\/zoneetudiante\\\/ressources-et-outils\\\/accompagnement-aux-apprentissages\\\/ressources-methodologiques\\\/travailler-en-equipe\\\/#breadcrumb\"},\"inLanguage\":\"fr-FR\",\"potentialAction\":[{\"@type\":\"ReadAction\",\"target\":[\"https:\\\/\\\/cegepgim.ca\\\/zoneetudiante\\\/ressources-et-outils\\\/accompagnement-aux-apprentissages\\\/ressources-methodologiques\\\/travailler-en-equipe\\\/\"]}]},{\"@type\":\"BreadcrumbList\",\"@id\":\"https:\\\/\\\/cegepgim.ca\\\/zoneetudiante\\\/ressources-et-outils\\\/accompagnement-aux-apprentissages\\\/ressources-methodologiques\\\/travailler-en-equipe\\\/#breadcrumb\",\"itemListElement\":[{\"@type\":\"ListItem\",\"position\":1,\"name\":\"La Zone \u00e9tudiante\",\"item\":\"https:\\\/\\\/cegepgim.ca\\\/zoneetudiante\\\/\"},{\"@type\":\"ListItem\",\"position\":2,\"name\":\"Ressources et outils\",\"item\":\"https:\\\/\\\/cegepgim.ca\\\/zoneetudiante\\\/resources-and-tools\\\/\"},{\"@type\":\"ListItem\",\"position\":3,\"name\":\"Accompagnement aux apprentissages\",\"item\":\"https:\\\/\\\/cegepgim.ca\\\/zoneetudiante\\\/ressources-et-outils\\\/accompagnement-aux-apprentissages\\\/\"},{\"@type\":\"ListItem\",\"position\":4,\"name\":\"Ressources m\u00e9thodologiques\",\"item\":\"https:\\\/\\\/cegepgim.ca\\\/zoneetudiante\\\/ressources-et-outils\\\/accompagnement-aux-apprentissages\\\/ressources-methodologiques\\\/\"},{\"@type\":\"ListItem\",\"position\":5,\"name\":\"Travailler en \u00e9quipe\"}]},{\"@type\":\"WebSite\",\"@id\":\"https:\\\/\\\/cegepgim.ca\\\/zoneetudiante\\\/#website\",\"url\":\"https:\\\/\\\/cegepgim.ca\\\/zoneetudiante\\\/\",\"name\":\"La Zone \u00e9tudiante du C\u00e9gep de la Gasp\u00e9sie et des \u00celes\",\"description\":\"Ton aventure commence ici!\",\"publisher\":{\"@id\":\"https:\\\/\\\/cegepgim.ca\\\/zoneetudiante\\\/#organization\"},\"potentialAction\":[{\"@type\":\"SearchAction\",\"target\":{\"@type\":\"EntryPoint\",\"urlTemplate\":\"https:\\\/\\\/cegepgim.ca\\\/zoneetudiante\\\/?s={search_term_string}\"},\"query-input\":{\"@type\":\"PropertyValueSpecification\",\"valueRequired\":true,\"valueName\":\"search_term_string\"}}],\"inLanguage\":\"fr-FR\"},{\"@type\":\"Organization\",\"@id\":\"https:\\\/\\\/cegepgim.ca\\\/zoneetudiante\\\/#organization\",\"name\":\"La Zone \u00e9tudiante du C\u00e9gep de la Gasp\u00e9sie et des \u00celes\",\"url\":\"https:\\\/\\\/cegepgim.ca\\\/zoneetudiante\\\/\",\"logo\":{\"@type\":\"ImageObject\",\"inLanguage\":\"fr-FR\",\"@id\":\"https:\\\/\\\/cegepgim.ca\\\/zoneetudiante\\\/#\\\/schema\\\/logo\\\/image\\\/\",\"url\":\"https:\\\/\\\/cegepgim.ca\\\/zoneetudiante\\\/wp-content\\\/uploads\\\/ImageDePartage-01.jpg\",\"contentUrl\":\"https:\\\/\\\/cegepgim.ca\\\/zoneetudiante\\\/wp-content\\\/uploads\\\/ImageDePartage-01.jpg\",\"width\":1200,\"height\":630,\"caption\":\"La Zone \u00e9tudiante du C\u00e9gep de la Gasp\u00e9sie et des \u00celes\"},\"image\":{\"@id\":\"https:\\\/\\\/cegepgim.ca\\\/zoneetudiante\\\/#\\\/schema\\\/logo\\\/image\\\/\"}}]}<\/script>\n<!-- \/ Yoast SEO plugin. -->","yoast_head_json":{"title":"Travailler en \u00e9quipe - La Zone \u00e9tudiante du C\u00e9gep de la Gasp\u00e9sie et des \u00celes","robots":{"index":"index","follow":"follow","max-snippet":"max-snippet:-1","max-image-preview":"max-image-preview:large","max-video-preview":"max-video-preview:-1"},"canonical":"https:\/\/cegepgim.ca\/zoneetudiante\/ressources-et-outils\/accompagnement-aux-apprentissages\/ressources-methodologiques\/travailler-en-equipe\/","og_locale":"fr_FR","og_type":"article","og_title":"Travailler en \u00e9quipe - La Zone \u00e9tudiante du C\u00e9gep de la Gasp\u00e9sie et des \u00celes","og_description":"Pr\u00e9parer le travail d\u2019\u00e9quipe et la collaboration en ligne G\u00e9rer le travail d&rsquo;\u00e9quipe Pendant la r\u00e9alisation d\u2019un travail d\u2019\u00e9quipe, il peut arriver que des conflits \u00e9clatent. Comment faire face \u00e0 ces situations et comment les \u00e9viter? Ce petit guide con\u00e7u par le c\u00e9gep de Sainte-Foy peut t\u2019aider. Trousse de survie au travail d&rsquo;\u00e9quipe Collaborer \u00e0 [&hellip;]","og_url":"https:\/\/cegepgim.ca\/zoneetudiante\/ressources-et-outils\/accompagnement-aux-apprentissages\/ressources-methodologiques\/travailler-en-equipe\/","og_site_name":"La Zone \u00e9tudiante du C\u00e9gep de la Gasp\u00e9sie et des \u00celes","article_modified_time":"2024-08-29T12:36:10+00:00","twitter_card":"summary_large_image","twitter_misc":{"Dur\u00e9e de lecture estim\u00e9e":"1 minute"},"schema":{"@context":"https:\/\/schema.org","@graph":[{"@type":"WebPage","@id":"https:\/\/cegepgim.ca\/zoneetudiante\/ressources-et-outils\/accompagnement-aux-apprentissages\/ressources-methodologiques\/travailler-en-equipe\/","url":"https:\/\/cegepgim.ca\/zoneetudiante\/ressources-et-outils\/accompagnement-aux-apprentissages\/ressources-methodologiques\/travailler-en-equipe\/","name":"Travailler en \u00e9quipe - La Zone \u00e9tudiante du C\u00e9gep de la Gasp\u00e9sie et des \u00celes","isPartOf":{"@id":"https:\/\/cegepgim.ca\/zoneetudiante\/#website"},"datePublished":"2024-01-26T18:08:39+00:00","dateModified":"2024-08-29T12:36:10+00:00","breadcrumb":{"@id":"https:\/\/cegepgim.ca\/zoneetudiante\/ressources-et-outils\/accompagnement-aux-apprentissages\/ressources-methodologiques\/travailler-en-equipe\/#breadcrumb"},"inLanguage":"fr-FR","potentialAction":[{"@type":"ReadAction","target":["https:\/\/cegepgim.ca\/zoneetudiante\/ressources-et-outils\/accompagnement-aux-apprentissages\/ressources-methodologiques\/travailler-en-equipe\/"]}]},{"@type":"BreadcrumbList","@id":"https:\/\/cegepgim.ca\/zoneetudiante\/ressources-et-outils\/accompagnement-aux-apprentissages\/ressources-methodologiques\/travailler-en-equipe\/#breadcrumb","itemListElement":[{"@type":"ListItem","position":1,"name":"La Zone \u00e9tudiante","item":"https:\/\/cegepgim.ca\/zoneetudiante\/"},{"@type":"ListItem","position":2,"name":"Ressources et outils","item":"https:\/\/cegepgim.ca\/zoneetudiante\/resources-and-tools\/"},{"@type":"ListItem","position":3,"name":"Accompagnement aux apprentissages","item":"https:\/\/cegepgim.ca\/zoneetudiante\/ressources-et-outils\/accompagnement-aux-apprentissages\/"},{"@type":"ListItem","position":4,"name":"Ressources m\u00e9thodologiques","item":"https:\/\/cegepgim.ca\/zoneetudiante\/ressources-et-outils\/accompagnement-aux-apprentissages\/ressources-methodologiques\/"},{"@type":"ListItem","position":5,"name":"Travailler en \u00e9quipe"}]},{"@type":"WebSite","@id":"https:\/\/cegepgim.ca\/zoneetudiante\/#website","url":"https:\/\/cegepgim.ca\/zoneetudiante\/","name":"La Zone \u00e9tudiante du C\u00e9gep de la Gasp\u00e9sie et des \u00celes","description":"Ton aventure commence ici!","publisher":{"@id":"https:\/\/cegepgim.ca\/zoneetudiante\/#organization"},"potentialAction":[{"@type":"SearchAction","target":{"@type":"EntryPoint","urlTemplate":"https:\/\/cegepgim.ca\/zoneetudiante\/?s={search_term_string}"},"query-input":{"@type":"PropertyValueSpecification","valueRequired":true,"valueName":"search_term_string"}}],"inLanguage":"fr-FR"},{"@type":"Organization","@id":"https:\/\/cegepgim.ca\/zoneetudiante\/#organization","name":"La Zone \u00e9tudiante du C\u00e9gep de la Gasp\u00e9sie et des \u00celes","url":"https:\/\/cegepgim.ca\/zoneetudiante\/","logo":{"@type":"ImageObject","inLanguage":"fr-FR","@id":"https:\/\/cegepgim.ca\/zoneetudiante\/#\/schema\/logo\/image\/","url":"https:\/\/cegepgim.ca\/zoneetudiante\/wp-content\/uploads\/ImageDePartage-01.jpg","contentUrl":"https:\/\/cegepgim.ca\/zoneetudiante\/wp-content\/uploads\/ImageDePartage-01.jpg","width":1200,"height":630,"caption":"La Zone \u00e9tudiante du C\u00e9gep de la Gasp\u00e9sie et des \u00celes"},"image":{"@id":"https:\/\/cegepgim.ca\/zoneetudiante\/#\/schema\/logo\/image\/"}}]}},"_links":{"self":[{"href":"https:\/\/cegepgim.ca\/zoneetudiante\/wp-json\/wp\/v2\/pages\/3065","targetHints":{"allow":["GET"]}}],"collection":[{"href":"https:\/\/cegepgim.ca\/zoneetudiante\/wp-json\/wp\/v2\/pages"}],"about":[{"href":"https:\/\/cegepgim.ca\/zoneetudiante\/wp-json\/wp\/v2\/types\/page"}],"author":[{"embeddable":true,"href":"https:\/\/cegepgim.ca\/zoneetudiante\/wp-json\/wp\/v2\/users\/1"}],"replies":[{"embeddable":true,"href":"https:\/\/cegepgim.ca\/zoneetudiante\/wp-json\/wp\/v2\/comments?post=3065"}],"version-history":[{"count":19,"href":"https:\/\/cegepgim.ca\/zoneetudiante\/wp-json\/wp\/v2\/pages\/3065\/revisions"}],"predecessor-version":[{"id":12125,"href":"https:\/\/cegepgim.ca\/zoneetudiante\/wp-json\/wp\/v2\/pages\/3065\/revisions\/12125"}],"up":[{"embeddable":true,"href":"https:\/\/cegepgim.ca\/zoneetudiante\/wp-json\/wp\/v2\/pages\/1344"}],"wp:attachment":[{"href":"https:\/\/cegepgim.ca\/zoneetudiante\/wp-json\/wp\/v2\/media?parent=3065"}],"curies":[{"name":"wp","href":"https:\/\/api.w.org\/{rel}","templated":true}]}}