{"id":152,"date":"2023-09-07T15:24:52","date_gmt":"2023-09-07T19:24:52","guid":{"rendered":"https:\/\/laboiteflexible.com\/staging\/lazoneetudiante\/?page_id=152"},"modified":"2024-04-26T09:45:14","modified_gmt":"2024-04-26T13:45:14","slug":"les-essentiels","status":"publish","type":"page","link":"https:\/\/cegepgim.ca\/zoneetudiante\/les-essentiels\/","title":{"rendered":"Infos essentielles"},"content":{"rendered":"","protected":false},"excerpt":{"rendered":"","protected":false},"author":1,"featured_media":0,"parent":0,"menu_order":0,"comment_status":"closed","ping_status":"closed","template":"","meta":{"_acf_changed":false,"footnotes":""},"class_list":["post-152","page","type-page","status-publish","hentry"],"acf":[],"yoast_head":"<!-- This site is optimized with the Yoast SEO plugin v27.3 - https:\/\/yoast.com\/product\/yoast-seo-wordpress\/ -->\n<title>Infos essentielles - La Zone \u00e9tudiante du C\u00e9gep de la Gasp\u00e9sie et des \u00celes<\/title>\n<meta name=\"robots\" content=\"index, follow, max-snippet:-1, max-image-preview:large, max-video-preview:-1\" \/>\n<link rel=\"canonical\" href=\"https:\/\/cegepgim.ca\/zoneetudiante\/les-essentiels\/\" \/>\n<meta property=\"og:locale\" content=\"fr_FR\" \/>\n<meta property=\"og:type\" content=\"article\" \/>\n<meta property=\"og:title\" content=\"Infos essentielles - La Zone \u00e9tudiante du C\u00e9gep de la Gasp\u00e9sie et des \u00celes\" \/>\n<meta property=\"og:url\" content=\"https:\/\/cegepgim.ca\/zoneetudiante\/les-essentiels\/\" \/>\n<meta property=\"og:site_name\" content=\"La Zone \u00e9tudiante du C\u00e9gep de la Gasp\u00e9sie et des \u00celes\" \/>\n<meta property=\"article:modified_time\" content=\"2024-04-26T13:45:14+00:00\" \/>\n<meta name=\"twitter:card\" content=\"summary_large_image\" \/>\n<script type=\"application\/ld+json\" class=\"yoast-schema-graph\">{\"@context\":\"https:\\\/\\\/schema.org\",\"@graph\":[{\"@type\":\"WebPage\",\"@id\":\"https:\\\/\\\/cegepgim.ca\\\/zoneetudiante\\\/les-essentiels\\\/\",\"url\":\"https:\\\/\\\/cegepgim.ca\\\/zoneetudiante\\\/les-essentiels\\\/\",\"name\":\"Infos essentielles - La Zone \u00e9tudiante du C\u00e9gep de la Gasp\u00e9sie et des \u00celes\",\"isPartOf\":{\"@id\":\"https:\\\/\\\/cegepgim.ca\\\/zoneetudiante\\\/#website\"},\"datePublished\":\"2023-09-07T19:24:52+00:00\",\"dateModified\":\"2024-04-26T13:45:14+00:00\",\"breadcrumb\":{\"@id\":\"https:\\\/\\\/cegepgim.ca\\\/zoneetudiante\\\/les-essentiels\\\/#breadcrumb\"},\"inLanguage\":\"fr-FR\",\"potentialAction\":[{\"@type\":\"ReadAction\",\"target\":[\"https:\\\/\\\/cegepgim.ca\\\/zoneetudiante\\\/les-essentiels\\\/\"]}]},{\"@type\":\"BreadcrumbList\",\"@id\":\"https:\\\/\\\/cegepgim.ca\\\/zoneetudiante\\\/les-essentiels\\\/#breadcrumb\",\"itemListElement\":[{\"@type\":\"ListItem\",\"position\":1,\"name\":\"La Zone \u00e9tudiante\",\"item\":\"https:\\\/\\\/cegepgim.ca\\\/zoneetudiante\\\/\"},{\"@type\":\"ListItem\",\"position\":2,\"name\":\"Infos essentielles\"}]},{\"@type\":\"WebSite\",\"@id\":\"https:\\\/\\\/cegepgim.ca\\\/zoneetudiante\\\/#website\",\"url\":\"https:\\\/\\\/cegepgim.ca\\\/zoneetudiante\\\/\",\"name\":\"La Zone \u00e9tudiante du C\u00e9gep de la Gasp\u00e9sie et des \u00celes\",\"description\":\"Ton aventure commence ici!\",\"publisher\":{\"@id\":\"https:\\\/\\\/cegepgim.ca\\\/zoneetudiante\\\/#organization\"},\"potentialAction\":[{\"@type\":\"SearchAction\",\"target\":{\"@type\":\"EntryPoint\",\"urlTemplate\":\"https:\\\/\\\/cegepgim.ca\\\/zoneetudiante\\\/?s={search_term_string}\"},\"query-input\":{\"@type\":\"PropertyValueSpecification\",\"valueRequired\":true,\"valueName\":\"search_term_string\"}}],\"inLanguage\":\"fr-FR\"},{\"@type\":\"Organization\",\"@id\":\"https:\\\/\\\/cegepgim.ca\\\/zoneetudiante\\\/#organization\",\"name\":\"La Zone \u00e9tudiante du C\u00e9gep de la Gasp\u00e9sie et des \u00celes\",\"url\":\"https:\\\/\\\/cegepgim.ca\\\/zoneetudiante\\\/\",\"logo\":{\"@type\":\"ImageObject\",\"inLanguage\":\"fr-FR\",\"@id\":\"https:\\\/\\\/cegepgim.ca\\\/zoneetudiante\\\/#\\\/schema\\\/logo\\\/image\\\/\",\"url\":\"https:\\\/\\\/cegepgim.ca\\\/zoneetudiante\\\/wp-content\\\/uploads\\\/ImageDePartage-01.jpg\",\"contentUrl\":\"https:\\\/\\\/cegepgim.ca\\\/zoneetudiante\\\/wp-content\\\/uploads\\\/ImageDePartage-01.jpg\",\"width\":1200,\"height\":630,\"caption\":\"La Zone \u00e9tudiante du C\u00e9gep de la Gasp\u00e9sie et des \u00celes\"},\"image\":{\"@id\":\"https:\\\/\\\/cegepgim.ca\\\/zoneetudiante\\\/#\\\/schema\\\/logo\\\/image\\\/\"}}]}<\/script>\n<!-- \/ Yoast SEO plugin. -->","yoast_head_json":{"title":"Infos essentielles - La Zone \u00e9tudiante du C\u00e9gep de la Gasp\u00e9sie et des \u00celes","robots":{"index":"index","follow":"follow","max-snippet":"max-snippet:-1","max-image-preview":"max-image-preview:large","max-video-preview":"max-video-preview:-1"},"canonical":"https:\/\/cegepgim.ca\/zoneetudiante\/les-essentiels\/","og_locale":"fr_FR","og_type":"article","og_title":"Infos essentielles - La Zone \u00e9tudiante du C\u00e9gep de la Gasp\u00e9sie et des \u00celes","og_url":"https:\/\/cegepgim.ca\/zoneetudiante\/les-essentiels\/","og_site_name":"La Zone \u00e9tudiante du C\u00e9gep de la Gasp\u00e9sie et des \u00celes","article_modified_time":"2024-04-26T13:45:14+00:00","twitter_card":"summary_large_image","schema":{"@context":"https:\/\/schema.org","@graph":[{"@type":"WebPage","@id":"https:\/\/cegepgim.ca\/zoneetudiante\/les-essentiels\/","url":"https:\/\/cegepgim.ca\/zoneetudiante\/les-essentiels\/","name":"Infos essentielles - La Zone \u00e9tudiante du C\u00e9gep de la Gasp\u00e9sie et des \u00celes","isPartOf":{"@id":"https:\/\/cegepgim.ca\/zoneetudiante\/#website"},"datePublished":"2023-09-07T19:24:52+00:00","dateModified":"2024-04-26T13:45:14+00:00","breadcrumb":{"@id":"https:\/\/cegepgim.ca\/zoneetudiante\/les-essentiels\/#breadcrumb"},"inLanguage":"fr-FR","potentialAction":[{"@type":"ReadAction","target":["https:\/\/cegepgim.ca\/zoneetudiante\/les-essentiels\/"]}]},{"@type":"BreadcrumbList","@id":"https:\/\/cegepgim.ca\/zoneetudiante\/les-essentiels\/#breadcrumb","itemListElement":[{"@type":"ListItem","position":1,"name":"La Zone \u00e9tudiante","item":"https:\/\/cegepgim.ca\/zoneetudiante\/"},{"@type":"ListItem","position":2,"name":"Infos essentielles"}]},{"@type":"WebSite","@id":"https:\/\/cegepgim.ca\/zoneetudiante\/#website","url":"https:\/\/cegepgim.ca\/zoneetudiante\/","name":"La Zone \u00e9tudiante du C\u00e9gep de la Gasp\u00e9sie et des \u00celes","description":"Ton aventure commence ici!","publisher":{"@id":"https:\/\/cegepgim.ca\/zoneetudiante\/#organization"},"potentialAction":[{"@type":"SearchAction","target":{"@type":"EntryPoint","urlTemplate":"https:\/\/cegepgim.ca\/zoneetudiante\/?s={search_term_string}"},"query-input":{"@type":"PropertyValueSpecification","valueRequired":true,"valueName":"search_term_string"}}],"inLanguage":"fr-FR"},{"@type":"Organization","@id":"https:\/\/cegepgim.ca\/zoneetudiante\/#organization","name":"La Zone \u00e9tudiante du C\u00e9gep de la Gasp\u00e9sie et des \u00celes","url":"https:\/\/cegepgim.ca\/zoneetudiante\/","logo":{"@type":"ImageObject","inLanguage":"fr-FR","@id":"https:\/\/cegepgim.ca\/zoneetudiante\/#\/schema\/logo\/image\/","url":"https:\/\/cegepgim.ca\/zoneetudiante\/wp-content\/uploads\/ImageDePartage-01.jpg","contentUrl":"https:\/\/cegepgim.ca\/zoneetudiante\/wp-content\/uploads\/ImageDePartage-01.jpg","width":1200,"height":630,"caption":"La Zone \u00e9tudiante du C\u00e9gep de la Gasp\u00e9sie et des \u00celes"},"image":{"@id":"https:\/\/cegepgim.ca\/zoneetudiante\/#\/schema\/logo\/image\/"}}]}},"_links":{"self":[{"href":"https:\/\/cegepgim.ca\/zoneetudiante\/wp-json\/wp\/v2\/pages\/152","targetHints":{"allow":["GET"]}}],"collection":[{"href":"https:\/\/cegepgim.ca\/zoneetudiante\/wp-json\/wp\/v2\/pages"}],"about":[{"href":"https:\/\/cegepgim.ca\/zoneetudiante\/wp-json\/wp\/v2\/types\/page"}],"author":[{"embeddable":true,"href":"https:\/\/cegepgim.ca\/zoneetudiante\/wp-json\/wp\/v2\/users\/1"}],"replies":[{"embeddable":true,"href":"https:\/\/cegepgim.ca\/zoneetudiante\/wp-json\/wp\/v2\/comments?post=152"}],"version-history":[{"count":1,"href":"https:\/\/cegepgim.ca\/zoneetudiante\/wp-json\/wp\/v2\/pages\/152\/revisions"}],"predecessor-version":[{"id":5954,"href":"https:\/\/cegepgim.ca\/zoneetudiante\/wp-json\/wp\/v2\/pages\/152\/revisions\/5954"}],"wp:attachment":[{"href":"https:\/\/cegepgim.ca\/zoneetudiante\/wp-json\/wp\/v2\/media?parent=152"}],"curies":[{"name":"wp","href":"https:\/\/api.w.org\/{rel}","templated":true}]}}