{"id":13495,"date":"2024-10-15T16:23:47","date_gmt":"2024-10-15T20:23:47","guid":{"rendered":"https:\/\/cegepgim.ca\/zoneetudiante\/?page_id=13495"},"modified":"2024-10-16T10:23:49","modified_gmt":"2024-10-16T14:23:49","slug":"information-par-campus","status":"publish","type":"page","link":"https:\/\/cegepgim.ca\/zoneetudiante\/ressources-et-outils\/bibliotheques\/information-par-campus\/","title":{"rendered":"Information par campus"},"content":{"rendered":"\t\t<div data-elementor-type=\"wp-page\" data-elementor-id=\"13495\" class=\"elementor elementor-13495\" data-elementor-post-type=\"page\">\n\t\t\t\t<div class=\"has_eae_slider elementor-element elementor-element-88cef9d e-flex e-con-boxed e-con e-parent\" data-eae-slider=\"16950\" data-id=\"88cef9d\" data-element_type=\"container\" data-e-type=\"container\">\n\t\t\t\t\t<div class=\"e-con-inner\">\n\t\t\t\t<div class=\"elementor-element elementor-element-e6b2229 elementor-widget elementor-widget-text-editor\" data-id=\"e6b2229\" data-element_type=\"widget\" data-e-type=\"widget\" data-widget_type=\"text-editor.default\">\n\t\t\t\t<div class=\"elementor-widget-container\">\n\t\t\t\t\t\t\t\t\t<p>Chacune des biblioth\u00e8ques du C\u00e9gep offre un service adapt\u00e9 \u00e0 la r\u00e9alit\u00e9 du campus. D\u00e9couvre l\u2019horaire, les coordonn\u00e9es et les services offerts par ta biblioth\u00e8que ainsi que de la documentation en lien avec les formations qui y sont offertes.<\/p>\t\t\t\t\t\t\t\t<\/div>\n\t\t\t\t<\/div>\n\t\t<div class=\"has_eae_slider elementor-element elementor-element-ab15b46 e-con-full e-flex e-con e-child\" data-eae-slider=\"86958\" data-id=\"ab15b46\" data-element_type=\"container\" data-e-type=\"container\">\n\t\t\t\t<div class=\"elementor-element elementor-element-9477e48 elementor-widget elementor-widget-image\" data-id=\"9477e48\" data-element_type=\"widget\" data-e-type=\"widget\" data-widget_type=\"image.default\">\n\t\t\t\t<div class=\"elementor-widget-container\">\n\t\t\t\t\t\t\t\t\t\t\t\t<figure class=\"wp-caption\">\n\t\t\t\t\t\t\t\t\t\t\t<a href=\"https:\/\/cegepgim.ca\/bibliotheque\/campus-de-carleton-sur-mer\/\" target=\"_blank\">\n\t\t\t\t\t\t\t<img fetchpriority=\"high\" decoding=\"async\" width=\"300\" height=\"200\" src=\"https:\/\/cegepgim.ca\/zoneetudiante\/wp-content\/uploads\/2019_facadefacealamontagne_roger_stlaurent-1400x933-1-300x200.jpg\" class=\"attachment-medium size-medium wp-image-1037\" alt=\"\" srcset=\"https:\/\/cegepgim.ca\/zoneetudiante\/wp-content\/uploads\/2019_facadefacealamontagne_roger_stlaurent-1400x933-1-300x200.jpg 300w, https:\/\/cegepgim.ca\/zoneetudiante\/wp-content\/uploads\/2019_facadefacealamontagne_roger_stlaurent-1400x933-1-1024x682.jpg 1024w, https:\/\/cegepgim.ca\/zoneetudiante\/wp-content\/uploads\/2019_facadefacealamontagne_roger_stlaurent-1400x933-1-768x512.jpg 768w, https:\/\/cegepgim.ca\/zoneetudiante\/wp-content\/uploads\/2019_facadefacealamontagne_roger_stlaurent-1400x933-1-18x12.jpg 18w, https:\/\/cegepgim.ca\/zoneetudiante\/wp-content\/uploads\/2019_facadefacealamontagne_roger_stlaurent-1400x933-1.jpg 1400w\" sizes=\"(max-width: 300px) 100vw, 300px\" \/>\t\t\t\t\t\t\t\t<\/a>\n\t\t\t\t\t\t\t\t\t\t\t<figcaption class=\"widget-image-caption wp-caption-text\">Campus de Carleton-sur-Mer<\/figcaption>\n\t\t\t\t\t\t\t\t\t\t<\/figure>\n\t\t\t\t\t\t\t\t\t<\/div>\n\t\t\t\t<\/div>\n\t\t\t\t<div class=\"elementor-element elementor-element-843c0f7 elementor-widget elementor-widget-image\" data-id=\"843c0f7\" data-element_type=\"widget\" data-e-type=\"widget\" data-widget_type=\"image.default\">\n\t\t\t\t<div class=\"elementor-widget-container\">\n\t\t\t\t\t\t\t\t\t\t\t\t<figure class=\"wp-caption\">\n\t\t\t\t\t\t\t\t\t\t\t<a href=\"https:\/\/cegepgim.ca\/bibliotheque\/campus-de-gaspe\/\" target=\"_blank\">\n\t\t\t\t\t\t\t<img decoding=\"async\" width=\"300\" height=\"200\" src=\"https:\/\/cegepgim.ca\/zoneetudiante\/wp-content\/uploads\/2010_batiment_charlesbilodeau-1400x933-1-300x200.jpg\" class=\"attachment-medium size-medium wp-image-1035\" alt=\"\" srcset=\"https:\/\/cegepgim.ca\/zoneetudiante\/wp-content\/uploads\/2010_batiment_charlesbilodeau-1400x933-1-300x200.jpg 300w, https:\/\/cegepgim.ca\/zoneetudiante\/wp-content\/uploads\/2010_batiment_charlesbilodeau-1400x933-1-1024x682.jpg 1024w, https:\/\/cegepgim.ca\/zoneetudiante\/wp-content\/uploads\/2010_batiment_charlesbilodeau-1400x933-1-768x512.jpg 768w, https:\/\/cegepgim.ca\/zoneetudiante\/wp-content\/uploads\/2010_batiment_charlesbilodeau-1400x933-1-18x12.jpg 18w, https:\/\/cegepgim.ca\/zoneetudiante\/wp-content\/uploads\/2010_batiment_charlesbilodeau-1400x933-1.jpg 1400w\" sizes=\"(max-width: 300px) 100vw, 300px\" \/>\t\t\t\t\t\t\t\t<\/a>\n\t\t\t\t\t\t\t\t\t\t\t<figcaption class=\"widget-image-caption wp-caption-text\">Campus de Gasp\u00e9<\/figcaption>\n\t\t\t\t\t\t\t\t\t\t<\/figure>\n\t\t\t\t\t\t\t\t\t<\/div>\n\t\t\t\t<\/div>\n\t\t\t\t<div class=\"elementor-element elementor-element-2ee3ae7 elementor-widget elementor-widget-image\" data-id=\"2ee3ae7\" data-element_type=\"widget\" data-e-type=\"widget\" data-widget_type=\"image.default\">\n\t\t\t\t<div class=\"elementor-widget-container\">\n\t\t\t\t\t\t\t\t\t\t\t\t<figure class=\"wp-caption\">\n\t\t\t\t\t\t\t\t\t\t\t<a href=\"https:\/\/cegepgim.ca\/bibliotheque\/campus-des-iles-de-la-madeleine\/\" target=\"_blank\">\n\t\t\t\t\t\t\t<img decoding=\"async\" width=\"300\" height=\"200\" src=\"https:\/\/cegepgim.ca\/zoneetudiante\/wp-content\/uploads\/campus_iles_creditmeggyturbide-1400x933-1-300x200.jpg\" class=\"attachment-medium size-medium wp-image-1038\" alt=\"\" srcset=\"https:\/\/cegepgim.ca\/zoneetudiante\/wp-content\/uploads\/campus_iles_creditmeggyturbide-1400x933-1-300x200.jpg 300w, https:\/\/cegepgim.ca\/zoneetudiante\/wp-content\/uploads\/campus_iles_creditmeggyturbide-1400x933-1-1024x682.jpg 1024w, https:\/\/cegepgim.ca\/zoneetudiante\/wp-content\/uploads\/campus_iles_creditmeggyturbide-1400x933-1-768x512.jpg 768w, https:\/\/cegepgim.ca\/zoneetudiante\/wp-content\/uploads\/campus_iles_creditmeggyturbide-1400x933-1-18x12.jpg 18w, https:\/\/cegepgim.ca\/zoneetudiante\/wp-content\/uploads\/campus_iles_creditmeggyturbide-1400x933-1.jpg 1400w\" sizes=\"(max-width: 300px) 100vw, 300px\" \/>\t\t\t\t\t\t\t\t<\/a>\n\t\t\t\t\t\t\t\t\t\t\t<figcaption class=\"widget-image-caption wp-caption-text\">Campus des<\/br>\u00celes-de-la-Madeleine<\/figcaption>\n\t\t\t\t\t\t\t\t\t\t<\/figure>\n\t\t\t\t\t\t\t\t\t<\/div>\n\t\t\t\t<\/div>\n\t\t\t\t<div class=\"elementor-element elementor-element-484317c elementor-widget elementor-widget-image\" data-id=\"484317c\" data-element_type=\"widget\" data-e-type=\"widget\" data-widget_type=\"image.default\">\n\t\t\t\t<div class=\"elementor-widget-container\">\n\t\t\t\t\t\t\t\t\t\t\t\t<figure class=\"wp-caption\">\n\t\t\t\t\t\t\t\t\t\t\t<a href=\"https:\/\/cegepgim.ca\/bibliotheque\/epaq\/\" target=\"_blank\">\n\t\t\t\t\t\t\t<img loading=\"lazy\" decoding=\"async\" width=\"300\" height=\"225\" src=\"https:\/\/cegepgim.ca\/zoneetudiante\/wp-content\/uploads\/processed-DCCB88DA-0C28-4D05-97DF-2289AE8E1D7B-2-003-300x225.jpg\" class=\"attachment-medium size-medium wp-image-13245\" alt=\"\" srcset=\"https:\/\/cegepgim.ca\/zoneetudiante\/wp-content\/uploads\/processed-DCCB88DA-0C28-4D05-97DF-2289AE8E1D7B-2-003-300x225.jpg 300w, https:\/\/cegepgim.ca\/zoneetudiante\/wp-content\/uploads\/processed-DCCB88DA-0C28-4D05-97DF-2289AE8E1D7B-2-003-1024x768.jpg 1024w, https:\/\/cegepgim.ca\/zoneetudiante\/wp-content\/uploads\/processed-DCCB88DA-0C28-4D05-97DF-2289AE8E1D7B-2-003-768x576.jpg 768w, https:\/\/cegepgim.ca\/zoneetudiante\/wp-content\/uploads\/processed-DCCB88DA-0C28-4D05-97DF-2289AE8E1D7B-2-003-1536x1152.jpg 1536w, https:\/\/cegepgim.ca\/zoneetudiante\/wp-content\/uploads\/processed-DCCB88DA-0C28-4D05-97DF-2289AE8E1D7B-2-003-2048x1536.jpg 2048w\" sizes=\"(max-width: 300px) 100vw, 300px\" \/>\t\t\t\t\t\t\t\t<\/a>\n\t\t\t\t\t\t\t\t\t\t\t<figcaption class=\"widget-image-caption wp-caption-text\">\u00c9cole des p\u00eaches et de<\/br> l'aquaculture du Qu\u00e9bec<\/figcaption>\n\t\t\t\t\t\t\t\t\t\t<\/figure>\n\t\t\t\t\t\t\t\t\t<\/div>\n\t\t\t\t<\/div>\n\t\t\t\t<\/div>\n\t\t\t\t\t<\/div>\n\t\t\t\t<\/div>\n\t\t<div class=\"has_eae_slider elementor-element elementor-element-17b0b7b e-flex e-con-boxed e-con e-parent\" data-eae-slider=\"27345\" data-id=\"17b0b7b\" data-element_type=\"container\" data-e-type=\"container\">\n\t\t\t\t\t<div class=\"e-con-inner\">\n\t\t\t\t\t<\/div>\n\t\t\t\t<\/div>\n\t\t\t\t<\/div>\n\t\t","protected":false},"excerpt":{"rendered":"<p>Chacune des biblioth\u00e8ques du C\u00e9gep offre un service adapt\u00e9 \u00e0 la r\u00e9alit\u00e9 du campus. D\u00e9couvre l\u2019horaire, les coordonn\u00e9es et les services offerts par ta biblioth\u00e8que ainsi que de la documentation en lien avec les formations qui y sont offertes. Campus de Carleton-sur-Mer Campus de Gasp\u00e9 Campus des\u00celes-de-la-Madeleine \u00c9cole des p\u00eaches et de l&rsquo;aquaculture du Qu\u00e9bec<\/p>\n","protected":false},"author":2,"featured_media":0,"parent":1348,"menu_order":0,"comment_status":"closed","ping_status":"closed","template":"","meta":{"_acf_changed":false,"footnotes":""},"class_list":["post-13495","page","type-page","status-publish","hentry"],"acf":[],"yoast_head":"<!-- This site is optimized with the Yoast SEO plugin v27.3 - https:\/\/yoast.com\/product\/yoast-seo-wordpress\/ -->\n<title>Information par campus - La Zone \u00e9tudiante du C\u00e9gep de la Gasp\u00e9sie et des \u00celes<\/title>\n<meta name=\"robots\" content=\"index, follow, max-snippet:-1, max-image-preview:large, max-video-preview:-1\" \/>\n<link rel=\"canonical\" href=\"https:\/\/cegepgim.ca\/zoneetudiante\/ressources-et-outils\/bibliotheques\/information-par-campus\/\" \/>\n<meta property=\"og:locale\" content=\"fr_FR\" \/>\n<meta property=\"og:type\" content=\"article\" \/>\n<meta property=\"og:title\" content=\"Information par campus - La Zone \u00e9tudiante du C\u00e9gep de la Gasp\u00e9sie et des \u00celes\" \/>\n<meta property=\"og:description\" content=\"Chacune des biblioth\u00e8ques du C\u00e9gep offre un service adapt\u00e9 \u00e0 la r\u00e9alit\u00e9 du campus. D\u00e9couvre l\u2019horaire, les coordonn\u00e9es et les services offerts par ta biblioth\u00e8que ainsi que de la documentation en lien avec les formations qui y sont offertes. Campus de Carleton-sur-Mer Campus de Gasp\u00e9 Campus des\u00celes-de-la-Madeleine \u00c9cole des p\u00eaches et de l&rsquo;aquaculture du Qu\u00e9bec\" \/>\n<meta property=\"og:url\" content=\"https:\/\/cegepgim.ca\/zoneetudiante\/ressources-et-outils\/bibliotheques\/information-par-campus\/\" \/>\n<meta property=\"og:site_name\" content=\"La Zone \u00e9tudiante du C\u00e9gep de la Gasp\u00e9sie et des \u00celes\" \/>\n<meta property=\"article:modified_time\" content=\"2024-10-16T14:23:49+00:00\" \/>\n<meta property=\"og:image\" content=\"https:\/\/cegepgim.ca\/zoneetudiante\/wp-content\/uploads\/2019_facadefacealamontagne_roger_stlaurent-1400x933-1-300x200.jpg\" \/>\n<meta name=\"twitter:card\" content=\"summary_large_image\" \/>\n<meta name=\"twitter:label1\" content=\"Dur\u00e9e de lecture estim\u00e9e\" \/>\n\t<meta name=\"twitter:data1\" content=\"2 minutes\" \/>\n<script type=\"application\/ld+json\" class=\"yoast-schema-graph\">{\"@context\":\"https:\\\/\\\/schema.org\",\"@graph\":[{\"@type\":\"WebPage\",\"@id\":\"https:\\\/\\\/cegepgim.ca\\\/zoneetudiante\\\/ressources-et-outils\\\/bibliotheques\\\/information-par-campus\\\/\",\"url\":\"https:\\\/\\\/cegepgim.ca\\\/zoneetudiante\\\/ressources-et-outils\\\/bibliotheques\\\/information-par-campus\\\/\",\"name\":\"Information par campus - La Zone \u00e9tudiante du C\u00e9gep de la Gasp\u00e9sie et des \u00celes\",\"isPartOf\":{\"@id\":\"https:\\\/\\\/cegepgim.ca\\\/zoneetudiante\\\/#website\"},\"primaryImageOfPage\":{\"@id\":\"https:\\\/\\\/cegepgim.ca\\\/zoneetudiante\\\/ressources-et-outils\\\/bibliotheques\\\/information-par-campus\\\/#primaryimage\"},\"image\":{\"@id\":\"https:\\\/\\\/cegepgim.ca\\\/zoneetudiante\\\/ressources-et-outils\\\/bibliotheques\\\/information-par-campus\\\/#primaryimage\"},\"thumbnailUrl\":\"https:\\\/\\\/cegepgim.ca\\\/zoneetudiante\\\/wp-content\\\/uploads\\\/2019_facadefacealamontagne_roger_stlaurent-1400x933-1-300x200.jpg\",\"datePublished\":\"2024-10-15T20:23:47+00:00\",\"dateModified\":\"2024-10-16T14:23:49+00:00\",\"breadcrumb\":{\"@id\":\"https:\\\/\\\/cegepgim.ca\\\/zoneetudiante\\\/ressources-et-outils\\\/bibliotheques\\\/information-par-campus\\\/#breadcrumb\"},\"inLanguage\":\"fr-FR\",\"potentialAction\":[{\"@type\":\"ReadAction\",\"target\":[\"https:\\\/\\\/cegepgim.ca\\\/zoneetudiante\\\/ressources-et-outils\\\/bibliotheques\\\/information-par-campus\\\/\"]}]},{\"@type\":\"ImageObject\",\"inLanguage\":\"fr-FR\",\"@id\":\"https:\\\/\\\/cegepgim.ca\\\/zoneetudiante\\\/ressources-et-outils\\\/bibliotheques\\\/information-par-campus\\\/#primaryimage\",\"url\":\"https:\\\/\\\/cegepgim.ca\\\/zoneetudiante\\\/wp-content\\\/uploads\\\/2019_facadefacealamontagne_roger_stlaurent-1400x933-1.jpg\",\"contentUrl\":\"https:\\\/\\\/cegepgim.ca\\\/zoneetudiante\\\/wp-content\\\/uploads\\\/2019_facadefacealamontagne_roger_stlaurent-1400x933-1.jpg\",\"width\":1400,\"height\":933},{\"@type\":\"BreadcrumbList\",\"@id\":\"https:\\\/\\\/cegepgim.ca\\\/zoneetudiante\\\/ressources-et-outils\\\/bibliotheques\\\/information-par-campus\\\/#breadcrumb\",\"itemListElement\":[{\"@type\":\"ListItem\",\"position\":1,\"name\":\"La Zone \u00e9tudiante\",\"item\":\"https:\\\/\\\/cegepgim.ca\\\/zoneetudiante\\\/\"},{\"@type\":\"ListItem\",\"position\":2,\"name\":\"Ressources et outils\",\"item\":\"https:\\\/\\\/cegepgim.ca\\\/zoneetudiante\\\/resources-and-tools\\\/\"},{\"@type\":\"ListItem\",\"position\":3,\"name\":\"Biblioth\u00e8ques\",\"item\":\"https:\\\/\\\/cegepgim.ca\\\/zoneetudiante\\\/ressources-et-outils\\\/bibliotheques\\\/\"},{\"@type\":\"ListItem\",\"position\":4,\"name\":\"Information par campus\"}]},{\"@type\":\"WebSite\",\"@id\":\"https:\\\/\\\/cegepgim.ca\\\/zoneetudiante\\\/#website\",\"url\":\"https:\\\/\\\/cegepgim.ca\\\/zoneetudiante\\\/\",\"name\":\"La Zone \u00e9tudiante du C\u00e9gep de la Gasp\u00e9sie et des \u00celes\",\"description\":\"Ton aventure commence ici!\",\"publisher\":{\"@id\":\"https:\\\/\\\/cegepgim.ca\\\/zoneetudiante\\\/#organization\"},\"potentialAction\":[{\"@type\":\"SearchAction\",\"target\":{\"@type\":\"EntryPoint\",\"urlTemplate\":\"https:\\\/\\\/cegepgim.ca\\\/zoneetudiante\\\/?s={search_term_string}\"},\"query-input\":{\"@type\":\"PropertyValueSpecification\",\"valueRequired\":true,\"valueName\":\"search_term_string\"}}],\"inLanguage\":\"fr-FR\"},{\"@type\":\"Organization\",\"@id\":\"https:\\\/\\\/cegepgim.ca\\\/zoneetudiante\\\/#organization\",\"name\":\"La Zone \u00e9tudiante du C\u00e9gep de la Gasp\u00e9sie et des \u00celes\",\"url\":\"https:\\\/\\\/cegepgim.ca\\\/zoneetudiante\\\/\",\"logo\":{\"@type\":\"ImageObject\",\"inLanguage\":\"fr-FR\",\"@id\":\"https:\\\/\\\/cegepgim.ca\\\/zoneetudiante\\\/#\\\/schema\\\/logo\\\/image\\\/\",\"url\":\"https:\\\/\\\/cegepgim.ca\\\/zoneetudiante\\\/wp-content\\\/uploads\\\/ImageDePartage-01.jpg\",\"contentUrl\":\"https:\\\/\\\/cegepgim.ca\\\/zoneetudiante\\\/wp-content\\\/uploads\\\/ImageDePartage-01.jpg\",\"width\":1200,\"height\":630,\"caption\":\"La Zone \u00e9tudiante du C\u00e9gep de la Gasp\u00e9sie et des \u00celes\"},\"image\":{\"@id\":\"https:\\\/\\\/cegepgim.ca\\\/zoneetudiante\\\/#\\\/schema\\\/logo\\\/image\\\/\"}}]}<\/script>\n<!-- \/ Yoast SEO plugin. -->","yoast_head_json":{"title":"Information par campus - La Zone \u00e9tudiante du C\u00e9gep de la Gasp\u00e9sie et des \u00celes","robots":{"index":"index","follow":"follow","max-snippet":"max-snippet:-1","max-image-preview":"max-image-preview:large","max-video-preview":"max-video-preview:-1"},"canonical":"https:\/\/cegepgim.ca\/zoneetudiante\/ressources-et-outils\/bibliotheques\/information-par-campus\/","og_locale":"fr_FR","og_type":"article","og_title":"Information par campus - La Zone \u00e9tudiante du C\u00e9gep de la Gasp\u00e9sie et des \u00celes","og_description":"Chacune des biblioth\u00e8ques du C\u00e9gep offre un service adapt\u00e9 \u00e0 la r\u00e9alit\u00e9 du campus. D\u00e9couvre l\u2019horaire, les coordonn\u00e9es et les services offerts par ta biblioth\u00e8que ainsi que de la documentation en lien avec les formations qui y sont offertes. Campus de Carleton-sur-Mer Campus de Gasp\u00e9 Campus des\u00celes-de-la-Madeleine \u00c9cole des p\u00eaches et de l&rsquo;aquaculture du Qu\u00e9bec","og_url":"https:\/\/cegepgim.ca\/zoneetudiante\/ressources-et-outils\/bibliotheques\/information-par-campus\/","og_site_name":"La Zone \u00e9tudiante du C\u00e9gep de la Gasp\u00e9sie et des \u00celes","article_modified_time":"2024-10-16T14:23:49+00:00","og_image":[{"url":"https:\/\/cegepgim.ca\/zoneetudiante\/wp-content\/uploads\/2019_facadefacealamontagne_roger_stlaurent-1400x933-1-300x200.jpg","type":"","width":"","height":""}],"twitter_card":"summary_large_image","twitter_misc":{"Dur\u00e9e de lecture estim\u00e9e":"2 minutes"},"schema":{"@context":"https:\/\/schema.org","@graph":[{"@type":"WebPage","@id":"https:\/\/cegepgim.ca\/zoneetudiante\/ressources-et-outils\/bibliotheques\/information-par-campus\/","url":"https:\/\/cegepgim.ca\/zoneetudiante\/ressources-et-outils\/bibliotheques\/information-par-campus\/","name":"Information par campus - La Zone \u00e9tudiante du C\u00e9gep de la Gasp\u00e9sie et des \u00celes","isPartOf":{"@id":"https:\/\/cegepgim.ca\/zoneetudiante\/#website"},"primaryImageOfPage":{"@id":"https:\/\/cegepgim.ca\/zoneetudiante\/ressources-et-outils\/bibliotheques\/information-par-campus\/#primaryimage"},"image":{"@id":"https:\/\/cegepgim.ca\/zoneetudiante\/ressources-et-outils\/bibliotheques\/information-par-campus\/#primaryimage"},"thumbnailUrl":"https:\/\/cegepgim.ca\/zoneetudiante\/wp-content\/uploads\/2019_facadefacealamontagne_roger_stlaurent-1400x933-1-300x200.jpg","datePublished":"2024-10-15T20:23:47+00:00","dateModified":"2024-10-16T14:23:49+00:00","breadcrumb":{"@id":"https:\/\/cegepgim.ca\/zoneetudiante\/ressources-et-outils\/bibliotheques\/information-par-campus\/#breadcrumb"},"inLanguage":"fr-FR","potentialAction":[{"@type":"ReadAction","target":["https:\/\/cegepgim.ca\/zoneetudiante\/ressources-et-outils\/bibliotheques\/information-par-campus\/"]}]},{"@type":"ImageObject","inLanguage":"fr-FR","@id":"https:\/\/cegepgim.ca\/zoneetudiante\/ressources-et-outils\/bibliotheques\/information-par-campus\/#primaryimage","url":"https:\/\/cegepgim.ca\/zoneetudiante\/wp-content\/uploads\/2019_facadefacealamontagne_roger_stlaurent-1400x933-1.jpg","contentUrl":"https:\/\/cegepgim.ca\/zoneetudiante\/wp-content\/uploads\/2019_facadefacealamontagne_roger_stlaurent-1400x933-1.jpg","width":1400,"height":933},{"@type":"BreadcrumbList","@id":"https:\/\/cegepgim.ca\/zoneetudiante\/ressources-et-outils\/bibliotheques\/information-par-campus\/#breadcrumb","itemListElement":[{"@type":"ListItem","position":1,"name":"La Zone \u00e9tudiante","item":"https:\/\/cegepgim.ca\/zoneetudiante\/"},{"@type":"ListItem","position":2,"name":"Ressources et outils","item":"https:\/\/cegepgim.ca\/zoneetudiante\/resources-and-tools\/"},{"@type":"ListItem","position":3,"name":"Biblioth\u00e8ques","item":"https:\/\/cegepgim.ca\/zoneetudiante\/ressources-et-outils\/bibliotheques\/"},{"@type":"ListItem","position":4,"name":"Information par campus"}]},{"@type":"WebSite","@id":"https:\/\/cegepgim.ca\/zoneetudiante\/#website","url":"https:\/\/cegepgim.ca\/zoneetudiante\/","name":"La Zone \u00e9tudiante du C\u00e9gep de la Gasp\u00e9sie et des \u00celes","description":"Ton aventure commence ici!","publisher":{"@id":"https:\/\/cegepgim.ca\/zoneetudiante\/#organization"},"potentialAction":[{"@type":"SearchAction","target":{"@type":"EntryPoint","urlTemplate":"https:\/\/cegepgim.ca\/zoneetudiante\/?s={search_term_string}"},"query-input":{"@type":"PropertyValueSpecification","valueRequired":true,"valueName":"search_term_string"}}],"inLanguage":"fr-FR"},{"@type":"Organization","@id":"https:\/\/cegepgim.ca\/zoneetudiante\/#organization","name":"La Zone \u00e9tudiante du C\u00e9gep de la Gasp\u00e9sie et des \u00celes","url":"https:\/\/cegepgim.ca\/zoneetudiante\/","logo":{"@type":"ImageObject","inLanguage":"fr-FR","@id":"https:\/\/cegepgim.ca\/zoneetudiante\/#\/schema\/logo\/image\/","url":"https:\/\/cegepgim.ca\/zoneetudiante\/wp-content\/uploads\/ImageDePartage-01.jpg","contentUrl":"https:\/\/cegepgim.ca\/zoneetudiante\/wp-content\/uploads\/ImageDePartage-01.jpg","width":1200,"height":630,"caption":"La Zone \u00e9tudiante du C\u00e9gep de la Gasp\u00e9sie et des \u00celes"},"image":{"@id":"https:\/\/cegepgim.ca\/zoneetudiante\/#\/schema\/logo\/image\/"}}]}},"_links":{"self":[{"href":"https:\/\/cegepgim.ca\/zoneetudiante\/wp-json\/wp\/v2\/pages\/13495","targetHints":{"allow":["GET"]}}],"collection":[{"href":"https:\/\/cegepgim.ca\/zoneetudiante\/wp-json\/wp\/v2\/pages"}],"about":[{"href":"https:\/\/cegepgim.ca\/zoneetudiante\/wp-json\/wp\/v2\/types\/page"}],"author":[{"embeddable":true,"href":"https:\/\/cegepgim.ca\/zoneetudiante\/wp-json\/wp\/v2\/users\/2"}],"replies":[{"embeddable":true,"href":"https:\/\/cegepgim.ca\/zoneetudiante\/wp-json\/wp\/v2\/comments?post=13495"}],"version-history":[{"count":4,"href":"https:\/\/cegepgim.ca\/zoneetudiante\/wp-json\/wp\/v2\/pages\/13495\/revisions"}],"predecessor-version":[{"id":13500,"href":"https:\/\/cegepgim.ca\/zoneetudiante\/wp-json\/wp\/v2\/pages\/13495\/revisions\/13500"}],"up":[{"embeddable":true,"href":"https:\/\/cegepgim.ca\/zoneetudiante\/wp-json\/wp\/v2\/pages\/1348"}],"wp:attachment":[{"href":"https:\/\/cegepgim.ca\/zoneetudiante\/wp-json\/wp\/v2\/media?parent=13495"}],"curies":[{"name":"wp","href":"https:\/\/api.w.org\/{rel}","templated":true}]}}