{"id":1348,"date":"2023-11-15T15:29:36","date_gmt":"2023-11-15T20:29:36","guid":{"rendered":"https:\/\/laboiteflexible.com\/staging\/lazoneetudiante\/?page_id=1348"},"modified":"2025-07-10T15:56:16","modified_gmt":"2025-07-10T19:56:16","slug":"bibliotheques","status":"publish","type":"page","link":"https:\/\/cegepgim.ca\/zoneetudiante\/ressources-et-outils\/bibliotheques\/","title":{"rendered":"Biblioth\u00e8ques"},"content":{"rendered":"\t\t<div data-elementor-type=\"wp-page\" data-elementor-id=\"1348\" class=\"elementor elementor-1348\" data-elementor-post-type=\"page\">\n\t\t\t\t<div class=\"has_eae_slider elementor-element elementor-element-5ab053a e-flex e-con-boxed e-con e-parent\" data-eae-slider=\"93796\" data-id=\"5ab053a\" data-element_type=\"container\" data-e-type=\"container\" data-settings=\"{&quot;background_background&quot;:&quot;classic&quot;}\">\n\t\t\t\t\t<div class=\"e-con-inner\">\n\t\t<div class=\"has_eae_slider elementor-element elementor-element-b11096c e-flex e-con-boxed e-con e-child\" data-eae-slider=\"38835\" data-id=\"b11096c\" data-element_type=\"container\" data-e-type=\"container\">\n\t\t\t\t\t<div class=\"e-con-inner\">\n\t\t\t\t<div class=\"elementor-element elementor-element-3c31ca0 elementor-widget elementor-widget-text-editor\" data-id=\"3c31ca0\" data-element_type=\"widget\" data-e-type=\"widget\" data-widget_type=\"text-editor.default\">\n\t\t\t\t<div class=\"elementor-widget-container\">\n\t\t\t\t\t\t\t\t\t<p>\u00c0 la biblioth\u00e8que de ton campus, tu trouveras des gens disponibles pour t\u2019\u00e9pauler dans ta r\u00e9ussite scolaire. Du personnel qualifi\u00e9 met \u00e0 ta disposition une multitude de ressources \u00e9lectroniques et physiques qui te permettront d\u2019\u00e9toffer tes travaux scolaires et de nourrir tes neurones. Viens faire ton tour pour travailler, faire de la recherche, lire ou relaxer, et ne te prive pas de demander de l\u2019aide.<\/p>\t\t\t\t\t\t\t\t<\/div>\n\t\t\t\t<\/div>\n\t\t\t\t\t<\/div>\n\t\t\t\t<\/div>\n\t\t\t\t\t<\/div>\n\t\t\t\t<\/div>\n\t\t<div class=\"has_eae_slider elementor-element elementor-element-d016633 e-flex e-con-boxed e-con e-parent\" data-eae-slider=\"55894\" data-id=\"d016633\" data-element_type=\"container\" data-e-type=\"container\">\n\t\t\t\t\t<div class=\"e-con-inner\">\n\t\t<div class=\"has_eae_slider elementor-element elementor-element-e187b65 e-con-full e-flex e-con e-child\" data-eae-slider=\"5163\" data-id=\"e187b65\" data-element_type=\"container\" data-e-type=\"container\">\n\t\t<a class=\"has_eae_slider elementor-element elementor-element-11b308c e-con-full e-flex e-con e-child\" data-eae-slider=\"38017\" data-id=\"11b308c\" data-element_type=\"container\" data-e-type=\"container\" data-settings=\"{&quot;background_background&quot;:&quot;classic&quot;}\" href=\"https:\/\/cegepgim.koha.collecto.ca\/\" target=\"_blank\">\n\t\t\t\t<div class=\"elementor-element elementor-element-c01c1a6 elementor-view-stacked elementor-shape-circle elementor-widget elementor-widget-icon\" data-id=\"c01c1a6\" data-element_type=\"widget\" data-e-type=\"widget\" data-widget_type=\"icon.default\">\n\t\t\t\t<div class=\"elementor-widget-container\">\n\t\t\t\t\t\t\t<div class=\"elementor-icon-wrapper\">\n\t\t\t<div class=\"elementor-icon\">\n\t\t\t<i aria-hidden=\"true\" class=\"fas fa-check\"><\/i>\t\t\t<\/div>\n\t\t<\/div>\n\t\t\t\t\t\t<\/div>\n\t\t\t\t<\/div>\n\t\t\t\t<div class=\"elementor-element elementor-element-3bfa33d elementor-widget elementor-widget-heading\" data-id=\"3bfa33d\" data-element_type=\"widget\" data-e-type=\"widget\" data-widget_type=\"heading.default\">\n\t\t\t\t<div class=\"elementor-widget-container\">\n\t\t\t\t\t<h3 class=\"elementor-heading-title elementor-size-default\">Documents disponibles<\/h3>\t\t\t\t<\/div>\n\t\t\t\t<\/div>\n\t\t\t\t<div class=\"elementor-element elementor-element-7a7a550 elementor-widget elementor-widget-text-editor\" data-id=\"7a7a550\" data-element_type=\"widget\" data-e-type=\"widget\" data-widget_type=\"text-editor.default\">\n\t\t\t\t<div class=\"elementor-widget-container\">\n\t\t\t\t\t\t\t\t\t<p><span style=\"color: #000000;\"><em>Le catalogue Koha r\u00e9pertorie les documents disponibles dans les quatre campus.<\/em><\/span><\/p>\t\t\t\t\t\t\t\t<\/div>\n\t\t\t\t<\/div>\n\t\t\t\t<\/a>\n\t\t<a class=\"has_eae_slider elementor-element elementor-element-5f62863 e-con-full e-flex e-con e-child\" data-eae-slider=\"75639\" data-id=\"5f62863\" data-element_type=\"container\" data-e-type=\"container\" data-settings=\"{&quot;background_background&quot;:&quot;classic&quot;}\" href=\"https:\/\/cegepgim.ca\/bibliotheque\/bibliotheques\/ressources-electroniques\/\" target=\"_blank\">\n\t\t\t\t<div class=\"elementor-element elementor-element-83a6f94 elementor-view-stacked elementor-shape-circle elementor-widget elementor-widget-icon\" data-id=\"83a6f94\" data-element_type=\"widget\" data-e-type=\"widget\" data-widget_type=\"icon.default\">\n\t\t\t\t<div class=\"elementor-widget-container\">\n\t\t\t\t\t\t\t<div class=\"elementor-icon-wrapper\">\n\t\t\t<div class=\"elementor-icon\">\n\t\t\t<i aria-hidden=\"true\" class=\"fas fa-check\"><\/i>\t\t\t<\/div>\n\t\t<\/div>\n\t\t\t\t\t\t<\/div>\n\t\t\t\t<\/div>\n\t\t\t\t<div class=\"elementor-element elementor-element-f44cfa5 elementor-widget elementor-widget-heading\" data-id=\"f44cfa5\" data-element_type=\"widget\" data-e-type=\"widget\" data-widget_type=\"heading.default\">\n\t\t\t\t<div class=\"elementor-widget-container\">\n\t\t\t\t\t<h3 class=\"elementor-heading-title elementor-size-default\">Ressources \u00e9lectroniques<\/h3>\t\t\t\t<\/div>\n\t\t\t\t<\/div>\n\t\t\t\t<div class=\"elementor-element elementor-element-f12c410 elementor-widget elementor-widget-text-editor\" data-id=\"f12c410\" data-element_type=\"widget\" data-e-type=\"widget\" data-widget_type=\"text-editor.default\">\n\t\t\t\t<div class=\"elementor-widget-container\">\n\t\t\t\t\t\t\t\t\t<p>Ressources accessibles en tout temps, sur ton campus ou \u00e0 distance.<\/p>\t\t\t\t\t\t\t\t<\/div>\n\t\t\t\t<\/div>\n\t\t\t\t<\/a>\n\t\t<a class=\"has_eae_slider elementor-element elementor-element-b1f5176 e-con-full e-flex e-con e-child\" data-eae-slider=\"69919\" data-id=\"b1f5176\" data-element_type=\"container\" data-e-type=\"container\" data-settings=\"{&quot;background_background&quot;:&quot;classic&quot;}\" href=\"https:\/\/cegepgim.ca\/bibliotheque\/bibliotheques\/aide-a-la-recherche\/\" target=\"_blank\">\n\t\t\t\t<div class=\"elementor-element elementor-element-1863cab elementor-view-stacked elementor-shape-circle elementor-widget elementor-widget-icon\" data-id=\"1863cab\" data-element_type=\"widget\" data-e-type=\"widget\" data-widget_type=\"icon.default\">\n\t\t\t\t<div class=\"elementor-widget-container\">\n\t\t\t\t\t\t\t<div class=\"elementor-icon-wrapper\">\n\t\t\t<div class=\"elementor-icon\">\n\t\t\t<i aria-hidden=\"true\" class=\"fas fa-check\"><\/i>\t\t\t<\/div>\n\t\t<\/div>\n\t\t\t\t\t\t<\/div>\n\t\t\t\t<\/div>\n\t\t\t\t<div class=\"elementor-element elementor-element-3e11e72 elementor-widget elementor-widget-heading\" data-id=\"3e11e72\" data-element_type=\"widget\" data-e-type=\"widget\" data-widget_type=\"heading.default\">\n\t\t\t\t<div class=\"elementor-widget-container\">\n\t\t\t\t\t<h3 class=\"elementor-heading-title elementor-size-default\">Aide \u00e0 la recherche<\/h3>\t\t\t\t<\/div>\n\t\t\t\t<\/div>\n\t\t\t\t<div class=\"elementor-element elementor-element-4b6fbad elementor-widget elementor-widget-text-editor\" data-id=\"4b6fbad\" data-element_type=\"widget\" data-e-type=\"widget\" data-widget_type=\"text-editor.default\">\n\t\t\t\t<div class=\"elementor-widget-container\">\n\t\t\t\t\t\t\t\t\t<p>La recherche d\u2019information est une habilet\u00e9 essentielle pour ta r\u00e9ussite au coll\u00e9gial.<\/p>\t\t\t\t\t\t\t\t<\/div>\n\t\t\t\t<\/div>\n\t\t\t\t<\/a>\n\t\t<a class=\"has_eae_slider elementor-element elementor-element-afdc057 e-con-full e-flex e-con e-child\" data-eae-slider=\"42820\" data-id=\"afdc057\" data-element_type=\"container\" data-e-type=\"container\" data-settings=\"{&quot;background_background&quot;:&quot;classic&quot;}\" href=\"https:\/\/cegepgim.ca\/zoneetudiante\/ressources-et-outils\/bibliotheques\/information-par-campus\/\">\n\t\t\t\t<div class=\"elementor-element elementor-element-0a1b878 elementor-view-stacked elementor-shape-circle elementor-widget elementor-widget-icon\" data-id=\"0a1b878\" data-element_type=\"widget\" data-e-type=\"widget\" data-widget_type=\"icon.default\">\n\t\t\t\t<div class=\"elementor-widget-container\">\n\t\t\t\t\t\t\t<div class=\"elementor-icon-wrapper\">\n\t\t\t<div class=\"elementor-icon\">\n\t\t\t<i aria-hidden=\"true\" class=\"fas fa-check\"><\/i>\t\t\t<\/div>\n\t\t<\/div>\n\t\t\t\t\t\t<\/div>\n\t\t\t\t<\/div>\n\t\t\t\t<div class=\"elementor-element elementor-element-c95856d elementor-widget elementor-widget-heading\" data-id=\"c95856d\" data-element_type=\"widget\" data-e-type=\"widget\" data-widget_type=\"heading.default\">\n\t\t\t\t<div class=\"elementor-widget-container\">\n\t\t\t\t\t<h3 class=\"elementor-heading-title elementor-size-default\">Information par campus<\/h3>\t\t\t\t<\/div>\n\t\t\t\t<\/div>\n\t\t\t\t<div class=\"elementor-element elementor-element-dfff803 elementor-widget elementor-widget-text-editor\" data-id=\"dfff803\" data-element_type=\"widget\" data-e-type=\"widget\" data-widget_type=\"text-editor.default\">\n\t\t\t\t<div class=\"elementor-widget-container\">\n\t\t\t\t\t\t\t\t\t<p>Horaires, coordonn\u00e9es, services, responsables, etc.<\/p>\t\t\t\t\t\t\t\t<\/div>\n\t\t\t\t<\/div>\n\t\t\t\t<\/a>\n\t\t\t\t<\/div>\n\t\t\t\t\t<\/div>\n\t\t\t\t<\/div>\n\t\t\t\t<\/div>\n\t\t","protected":false},"excerpt":{"rendered":"<p>\u00c0 la biblioth\u00e8que de ton campus, tu trouveras des gens disponibles pour t\u2019\u00e9pauler dans ta r\u00e9ussite scolaire. Du personnel qualifi\u00e9 met \u00e0 ta disposition une multitude de ressources \u00e9lectroniques et physiques qui te permettront d\u2019\u00e9toffer tes travaux scolaires et de nourrir tes neurones. Viens faire ton tour pour travailler, faire de la recherche, lire ou [&hellip;]<\/p>\n","protected":false},"author":1,"featured_media":0,"parent":154,"menu_order":0,"comment_status":"closed","ping_status":"closed","template":"","meta":{"_acf_changed":false,"footnotes":""},"class_list":["post-1348","page","type-page","status-publish","hentry"],"acf":[],"yoast_head":"<!-- This site is optimized with the Yoast SEO plugin v27.4 - https:\/\/yoast.com\/product\/yoast-seo-wordpress\/ -->\n<title>Biblioth\u00e8ques - La Zone \u00e9tudiante du C\u00e9gep de la Gasp\u00e9sie et des \u00celes<\/title>\n<meta name=\"robots\" content=\"index, follow, max-snippet:-1, max-image-preview:large, max-video-preview:-1\" \/>\n<link rel=\"canonical\" href=\"https:\/\/cegepgim.ca\/zoneetudiante\/ressources-et-outils\/bibliotheques\/\" \/>\n<meta property=\"og:locale\" content=\"fr_FR\" \/>\n<meta property=\"og:type\" content=\"article\" \/>\n<meta property=\"og:title\" content=\"Biblioth\u00e8ques - La Zone \u00e9tudiante du C\u00e9gep de la Gasp\u00e9sie et des \u00celes\" \/>\n<meta property=\"og:description\" content=\"\u00c0 la biblioth\u00e8que de ton campus, tu trouveras des gens disponibles pour t\u2019\u00e9pauler dans ta r\u00e9ussite scolaire. Du personnel qualifi\u00e9 met \u00e0 ta disposition une multitude de ressources \u00e9lectroniques et physiques qui te permettront d\u2019\u00e9toffer tes travaux scolaires et de nourrir tes neurones. Viens faire ton tour pour travailler, faire de la recherche, lire ou [&hellip;]\" \/>\n<meta property=\"og:url\" content=\"https:\/\/cegepgim.ca\/zoneetudiante\/ressources-et-outils\/bibliotheques\/\" \/>\n<meta property=\"og:site_name\" content=\"La Zone \u00e9tudiante du C\u00e9gep de la Gasp\u00e9sie et des \u00celes\" \/>\n<meta property=\"article:modified_time\" content=\"2025-07-10T19:56:16+00:00\" \/>\n<meta name=\"twitter:card\" content=\"summary_large_image\" \/>\n<meta name=\"twitter:label1\" content=\"Dur\u00e9e de lecture estim\u00e9e\" \/>\n\t<meta name=\"twitter:data1\" content=\"1 minute\" \/>\n<script type=\"application\/ld+json\" class=\"yoast-schema-graph\">{\"@context\":\"https:\\\/\\\/schema.org\",\"@graph\":[{\"@type\":\"WebPage\",\"@id\":\"https:\\\/\\\/cegepgim.ca\\\/zoneetudiante\\\/ressources-et-outils\\\/bibliotheques\\\/\",\"url\":\"https:\\\/\\\/cegepgim.ca\\\/zoneetudiante\\\/ressources-et-outils\\\/bibliotheques\\\/\",\"name\":\"Biblioth\u00e8ques - La Zone \u00e9tudiante du C\u00e9gep de la Gasp\u00e9sie et des \u00celes\",\"isPartOf\":{\"@id\":\"https:\\\/\\\/cegepgim.ca\\\/zoneetudiante\\\/#website\"},\"datePublished\":\"2023-11-15T20:29:36+00:00\",\"dateModified\":\"2025-07-10T19:56:16+00:00\",\"breadcrumb\":{\"@id\":\"https:\\\/\\\/cegepgim.ca\\\/zoneetudiante\\\/ressources-et-outils\\\/bibliotheques\\\/#breadcrumb\"},\"inLanguage\":\"fr-FR\",\"potentialAction\":[{\"@type\":\"ReadAction\",\"target\":[\"https:\\\/\\\/cegepgim.ca\\\/zoneetudiante\\\/ressources-et-outils\\\/bibliotheques\\\/\"]}]},{\"@type\":\"BreadcrumbList\",\"@id\":\"https:\\\/\\\/cegepgim.ca\\\/zoneetudiante\\\/ressources-et-outils\\\/bibliotheques\\\/#breadcrumb\",\"itemListElement\":[{\"@type\":\"ListItem\",\"position\":1,\"name\":\"La Zone \u00e9tudiante\",\"item\":\"https:\\\/\\\/cegepgim.ca\\\/zoneetudiante\\\/\"},{\"@type\":\"ListItem\",\"position\":2,\"name\":\"Ressources et outils\",\"item\":\"https:\\\/\\\/cegepgim.ca\\\/zoneetudiante\\\/resources-and-tools\\\/\"},{\"@type\":\"ListItem\",\"position\":3,\"name\":\"Biblioth\u00e8ques\"}]},{\"@type\":\"WebSite\",\"@id\":\"https:\\\/\\\/cegepgim.ca\\\/zoneetudiante\\\/#website\",\"url\":\"https:\\\/\\\/cegepgim.ca\\\/zoneetudiante\\\/\",\"name\":\"La Zone \u00e9tudiante du C\u00e9gep de la Gasp\u00e9sie et des \u00celes\",\"description\":\"Ton aventure commence ici!\",\"publisher\":{\"@id\":\"https:\\\/\\\/cegepgim.ca\\\/zoneetudiante\\\/#organization\"},\"potentialAction\":[{\"@type\":\"SearchAction\",\"target\":{\"@type\":\"EntryPoint\",\"urlTemplate\":\"https:\\\/\\\/cegepgim.ca\\\/zoneetudiante\\\/?s={search_term_string}\"},\"query-input\":{\"@type\":\"PropertyValueSpecification\",\"valueRequired\":true,\"valueName\":\"search_term_string\"}}],\"inLanguage\":\"fr-FR\"},{\"@type\":\"Organization\",\"@id\":\"https:\\\/\\\/cegepgim.ca\\\/zoneetudiante\\\/#organization\",\"name\":\"La Zone \u00e9tudiante du C\u00e9gep de la Gasp\u00e9sie et des \u00celes\",\"url\":\"https:\\\/\\\/cegepgim.ca\\\/zoneetudiante\\\/\",\"logo\":{\"@type\":\"ImageObject\",\"inLanguage\":\"fr-FR\",\"@id\":\"https:\\\/\\\/cegepgim.ca\\\/zoneetudiante\\\/#\\\/schema\\\/logo\\\/image\\\/\",\"url\":\"https:\\\/\\\/cegepgim.ca\\\/zoneetudiante\\\/wp-content\\\/uploads\\\/ImageDePartage-01.jpg\",\"contentUrl\":\"https:\\\/\\\/cegepgim.ca\\\/zoneetudiante\\\/wp-content\\\/uploads\\\/ImageDePartage-01.jpg\",\"width\":1200,\"height\":630,\"caption\":\"La Zone \u00e9tudiante du C\u00e9gep de la Gasp\u00e9sie et des \u00celes\"},\"image\":{\"@id\":\"https:\\\/\\\/cegepgim.ca\\\/zoneetudiante\\\/#\\\/schema\\\/logo\\\/image\\\/\"}}]}<\/script>\n<!-- \/ Yoast SEO plugin. -->","yoast_head_json":{"title":"Biblioth\u00e8ques - La Zone \u00e9tudiante du C\u00e9gep de la Gasp\u00e9sie et des \u00celes","robots":{"index":"index","follow":"follow","max-snippet":"max-snippet:-1","max-image-preview":"max-image-preview:large","max-video-preview":"max-video-preview:-1"},"canonical":"https:\/\/cegepgim.ca\/zoneetudiante\/ressources-et-outils\/bibliotheques\/","og_locale":"fr_FR","og_type":"article","og_title":"Biblioth\u00e8ques - La Zone \u00e9tudiante du C\u00e9gep de la Gasp\u00e9sie et des \u00celes","og_description":"\u00c0 la biblioth\u00e8que de ton campus, tu trouveras des gens disponibles pour t\u2019\u00e9pauler dans ta r\u00e9ussite scolaire. Du personnel qualifi\u00e9 met \u00e0 ta disposition une multitude de ressources \u00e9lectroniques et physiques qui te permettront d\u2019\u00e9toffer tes travaux scolaires et de nourrir tes neurones. Viens faire ton tour pour travailler, faire de la recherche, lire ou [&hellip;]","og_url":"https:\/\/cegepgim.ca\/zoneetudiante\/ressources-et-outils\/bibliotheques\/","og_site_name":"La Zone \u00e9tudiante du C\u00e9gep de la Gasp\u00e9sie et des \u00celes","article_modified_time":"2025-07-10T19:56:16+00:00","twitter_card":"summary_large_image","twitter_misc":{"Dur\u00e9e de lecture estim\u00e9e":"1 minute"},"schema":{"@context":"https:\/\/schema.org","@graph":[{"@type":"WebPage","@id":"https:\/\/cegepgim.ca\/zoneetudiante\/ressources-et-outils\/bibliotheques\/","url":"https:\/\/cegepgim.ca\/zoneetudiante\/ressources-et-outils\/bibliotheques\/","name":"Biblioth\u00e8ques - La Zone \u00e9tudiante du C\u00e9gep de la Gasp\u00e9sie et des \u00celes","isPartOf":{"@id":"https:\/\/cegepgim.ca\/zoneetudiante\/#website"},"datePublished":"2023-11-15T20:29:36+00:00","dateModified":"2025-07-10T19:56:16+00:00","breadcrumb":{"@id":"https:\/\/cegepgim.ca\/zoneetudiante\/ressources-et-outils\/bibliotheques\/#breadcrumb"},"inLanguage":"fr-FR","potentialAction":[{"@type":"ReadAction","target":["https:\/\/cegepgim.ca\/zoneetudiante\/ressources-et-outils\/bibliotheques\/"]}]},{"@type":"BreadcrumbList","@id":"https:\/\/cegepgim.ca\/zoneetudiante\/ressources-et-outils\/bibliotheques\/#breadcrumb","itemListElement":[{"@type":"ListItem","position":1,"name":"La Zone \u00e9tudiante","item":"https:\/\/cegepgim.ca\/zoneetudiante\/"},{"@type":"ListItem","position":2,"name":"Ressources et outils","item":"https:\/\/cegepgim.ca\/zoneetudiante\/resources-and-tools\/"},{"@type":"ListItem","position":3,"name":"Biblioth\u00e8ques"}]},{"@type":"WebSite","@id":"https:\/\/cegepgim.ca\/zoneetudiante\/#website","url":"https:\/\/cegepgim.ca\/zoneetudiante\/","name":"La Zone \u00e9tudiante du C\u00e9gep de la Gasp\u00e9sie et des \u00celes","description":"Ton aventure commence ici!","publisher":{"@id":"https:\/\/cegepgim.ca\/zoneetudiante\/#organization"},"potentialAction":[{"@type":"SearchAction","target":{"@type":"EntryPoint","urlTemplate":"https:\/\/cegepgim.ca\/zoneetudiante\/?s={search_term_string}"},"query-input":{"@type":"PropertyValueSpecification","valueRequired":true,"valueName":"search_term_string"}}],"inLanguage":"fr-FR"},{"@type":"Organization","@id":"https:\/\/cegepgim.ca\/zoneetudiante\/#organization","name":"La Zone \u00e9tudiante du C\u00e9gep de la Gasp\u00e9sie et des \u00celes","url":"https:\/\/cegepgim.ca\/zoneetudiante\/","logo":{"@type":"ImageObject","inLanguage":"fr-FR","@id":"https:\/\/cegepgim.ca\/zoneetudiante\/#\/schema\/logo\/image\/","url":"https:\/\/cegepgim.ca\/zoneetudiante\/wp-content\/uploads\/ImageDePartage-01.jpg","contentUrl":"https:\/\/cegepgim.ca\/zoneetudiante\/wp-content\/uploads\/ImageDePartage-01.jpg","width":1200,"height":630,"caption":"La Zone \u00e9tudiante du C\u00e9gep de la Gasp\u00e9sie et des \u00celes"},"image":{"@id":"https:\/\/cegepgim.ca\/zoneetudiante\/#\/schema\/logo\/image\/"}}]}},"_links":{"self":[{"href":"https:\/\/cegepgim.ca\/zoneetudiante\/wp-json\/wp\/v2\/pages\/1348","targetHints":{"allow":["GET"]}}],"collection":[{"href":"https:\/\/cegepgim.ca\/zoneetudiante\/wp-json\/wp\/v2\/pages"}],"about":[{"href":"https:\/\/cegepgim.ca\/zoneetudiante\/wp-json\/wp\/v2\/types\/page"}],"author":[{"embeddable":true,"href":"https:\/\/cegepgim.ca\/zoneetudiante\/wp-json\/wp\/v2\/users\/1"}],"replies":[{"embeddable":true,"href":"https:\/\/cegepgim.ca\/zoneetudiante\/wp-json\/wp\/v2\/comments?post=1348"}],"version-history":[{"count":66,"href":"https:\/\/cegepgim.ca\/zoneetudiante\/wp-json\/wp\/v2\/pages\/1348\/revisions"}],"predecessor-version":[{"id":15799,"href":"https:\/\/cegepgim.ca\/zoneetudiante\/wp-json\/wp\/v2\/pages\/1348\/revisions\/15799"}],"up":[{"embeddable":true,"href":"https:\/\/cegepgim.ca\/zoneetudiante\/wp-json\/wp\/v2\/pages\/154"}],"wp:attachment":[{"href":"https:\/\/cegepgim.ca\/zoneetudiante\/wp-json\/wp\/v2\/media?parent=1348"}],"curies":[{"name":"wp","href":"https:\/\/api.w.org\/{rel}","templated":true}]}}