{"id":13222,"date":"2024-10-07T14:19:28","date_gmt":"2024-10-07T18:19:28","guid":{"rendered":"https:\/\/cegepgim.ca\/zoneetudiante\/?page_id=13222"},"modified":"2025-09-09T16:25:18","modified_gmt":"2025-09-09T20:25:18","slug":"boutique-en-ligne","status":"publish","type":"page","link":"https:\/\/cegepgim.ca\/zoneetudiante\/ressources-et-outils\/vie-au-cegep\/vie-etudiante\/boutique-en-ligne\/","title":{"rendered":"Boutique en ligne"},"content":{"rendered":"\t\t<div data-elementor-type=\"wp-page\" data-elementor-id=\"13222\" class=\"elementor elementor-13222\" data-elementor-post-type=\"page\">\n\t\t\t\t<div class=\"has_eae_slider elementor-element elementor-element-6c6d5f3 e-flex e-con-boxed e-con e-parent\" data-eae-slider=\"77121\" data-id=\"6c6d5f3\" data-element_type=\"container\" data-e-type=\"container\">\n\t\t\t\t\t<div class=\"e-con-inner\">\n\t\t\t\t<div class=\"elementor-element elementor-element-33e5c58 elementor-widget elementor-widget-text-editor\" data-id=\"33e5c58\" data-element_type=\"widget\" data-e-type=\"widget\" data-widget_type=\"text-editor.default\">\n\t\t\t\t<div class=\"elementor-widget-container\">\n\t\t\t\t\t\t\t\t\t<p>Chaque d\u00e9but de session d\u2019automne, le C\u00e9gep propose une boutique en ligne, o\u00f9 il est possible de faire l\u2019achat d\u2019un v\u00eatement ou d\u2019un accessoire \u00e0 son effigie.<\/p><p>La boutique en ligne de l\u2019automne 2025 ouvrira du 11 au 25 septembre. Tous les d\u00e9tails te seront communiqu\u00e9s sur Omnivox et sur des affiches \u00e0 l\u2019int\u00e9rieur des campus. Reste \u00e0 l\u2019aff\u00fbt!<\/p>\t\t\t\t\t\t\t\t<\/div>\n\t\t\t\t<\/div>\n\t\t\t\t\t<\/div>\n\t\t\t\t<\/div>\n\t\t<div class=\"has_eae_slider elementor-element elementor-element-df60bc4 e-flex e-con-boxed e-con e-parent\" data-eae-slider=\"79753\" data-id=\"df60bc4\" data-element_type=\"container\" data-e-type=\"container\">\n\t\t\t\t\t<div class=\"e-con-inner\">\n\t\t\t\t<div class=\"elementor-element elementor-element-b814503 elementor-icon-list--layout-traditional elementor-list-item-link-full_width elementor-widget elementor-widget-icon-list\" data-id=\"b814503\" data-element_type=\"widget\" data-e-type=\"widget\" data-widget_type=\"icon-list.default\">\n\t\t\t\t<div class=\"elementor-widget-container\">\n\t\t\t\t\t\t\t<ul class=\"elementor-icon-list-items\">\n\t\t\t\t\t\t\t<li class=\"elementor-icon-list-item\">\n\t\t\t\t\t\t\t\t\t\t\t<a href=\"https:\/\/cegepgim.ca\/zoneetudiante\/wp-content\/uploads\/Catalogue_Boutique-en-ligne-aut-2025.pdf\" target=\"_blank\">\n\n\t\t\t\t\t\t\t\t\t\t\t\t<span class=\"elementor-icon-list-icon\">\n\t\t\t\t\t\t\t<i aria-hidden=\"true\" class=\"far fa-file-pdf\"><\/i>\t\t\t\t\t\t<\/span>\n\t\t\t\t\t\t\t\t\t\t<span class=\"elementor-icon-list-text\">Consulter le catalogue en ligne<\/span>\n\t\t\t\t\t\t\t\t\t\t\t<\/a>\n\t\t\t\t\t\t\t\t\t<\/li>\n\t\t\t\t\t\t<\/ul>\n\t\t\t\t\t\t<\/div>\n\t\t\t\t<\/div>\n\t\t\t\t\t<\/div>\n\t\t\t\t<\/div>\n\t\t\t\t<\/div>\n\t\t","protected":false},"excerpt":{"rendered":"<p>Chaque d\u00e9but de session d\u2019automne, le C\u00e9gep propose une boutique en ligne, o\u00f9 il est possible de faire l\u2019achat d\u2019un v\u00eatement ou d\u2019un accessoire \u00e0 son effigie. La boutique en ligne de l\u2019automne 2025 ouvrira du 11 au 25 septembre. Tous les d\u00e9tails te seront communiqu\u00e9s sur Omnivox et sur des affiches \u00e0 l\u2019int\u00e9rieur des [&hellip;]<\/p>\n","protected":false},"author":2,"featured_media":0,"parent":3869,"menu_order":0,"comment_status":"closed","ping_status":"closed","template":"","meta":{"_acf_changed":false,"footnotes":""},"class_list":["post-13222","page","type-page","status-publish","hentry"],"acf":[],"yoast_head":"<!-- This site is optimized with the Yoast SEO plugin v27.4 - https:\/\/yoast.com\/product\/yoast-seo-wordpress\/ -->\n<title>Boutique en ligne - La Zone \u00e9tudiante du C\u00e9gep de la Gasp\u00e9sie et des \u00celes<\/title>\n<meta name=\"robots\" content=\"index, follow, max-snippet:-1, max-image-preview:large, max-video-preview:-1\" \/>\n<link rel=\"canonical\" href=\"https:\/\/cegepgim.ca\/zoneetudiante\/ressources-et-outils\/vie-au-cegep\/vie-etudiante\/boutique-en-ligne\/\" \/>\n<meta property=\"og:locale\" content=\"fr_FR\" \/>\n<meta property=\"og:type\" content=\"article\" \/>\n<meta property=\"og:title\" content=\"Boutique en ligne - La Zone \u00e9tudiante du C\u00e9gep de la Gasp\u00e9sie et des \u00celes\" \/>\n<meta property=\"og:description\" content=\"Chaque d\u00e9but de session d\u2019automne, le C\u00e9gep propose une boutique en ligne, o\u00f9 il est possible de faire l\u2019achat d\u2019un v\u00eatement ou d\u2019un accessoire \u00e0 son effigie. La boutique en ligne de l\u2019automne 2025 ouvrira du 11 au 25 septembre. Tous les d\u00e9tails te seront communiqu\u00e9s sur Omnivox et sur des affiches \u00e0 l\u2019int\u00e9rieur des [&hellip;]\" \/>\n<meta property=\"og:url\" content=\"https:\/\/cegepgim.ca\/zoneetudiante\/ressources-et-outils\/vie-au-cegep\/vie-etudiante\/boutique-en-ligne\/\" \/>\n<meta property=\"og:site_name\" content=\"La Zone \u00e9tudiante du C\u00e9gep de la Gasp\u00e9sie et des \u00celes\" \/>\n<meta property=\"article:modified_time\" content=\"2025-09-09T20:25:18+00:00\" \/>\n<meta name=\"twitter:card\" content=\"summary_large_image\" \/>\n<meta name=\"twitter:label1\" content=\"Dur\u00e9e de lecture estim\u00e9e\" \/>\n\t<meta name=\"twitter:data1\" content=\"1 minute\" \/>\n<script type=\"application\/ld+json\" class=\"yoast-schema-graph\">{\"@context\":\"https:\\\/\\\/schema.org\",\"@graph\":[{\"@type\":\"WebPage\",\"@id\":\"https:\\\/\\\/cegepgim.ca\\\/zoneetudiante\\\/ressources-et-outils\\\/vie-au-cegep\\\/vie-etudiante\\\/boutique-en-ligne\\\/\",\"url\":\"https:\\\/\\\/cegepgim.ca\\\/zoneetudiante\\\/ressources-et-outils\\\/vie-au-cegep\\\/vie-etudiante\\\/boutique-en-ligne\\\/\",\"name\":\"Boutique en ligne - La Zone \u00e9tudiante du C\u00e9gep de la Gasp\u00e9sie et des \u00celes\",\"isPartOf\":{\"@id\":\"https:\\\/\\\/cegepgim.ca\\\/zoneetudiante\\\/#website\"},\"datePublished\":\"2024-10-07T18:19:28+00:00\",\"dateModified\":\"2025-09-09T20:25:18+00:00\",\"breadcrumb\":{\"@id\":\"https:\\\/\\\/cegepgim.ca\\\/zoneetudiante\\\/ressources-et-outils\\\/vie-au-cegep\\\/vie-etudiante\\\/boutique-en-ligne\\\/#breadcrumb\"},\"inLanguage\":\"fr-FR\",\"potentialAction\":[{\"@type\":\"ReadAction\",\"target\":[\"https:\\\/\\\/cegepgim.ca\\\/zoneetudiante\\\/ressources-et-outils\\\/vie-au-cegep\\\/vie-etudiante\\\/boutique-en-ligne\\\/\"]}]},{\"@type\":\"BreadcrumbList\",\"@id\":\"https:\\\/\\\/cegepgim.ca\\\/zoneetudiante\\\/ressources-et-outils\\\/vie-au-cegep\\\/vie-etudiante\\\/boutique-en-ligne\\\/#breadcrumb\",\"itemListElement\":[{\"@type\":\"ListItem\",\"position\":1,\"name\":\"La Zone \u00e9tudiante\",\"item\":\"https:\\\/\\\/cegepgim.ca\\\/zoneetudiante\\\/\"},{\"@type\":\"ListItem\",\"position\":2,\"name\":\"Ressources et outils\",\"item\":\"https:\\\/\\\/cegepgim.ca\\\/zoneetudiante\\\/resources-and-tools\\\/\"},{\"@type\":\"ListItem\",\"position\":3,\"name\":\"Vie au C\u00e9gep\",\"item\":\"https:\\\/\\\/cegepgim.ca\\\/zoneetudiante\\\/ressources-et-outils\\\/vie-au-cegep\\\/\"},{\"@type\":\"ListItem\",\"position\":4,\"name\":\"Vie \u00e9tudiante\",\"item\":\"https:\\\/\\\/cegepgim.ca\\\/zoneetudiante\\\/ressources-et-outils\\\/vie-au-cegep\\\/vie-etudiante\\\/\"},{\"@type\":\"ListItem\",\"position\":5,\"name\":\"Boutique en ligne\"}]},{\"@type\":\"WebSite\",\"@id\":\"https:\\\/\\\/cegepgim.ca\\\/zoneetudiante\\\/#website\",\"url\":\"https:\\\/\\\/cegepgim.ca\\\/zoneetudiante\\\/\",\"name\":\"La Zone \u00e9tudiante du C\u00e9gep de la Gasp\u00e9sie et des \u00celes\",\"description\":\"Ton aventure commence ici!\",\"publisher\":{\"@id\":\"https:\\\/\\\/cegepgim.ca\\\/zoneetudiante\\\/#organization\"},\"potentialAction\":[{\"@type\":\"SearchAction\",\"target\":{\"@type\":\"EntryPoint\",\"urlTemplate\":\"https:\\\/\\\/cegepgim.ca\\\/zoneetudiante\\\/?s={search_term_string}\"},\"query-input\":{\"@type\":\"PropertyValueSpecification\",\"valueRequired\":true,\"valueName\":\"search_term_string\"}}],\"inLanguage\":\"fr-FR\"},{\"@type\":\"Organization\",\"@id\":\"https:\\\/\\\/cegepgim.ca\\\/zoneetudiante\\\/#organization\",\"name\":\"La Zone \u00e9tudiante du C\u00e9gep de la Gasp\u00e9sie et des \u00celes\",\"url\":\"https:\\\/\\\/cegepgim.ca\\\/zoneetudiante\\\/\",\"logo\":{\"@type\":\"ImageObject\",\"inLanguage\":\"fr-FR\",\"@id\":\"https:\\\/\\\/cegepgim.ca\\\/zoneetudiante\\\/#\\\/schema\\\/logo\\\/image\\\/\",\"url\":\"https:\\\/\\\/cegepgim.ca\\\/zoneetudiante\\\/wp-content\\\/uploads\\\/ImageDePartage-01.jpg\",\"contentUrl\":\"https:\\\/\\\/cegepgim.ca\\\/zoneetudiante\\\/wp-content\\\/uploads\\\/ImageDePartage-01.jpg\",\"width\":1200,\"height\":630,\"caption\":\"La Zone \u00e9tudiante du C\u00e9gep de la Gasp\u00e9sie et des \u00celes\"},\"image\":{\"@id\":\"https:\\\/\\\/cegepgim.ca\\\/zoneetudiante\\\/#\\\/schema\\\/logo\\\/image\\\/\"}}]}<\/script>\n<!-- \/ Yoast SEO plugin. -->","yoast_head_json":{"title":"Boutique en ligne - La Zone \u00e9tudiante du C\u00e9gep de la Gasp\u00e9sie et des \u00celes","robots":{"index":"index","follow":"follow","max-snippet":"max-snippet:-1","max-image-preview":"max-image-preview:large","max-video-preview":"max-video-preview:-1"},"canonical":"https:\/\/cegepgim.ca\/zoneetudiante\/ressources-et-outils\/vie-au-cegep\/vie-etudiante\/boutique-en-ligne\/","og_locale":"fr_FR","og_type":"article","og_title":"Boutique en ligne - La Zone \u00e9tudiante du C\u00e9gep de la Gasp\u00e9sie et des \u00celes","og_description":"Chaque d\u00e9but de session d\u2019automne, le C\u00e9gep propose une boutique en ligne, o\u00f9 il est possible de faire l\u2019achat d\u2019un v\u00eatement ou d\u2019un accessoire \u00e0 son effigie. La boutique en ligne de l\u2019automne 2025 ouvrira du 11 au 25 septembre. Tous les d\u00e9tails te seront communiqu\u00e9s sur Omnivox et sur des affiches \u00e0 l\u2019int\u00e9rieur des [&hellip;]","og_url":"https:\/\/cegepgim.ca\/zoneetudiante\/ressources-et-outils\/vie-au-cegep\/vie-etudiante\/boutique-en-ligne\/","og_site_name":"La Zone \u00e9tudiante du C\u00e9gep de la Gasp\u00e9sie et des \u00celes","article_modified_time":"2025-09-09T20:25:18+00:00","twitter_card":"summary_large_image","twitter_misc":{"Dur\u00e9e de lecture estim\u00e9e":"1 minute"},"schema":{"@context":"https:\/\/schema.org","@graph":[{"@type":"WebPage","@id":"https:\/\/cegepgim.ca\/zoneetudiante\/ressources-et-outils\/vie-au-cegep\/vie-etudiante\/boutique-en-ligne\/","url":"https:\/\/cegepgim.ca\/zoneetudiante\/ressources-et-outils\/vie-au-cegep\/vie-etudiante\/boutique-en-ligne\/","name":"Boutique en ligne - La Zone \u00e9tudiante du C\u00e9gep de la Gasp\u00e9sie et des \u00celes","isPartOf":{"@id":"https:\/\/cegepgim.ca\/zoneetudiante\/#website"},"datePublished":"2024-10-07T18:19:28+00:00","dateModified":"2025-09-09T20:25:18+00:00","breadcrumb":{"@id":"https:\/\/cegepgim.ca\/zoneetudiante\/ressources-et-outils\/vie-au-cegep\/vie-etudiante\/boutique-en-ligne\/#breadcrumb"},"inLanguage":"fr-FR","potentialAction":[{"@type":"ReadAction","target":["https:\/\/cegepgim.ca\/zoneetudiante\/ressources-et-outils\/vie-au-cegep\/vie-etudiante\/boutique-en-ligne\/"]}]},{"@type":"BreadcrumbList","@id":"https:\/\/cegepgim.ca\/zoneetudiante\/ressources-et-outils\/vie-au-cegep\/vie-etudiante\/boutique-en-ligne\/#breadcrumb","itemListElement":[{"@type":"ListItem","position":1,"name":"La Zone \u00e9tudiante","item":"https:\/\/cegepgim.ca\/zoneetudiante\/"},{"@type":"ListItem","position":2,"name":"Ressources et outils","item":"https:\/\/cegepgim.ca\/zoneetudiante\/resources-and-tools\/"},{"@type":"ListItem","position":3,"name":"Vie au C\u00e9gep","item":"https:\/\/cegepgim.ca\/zoneetudiante\/ressources-et-outils\/vie-au-cegep\/"},{"@type":"ListItem","position":4,"name":"Vie \u00e9tudiante","item":"https:\/\/cegepgim.ca\/zoneetudiante\/ressources-et-outils\/vie-au-cegep\/vie-etudiante\/"},{"@type":"ListItem","position":5,"name":"Boutique en ligne"}]},{"@type":"WebSite","@id":"https:\/\/cegepgim.ca\/zoneetudiante\/#website","url":"https:\/\/cegepgim.ca\/zoneetudiante\/","name":"La Zone \u00e9tudiante du C\u00e9gep de la Gasp\u00e9sie et des \u00celes","description":"Ton aventure commence ici!","publisher":{"@id":"https:\/\/cegepgim.ca\/zoneetudiante\/#organization"},"potentialAction":[{"@type":"SearchAction","target":{"@type":"EntryPoint","urlTemplate":"https:\/\/cegepgim.ca\/zoneetudiante\/?s={search_term_string}"},"query-input":{"@type":"PropertyValueSpecification","valueRequired":true,"valueName":"search_term_string"}}],"inLanguage":"fr-FR"},{"@type":"Organization","@id":"https:\/\/cegepgim.ca\/zoneetudiante\/#organization","name":"La Zone \u00e9tudiante du C\u00e9gep de la Gasp\u00e9sie et des \u00celes","url":"https:\/\/cegepgim.ca\/zoneetudiante\/","logo":{"@type":"ImageObject","inLanguage":"fr-FR","@id":"https:\/\/cegepgim.ca\/zoneetudiante\/#\/schema\/logo\/image\/","url":"https:\/\/cegepgim.ca\/zoneetudiante\/wp-content\/uploads\/ImageDePartage-01.jpg","contentUrl":"https:\/\/cegepgim.ca\/zoneetudiante\/wp-content\/uploads\/ImageDePartage-01.jpg","width":1200,"height":630,"caption":"La Zone \u00e9tudiante du C\u00e9gep de la Gasp\u00e9sie et des \u00celes"},"image":{"@id":"https:\/\/cegepgim.ca\/zoneetudiante\/#\/schema\/logo\/image\/"}}]}},"_links":{"self":[{"href":"https:\/\/cegepgim.ca\/zoneetudiante\/wp-json\/wp\/v2\/pages\/13222","targetHints":{"allow":["GET"]}}],"collection":[{"href":"https:\/\/cegepgim.ca\/zoneetudiante\/wp-json\/wp\/v2\/pages"}],"about":[{"href":"https:\/\/cegepgim.ca\/zoneetudiante\/wp-json\/wp\/v2\/types\/page"}],"author":[{"embeddable":true,"href":"https:\/\/cegepgim.ca\/zoneetudiante\/wp-json\/wp\/v2\/users\/2"}],"replies":[{"embeddable":true,"href":"https:\/\/cegepgim.ca\/zoneetudiante\/wp-json\/wp\/v2\/comments?post=13222"}],"version-history":[{"count":22,"href":"https:\/\/cegepgim.ca\/zoneetudiante\/wp-json\/wp\/v2\/pages\/13222\/revisions"}],"predecessor-version":[{"id":16017,"href":"https:\/\/cegepgim.ca\/zoneetudiante\/wp-json\/wp\/v2\/pages\/13222\/revisions\/16017"}],"up":[{"embeddable":true,"href":"https:\/\/cegepgim.ca\/zoneetudiante\/wp-json\/wp\/v2\/pages\/3869"}],"wp:attachment":[{"href":"https:\/\/cegepgim.ca\/zoneetudiante\/wp-json\/wp\/v2\/media?parent=13222"}],"curies":[{"name":"wp","href":"https:\/\/api.w.org\/{rel}","templated":true}]}}