{"id":8873,"date":"2023-09-07T11:45:16","date_gmt":"2023-09-07T15:45:16","guid":{"rendered":"https:\/\/laboiteflexible.com\/staging\/lazoneetudiante\/resources-and-tools\/life-at-cegep\/"},"modified":"2025-07-10T10:17:44","modified_gmt":"2025-07-10T14:17:44","slug":"life-at-cegep","status":"publish","type":"page","link":"https:\/\/cegepgim.ca\/zoneetudiante\/en\/resources-and-tools\/life-at-cegep\/","title":{"rendered":"Life at CEGEP"},"content":{"rendered":"\t\t<div data-elementor-type=\"wp-page\" data-elementor-id=\"8873\" class=\"elementor elementor-8873 elementor-45\" data-elementor-post-type=\"page\">\n\t\t\t\t<div class=\"has_eae_slider elementor-element elementor-element-6540162 e-con-full e-flex e-con e-parent\" data-eae-slider=\"27039\" data-id=\"6540162\" data-element_type=\"container\" data-e-type=\"container\" data-settings=\"{&quot;background_background&quot;:&quot;classic&quot;}\">\n\t\t<div class=\"has_eae_slider elementor-element elementor-element-a366948 e-flex e-con-boxed e-con e-child\" data-eae-slider=\"1420\" data-id=\"a366948\" data-element_type=\"container\" data-e-type=\"container\" data-settings=\"{&quot;background_background&quot;:&quot;classic&quot;,&quot;background_motion_fx_motion_fx_scrolling&quot;:&quot;yes&quot;,&quot;background_motion_fx_devices&quot;:[&quot;desktop&quot;,&quot;tablet&quot;,&quot;mobile&quot;]}\">\n\t\t\t\t\t<div class=\"e-con-inner\">\n\t\t\t\t\t<\/div>\n\t\t\t\t<\/div>\n\t\t<div class=\"has_eae_slider elementor-element elementor-element-7913297 e-flex e-con-boxed e-con e-child\" data-eae-slider=\"38575\" data-id=\"7913297\" data-element_type=\"container\" data-e-type=\"container\">\n\t\t\t\t\t<div class=\"e-con-inner\">\n\t\t<div class=\"has_eae_slider elementor-element elementor-element-f962c78 e-con-full e-flex e-con e-child\" data-eae-slider=\"40316\" data-id=\"f962c78\" data-element_type=\"container\" data-e-type=\"container\">\n\t\t<a class=\"has_eae_slider elementor-element elementor-element-8f554d1 e-con-full e-flex e-con e-child\" data-eae-slider=\"81141\" data-id=\"8f554d1\" data-element_type=\"container\" data-e-type=\"container\" data-settings=\"{&quot;background_background&quot;:&quot;classic&quot;}\" href=\"https:\/\/cegepgim.ca\/zoneetudiante\/en\/resources-and-tools\/well-being-and-health\/\">\n\t\t\t\t<div class=\"elementor-element elementor-element-31f1ce0 elementor-view-stacked elementor-shape-circle elementor-widget elementor-widget-icon\" data-id=\"31f1ce0\" data-element_type=\"widget\" data-e-type=\"widget\" data-widget_type=\"icon.default\">\n\t\t\t\t<div class=\"elementor-widget-container\">\n\t\t\t\t\t\t\t<div class=\"elementor-icon-wrapper\">\n\t\t\t<div class=\"elementor-icon\">\n\t\t\t<i aria-hidden=\"true\" class=\"fas fa-check\"><\/i>\t\t\t<\/div>\n\t\t<\/div>\n\t\t\t\t\t\t<\/div>\n\t\t\t\t<\/div>\n\t\t\t\t<div class=\"elementor-element elementor-element-89878c6 elementor-widget elementor-widget-heading\" data-id=\"89878c6\" data-element_type=\"widget\" data-e-type=\"widget\" data-widget_type=\"heading.default\">\n\t\t\t\t<div class=\"elementor-widget-container\">\n\t\t\t\t\t<h3 class=\"elementor-heading-title elementor-size-default\">Weel-being and health<\/h3>\t\t\t\t<\/div>\n\t\t\t\t<\/div>\n\t\t\t\t<div class=\"elementor-element elementor-element-c5d262f elementor-widget elementor-widget-text-editor\" data-id=\"c5d262f\" data-element_type=\"widget\" data-e-type=\"widget\" data-widget_type=\"text-editor.default\">\n\t\t\t\t<div class=\"elementor-widget-container\">\n\t\t\t\t\t\t\t\t\t<p><span style=\"color: #000000;\"><em>Psychosocial and health services, sexual violence, suicide prevention, healt services, sexuality and intimate relationship, etc.<\/em><\/span><\/p>\t\t\t\t\t\t\t\t<\/div>\n\t\t\t\t<\/div>\n\t\t\t\t<\/a>\n\t\t<a class=\"has_eae_slider elementor-element elementor-element-fc648f2 e-con-full e-flex e-con e-child\" data-eae-slider=\"6767\" data-id=\"fc648f2\" data-element_type=\"container\" data-e-type=\"container\" data-settings=\"{&quot;background_background&quot;:&quot;classic&quot;}\" href=\"https:\/\/cegepgim.ca\/zoneetudiante\/en\/resources-and-tools\/life-at-cegep\/integrate\/\">\n\t\t\t\t<div class=\"elementor-element elementor-element-01aef75 elementor-view-stacked elementor-shape-circle elementor-widget elementor-widget-icon\" data-id=\"01aef75\" data-element_type=\"widget\" data-e-type=\"widget\" data-widget_type=\"icon.default\">\n\t\t\t\t<div class=\"elementor-widget-container\">\n\t\t\t\t\t\t\t<div class=\"elementor-icon-wrapper\">\n\t\t\t<div class=\"elementor-icon\">\n\t\t\t<i aria-hidden=\"true\" class=\"fas fa-check\"><\/i>\t\t\t<\/div>\n\t\t<\/div>\n\t\t\t\t\t\t<\/div>\n\t\t\t\t<\/div>\n\t\t\t\t<div class=\"elementor-element elementor-element-892306e elementor-widget elementor-widget-heading\" data-id=\"892306e\" data-element_type=\"widget\" data-e-type=\"widget\" data-widget_type=\"heading.default\">\n\t\t\t\t<div class=\"elementor-widget-container\">\n\t\t\t\t\t<h3 class=\"elementor-heading-title elementor-size-default\">Integrating<\/h3>\t\t\t\t<\/div>\n\t\t\t\t<\/div>\n\t\t\t\t<div class=\"elementor-element elementor-element-91170a3 elementor-widget elementor-widget-text-editor\" data-id=\"91170a3\" data-element_type=\"widget\" data-e-type=\"widget\" data-widget_type=\"text-editor.default\">\n\t\t\t\t<div class=\"elementor-widget-container\">\n\t\t\t\t\t\t\t\t\t<p><span style=\"color: #000000;\"><em>First session, coming from another region, coming from another country, etc.<\/em><\/span><\/p>\n\t\t\t\t\t\t\t\t<\/div>\n\t\t\t\t<\/div>\n\t\t\t\t<\/a>\n\t\t<a class=\"has_eae_slider elementor-element elementor-element-3f68a0a e-con-full e-flex e-con e-child\" data-eae-slider=\"99375\" data-id=\"3f68a0a\" data-element_type=\"container\" data-e-type=\"container\" data-settings=\"{&quot;background_background&quot;:&quot;classic&quot;}\" href=\"https:\/\/cegepgim.ca\/zoneetudiante\/en\/resources-and-tools\/life-at-cegep\/student-life\/\">\n\t\t\t\t<div class=\"elementor-element elementor-element-2f009dd elementor-view-stacked elementor-shape-circle elementor-widget elementor-widget-icon\" data-id=\"2f009dd\" data-element_type=\"widget\" data-e-type=\"widget\" data-widget_type=\"icon.default\">\n\t\t\t\t<div class=\"elementor-widget-container\">\n\t\t\t\t\t\t\t<div class=\"elementor-icon-wrapper\">\n\t\t\t<div class=\"elementor-icon\">\n\t\t\t<i aria-hidden=\"true\" class=\"fas fa-check\"><\/i>\t\t\t<\/div>\n\t\t<\/div>\n\t\t\t\t\t\t<\/div>\n\t\t\t\t<\/div>\n\t\t\t\t<div class=\"elementor-element elementor-element-3904ee5 elementor-widget elementor-widget-heading\" data-id=\"3904ee5\" data-element_type=\"widget\" data-e-type=\"widget\" data-widget_type=\"heading.default\">\n\t\t\t\t<div class=\"elementor-widget-container\">\n\t\t\t\t\t<h3 class=\"elementor-heading-title elementor-size-default\">Student life<\/h3>\t\t\t\t<\/div>\n\t\t\t\t<\/div>\n\t\t\t\t<div class=\"elementor-element elementor-element-55e4c48 elementor-widget elementor-widget-text-editor\" data-id=\"55e4c48\" data-element_type=\"widget\" data-e-type=\"widget\" data-widget_type=\"text-editor.default\">\n\t\t\t\t<div class=\"elementor-widget-container\">\n\t\t\t\t\t\t\t\t\t<p><span style=\"color: #000000;\"><em>Sports activities, socio-cultural activities, community involvement, emergency procedures, store online, etc.<\/em><\/span><\/p>\t\t\t\t\t\t\t\t<\/div>\n\t\t\t\t<\/div>\n\t\t\t\t<\/a>\n\t\t<a class=\"has_eae_slider elementor-element elementor-element-a771d12 e-con-full e-flex e-con e-child\" data-eae-slider=\"8495\" data-id=\"a771d12\" data-element_type=\"container\" data-e-type=\"container\" data-settings=\"{&quot;background_background&quot;:&quot;classic&quot;}\" href=\"https:\/\/cegepgim.ca\/zoneetudiante\/en\/resources-and-tools\/life-at-cegep\/sustainable-development\/\">\n\t\t\t\t<div class=\"elementor-element elementor-element-5676a4e elementor-view-stacked elementor-shape-circle elementor-widget elementor-widget-icon\" data-id=\"5676a4e\" data-element_type=\"widget\" data-e-type=\"widget\" data-widget_type=\"icon.default\">\n\t\t\t\t<div class=\"elementor-widget-container\">\n\t\t\t\t\t\t\t<div class=\"elementor-icon-wrapper\">\n\t\t\t<div class=\"elementor-icon\">\n\t\t\t<i aria-hidden=\"true\" class=\"fas fa-check\"><\/i>\t\t\t<\/div>\n\t\t<\/div>\n\t\t\t\t\t\t<\/div>\n\t\t\t\t<\/div>\n\t\t\t\t<div class=\"elementor-element elementor-element-36b0dd8 elementor-widget elementor-widget-heading\" data-id=\"36b0dd8\" data-element_type=\"widget\" data-e-type=\"widget\" data-widget_type=\"heading.default\">\n\t\t\t\t<div class=\"elementor-widget-container\">\n\t\t\t\t\t<h3 class=\"elementor-heading-title elementor-size-default\">Sustainable development<\/h3>\t\t\t\t<\/div>\n\t\t\t\t<\/div>\n\t\t\t\t<div class=\"elementor-element elementor-element-e9cccd1 elementor-widget elementor-widget-text-editor\" data-id=\"e9cccd1\" data-element_type=\"widget\" data-e-type=\"widget\" data-widget_type=\"text-editor.default\">\n\t\t\t\t<div class=\"elementor-widget-container\">\n\t\t\t\t\t\t\t\t\t<p><span style=\"color: #000000;\"><em>Eco-responsible CEGEP, eco-responsible behaviours, getting involved, collaborating, etc.<\/em><\/span><\/p>\n\t\t\t\t\t\t\t\t<\/div>\n\t\t\t\t<\/div>\n\t\t\t\t<\/a>\n\t\t<a class=\"has_eae_slider elementor-element elementor-element-98e42bc e-con-full e-flex e-con e-child\" data-eae-slider=\"94794\" data-id=\"98e42bc\" data-element_type=\"container\" data-e-type=\"container\" data-settings=\"{&quot;background_background&quot;:&quot;classic&quot;}\" href=\"https:\/\/cegepgim.ca\/zoneetudiante\/en\/resources-and-tools\/life-at-cegep\/student-jobs\/\">\n\t\t\t\t<div class=\"elementor-element elementor-element-2d7990e elementor-view-stacked elementor-shape-circle elementor-widget elementor-widget-icon\" data-id=\"2d7990e\" data-element_type=\"widget\" data-e-type=\"widget\" data-widget_type=\"icon.default\">\n\t\t\t\t<div class=\"elementor-widget-container\">\n\t\t\t\t\t\t\t<div class=\"elementor-icon-wrapper\">\n\t\t\t<div class=\"elementor-icon\">\n\t\t\t<i aria-hidden=\"true\" class=\"fas fa-check\"><\/i>\t\t\t<\/div>\n\t\t<\/div>\n\t\t\t\t\t\t<\/div>\n\t\t\t\t<\/div>\n\t\t\t\t<div class=\"elementor-element elementor-element-373b010 elementor-widget elementor-widget-heading\" data-id=\"373b010\" data-element_type=\"widget\" data-e-type=\"widget\" data-widget_type=\"heading.default\">\n\t\t\t\t<div class=\"elementor-widget-container\">\n\t\t\t\t\t<h3 class=\"elementor-heading-title elementor-size-default\">Student jobs<\/h3>\t\t\t\t<\/div>\n\t\t\t\t<\/div>\n\t\t\t\t<div class=\"elementor-element elementor-element-9a82230 elementor-widget elementor-widget-text-editor\" data-id=\"9a82230\" data-element_type=\"widget\" data-e-type=\"widget\" data-widget_type=\"text-editor.default\">\n\t\t\t\t<div class=\"elementor-widget-container\">\n\t\t\t\t\t\t\t\t\t<p><span style=\"color: #000000;\"><em>Working at CEGEP, working outside CEGEP, balancing studies and work, employers, etc.<\/em><\/span><\/p>\n\t\t\t\t\t\t\t\t<\/div>\n\t\t\t\t<\/div>\n\t\t\t\t<\/a>\n\t\t<a class=\"has_eae_slider elementor-element elementor-element-feca006 e-con-full e-flex e-con e-child\" data-eae-slider=\"43667\" data-id=\"feca006\" data-element_type=\"container\" data-e-type=\"container\" data-settings=\"{&quot;background_background&quot;:&quot;classic&quot;}\" href=\"https:\/\/cegepgim.ca\/zoneetudiante\/en\/resources-and-tools\/life-at-cegep\/accommodation-food-and-transport\/\">\n\t\t\t\t<div class=\"elementor-element elementor-element-208b58a elementor-view-stacked elementor-shape-circle elementor-widget elementor-widget-icon\" data-id=\"208b58a\" data-element_type=\"widget\" data-e-type=\"widget\" data-widget_type=\"icon.default\">\n\t\t\t\t<div class=\"elementor-widget-container\">\n\t\t\t\t\t\t\t<div class=\"elementor-icon-wrapper\">\n\t\t\t<div class=\"elementor-icon\">\n\t\t\t<i aria-hidden=\"true\" class=\"fas fa-check\"><\/i>\t\t\t<\/div>\n\t\t<\/div>\n\t\t\t\t\t\t<\/div>\n\t\t\t\t<\/div>\n\t\t\t\t<div class=\"elementor-element elementor-element-1fecdf8 elementor-widget elementor-widget-heading\" data-id=\"1fecdf8\" data-element_type=\"widget\" data-e-type=\"widget\" data-widget_type=\"heading.default\">\n\t\t\t\t<div class=\"elementor-widget-container\">\n\t\t\t\t\t<h3 class=\"elementor-heading-title elementor-size-default\">Accommodation, food and transport<\/h3>\t\t\t\t<\/div>\n\t\t\t\t<\/div>\n\t\t\t\t<div class=\"elementor-element elementor-element-b911210 elementor-widget elementor-widget-text-editor\" data-id=\"b911210\" data-element_type=\"widget\" data-e-type=\"widget\" data-widget_type=\"text-editor.default\">\n\t\t\t\t<div class=\"elementor-widget-container\">\n\t\t\t\t\t\t\t\t\t<p><span style=\"color: #000000;\"><em>C\u00e9gep accommodations, leases and rentals, student cafeterias and caf\u00e9s, food support, public transport, charging stations, parking, etc.<\/em><\/span><\/p>\t\t\t\t\t\t\t\t<\/div>\n\t\t\t\t<\/div>\n\t\t\t\t<\/a>\n\t\t\t\t<\/div>\n\t\t\t\t\t<\/div>\n\t\t\t\t<\/div>\n\t\t\t\t<\/div>\n\t\t\t\t<\/div>\n\t\t","protected":false},"excerpt":{"rendered":"<p>Weel-being and health Psychosocial and health services, sexual violence, suicide prevention, healt services, sexuality and intimate relationship, etc. Integrating First session, coming from another region, coming from another country, etc. Student life Sports activities, socio-cultural activities, community involvement, emergency procedures, store online, etc. Sustainable development Eco-responsible CEGEP, eco-responsible behaviours, getting involved, collaborating, etc. Student jobs [&hellip;]<\/p>\n","protected":false},"author":1,"featured_media":0,"parent":3694,"menu_order":0,"comment_status":"closed","ping_status":"closed","template":"","meta":{"_acf_changed":false,"footnotes":""},"class_list":["post-8873","page","type-page","status-publish","hentry"],"acf":[],"yoast_head":"<!-- This site is optimized with the Yoast SEO plugin v27.4 - https:\/\/yoast.com\/product\/yoast-seo-wordpress\/ -->\n<title>Life at CEGEP - The C\u00e9gep de la Gasp\u00e9sie et des \u00celes Student Zone<\/title>\n<meta name=\"robots\" content=\"index, follow, max-snippet:-1, max-image-preview:large, max-video-preview:-1\" \/>\n<link rel=\"canonical\" href=\"https:\/\/cegepgim.ca\/zoneetudiante\/en\/resources-and-tools\/life-at-cegep\/\" \/>\n<meta property=\"og:locale\" content=\"en_US\" \/>\n<meta property=\"og:type\" content=\"article\" \/>\n<meta property=\"og:title\" content=\"Life at CEGEP - The C\u00e9gep de la Gasp\u00e9sie et des \u00celes Student Zone\" \/>\n<meta property=\"og:description\" content=\"Weel-being and health Psychosocial and health services, sexual violence, suicide prevention, healt services, sexuality and intimate relationship, etc. Integrating First session, coming from another region, coming from another country, etc. Student life Sports activities, socio-cultural activities, community involvement, emergency procedures, store online, etc. Sustainable development Eco-responsible CEGEP, eco-responsible behaviours, getting involved, collaborating, etc. Student jobs [&hellip;]\" \/>\n<meta property=\"og:url\" content=\"https:\/\/cegepgim.ca\/zoneetudiante\/en\/resources-and-tools\/life-at-cegep\/\" \/>\n<meta property=\"og:site_name\" content=\"The C\u00e9gep de la Gasp\u00e9sie et des \u00celes Student Zone\" \/>\n<meta property=\"article:modified_time\" content=\"2025-07-10T14:17:44+00:00\" \/>\n<meta name=\"twitter:card\" content=\"summary_large_image\" \/>\n<meta name=\"twitter:label1\" content=\"Est. reading time\" \/>\n\t<meta name=\"twitter:data1\" content=\"1 minute\" \/>\n<script type=\"application\/ld+json\" class=\"yoast-schema-graph\">{\"@context\":\"https:\\\/\\\/schema.org\",\"@graph\":[{\"@type\":\"WebPage\",\"@id\":\"https:\\\/\\\/cegepgim.ca\\\/zoneetudiante\\\/en\\\/resources-and-tools\\\/life-at-cegep\\\/\",\"url\":\"https:\\\/\\\/cegepgim.ca\\\/zoneetudiante\\\/en\\\/resources-and-tools\\\/life-at-cegep\\\/\",\"name\":\"Life at CEGEP - The C\u00e9gep de la Gasp\u00e9sie et des \u00celes Student Zone\",\"isPartOf\":{\"@id\":\"https:\\\/\\\/cegepgim.ca\\\/zoneetudiante\\\/en\\\/#website\"},\"datePublished\":\"2023-09-07T15:45:16+00:00\",\"dateModified\":\"2025-07-10T14:17:44+00:00\",\"breadcrumb\":{\"@id\":\"https:\\\/\\\/cegepgim.ca\\\/zoneetudiante\\\/en\\\/resources-and-tools\\\/life-at-cegep\\\/#breadcrumb\"},\"inLanguage\":\"en-US\",\"potentialAction\":[{\"@type\":\"ReadAction\",\"target\":[\"https:\\\/\\\/cegepgim.ca\\\/zoneetudiante\\\/en\\\/resources-and-tools\\\/life-at-cegep\\\/\"]}]},{\"@type\":\"BreadcrumbList\",\"@id\":\"https:\\\/\\\/cegepgim.ca\\\/zoneetudiante\\\/en\\\/resources-and-tools\\\/life-at-cegep\\\/#breadcrumb\",\"itemListElement\":[{\"@type\":\"ListItem\",\"position\":1,\"name\":\"Student Zone\",\"item\":\"https:\\\/\\\/cegepgim.ca\\\/zoneetudiante\\\/en\\\/\"},{\"@type\":\"ListItem\",\"position\":2,\"name\":\"Resources and tools\",\"item\":\"https:\\\/\\\/cegepgim.ca\\\/zoneetudiante\\\/en\\\/resources-and-tools\\\/\"},{\"@type\":\"ListItem\",\"position\":3,\"name\":\"Life at CEGEP\"}]},{\"@type\":\"WebSite\",\"@id\":\"https:\\\/\\\/cegepgim.ca\\\/zoneetudiante\\\/en\\\/#website\",\"url\":\"https:\\\/\\\/cegepgim.ca\\\/zoneetudiante\\\/en\\\/\",\"name\":\"La Zone \u00e9tudiante du C\u00e9gep de la Gasp\u00e9sie et des \u00celes\",\"description\":\"Ton aventure commence ici!\",\"publisher\":{\"@id\":\"https:\\\/\\\/cegepgim.ca\\\/zoneetudiante\\\/en\\\/#organization\"},\"potentialAction\":[{\"@type\":\"SearchAction\",\"target\":{\"@type\":\"EntryPoint\",\"urlTemplate\":\"https:\\\/\\\/cegepgim.ca\\\/zoneetudiante\\\/en\\\/?s={search_term_string}\"},\"query-input\":{\"@type\":\"PropertyValueSpecification\",\"valueRequired\":true,\"valueName\":\"search_term_string\"}}],\"inLanguage\":\"en-US\"},{\"@type\":\"Organization\",\"@id\":\"https:\\\/\\\/cegepgim.ca\\\/zoneetudiante\\\/en\\\/#organization\",\"name\":\"La Zone \u00e9tudiante du C\u00e9gep de la Gasp\u00e9sie et des \u00celes\",\"url\":\"https:\\\/\\\/cegepgim.ca\\\/zoneetudiante\\\/en\\\/\",\"logo\":{\"@type\":\"ImageObject\",\"inLanguage\":\"en-US\",\"@id\":\"https:\\\/\\\/cegepgim.ca\\\/zoneetudiante\\\/en\\\/#\\\/schema\\\/logo\\\/image\\\/\",\"url\":\"https:\\\/\\\/cegepgim.ca\\\/zoneetudiante\\\/wp-content\\\/uploads\\\/ImageDePartage-01.jpg\",\"contentUrl\":\"https:\\\/\\\/cegepgim.ca\\\/zoneetudiante\\\/wp-content\\\/uploads\\\/ImageDePartage-01.jpg\",\"width\":1200,\"height\":630,\"caption\":\"La Zone \u00e9tudiante du C\u00e9gep de la Gasp\u00e9sie et des \u00celes\"},\"image\":{\"@id\":\"https:\\\/\\\/cegepgim.ca\\\/zoneetudiante\\\/en\\\/#\\\/schema\\\/logo\\\/image\\\/\"}}]}<\/script>\n<!-- \/ Yoast SEO plugin. -->","yoast_head_json":{"title":"Life at CEGEP - The C\u00e9gep de la Gasp\u00e9sie et des \u00celes Student Zone","robots":{"index":"index","follow":"follow","max-snippet":"max-snippet:-1","max-image-preview":"max-image-preview:large","max-video-preview":"max-video-preview:-1"},"canonical":"https:\/\/cegepgim.ca\/zoneetudiante\/en\/resources-and-tools\/life-at-cegep\/","og_locale":"en_US","og_type":"article","og_title":"Life at CEGEP - The C\u00e9gep de la Gasp\u00e9sie et des \u00celes Student Zone","og_description":"Weel-being and health Psychosocial and health services, sexual violence, suicide prevention, healt services, sexuality and intimate relationship, etc. Integrating First session, coming from another region, coming from another country, etc. Student life Sports activities, socio-cultural activities, community involvement, emergency procedures, store online, etc. Sustainable development Eco-responsible CEGEP, eco-responsible behaviours, getting involved, collaborating, etc. Student jobs [&hellip;]","og_url":"https:\/\/cegepgim.ca\/zoneetudiante\/en\/resources-and-tools\/life-at-cegep\/","og_site_name":"The C\u00e9gep de la Gasp\u00e9sie et des \u00celes Student Zone","article_modified_time":"2025-07-10T14:17:44+00:00","twitter_card":"summary_large_image","twitter_misc":{"Est. reading time":"1 minute"},"schema":{"@context":"https:\/\/schema.org","@graph":[{"@type":"WebPage","@id":"https:\/\/cegepgim.ca\/zoneetudiante\/en\/resources-and-tools\/life-at-cegep\/","url":"https:\/\/cegepgim.ca\/zoneetudiante\/en\/resources-and-tools\/life-at-cegep\/","name":"Life at CEGEP - The C\u00e9gep de la Gasp\u00e9sie et des \u00celes Student Zone","isPartOf":{"@id":"https:\/\/cegepgim.ca\/zoneetudiante\/en\/#website"},"datePublished":"2023-09-07T15:45:16+00:00","dateModified":"2025-07-10T14:17:44+00:00","breadcrumb":{"@id":"https:\/\/cegepgim.ca\/zoneetudiante\/en\/resources-and-tools\/life-at-cegep\/#breadcrumb"},"inLanguage":"en-US","potentialAction":[{"@type":"ReadAction","target":["https:\/\/cegepgim.ca\/zoneetudiante\/en\/resources-and-tools\/life-at-cegep\/"]}]},{"@type":"BreadcrumbList","@id":"https:\/\/cegepgim.ca\/zoneetudiante\/en\/resources-and-tools\/life-at-cegep\/#breadcrumb","itemListElement":[{"@type":"ListItem","position":1,"name":"Student Zone","item":"https:\/\/cegepgim.ca\/zoneetudiante\/en\/"},{"@type":"ListItem","position":2,"name":"Resources and tools","item":"https:\/\/cegepgim.ca\/zoneetudiante\/en\/resources-and-tools\/"},{"@type":"ListItem","position":3,"name":"Life at CEGEP"}]},{"@type":"WebSite","@id":"https:\/\/cegepgim.ca\/zoneetudiante\/en\/#website","url":"https:\/\/cegepgim.ca\/zoneetudiante\/en\/","name":"La Zone \u00e9tudiante du C\u00e9gep de la Gasp\u00e9sie et des \u00celes","description":"Ton aventure commence ici!","publisher":{"@id":"https:\/\/cegepgim.ca\/zoneetudiante\/en\/#organization"},"potentialAction":[{"@type":"SearchAction","target":{"@type":"EntryPoint","urlTemplate":"https:\/\/cegepgim.ca\/zoneetudiante\/en\/?s={search_term_string}"},"query-input":{"@type":"PropertyValueSpecification","valueRequired":true,"valueName":"search_term_string"}}],"inLanguage":"en-US"},{"@type":"Organization","@id":"https:\/\/cegepgim.ca\/zoneetudiante\/en\/#organization","name":"La Zone \u00e9tudiante du C\u00e9gep de la Gasp\u00e9sie et des \u00celes","url":"https:\/\/cegepgim.ca\/zoneetudiante\/en\/","logo":{"@type":"ImageObject","inLanguage":"en-US","@id":"https:\/\/cegepgim.ca\/zoneetudiante\/en\/#\/schema\/logo\/image\/","url":"https:\/\/cegepgim.ca\/zoneetudiante\/wp-content\/uploads\/ImageDePartage-01.jpg","contentUrl":"https:\/\/cegepgim.ca\/zoneetudiante\/wp-content\/uploads\/ImageDePartage-01.jpg","width":1200,"height":630,"caption":"La Zone \u00e9tudiante du C\u00e9gep de la Gasp\u00e9sie et des \u00celes"},"image":{"@id":"https:\/\/cegepgim.ca\/zoneetudiante\/en\/#\/schema\/logo\/image\/"}}]}},"_links":{"self":[{"href":"https:\/\/cegepgim.ca\/zoneetudiante\/en\/wp-json\/wp\/v2\/pages\/8873","targetHints":{"allow":["GET"]}}],"collection":[{"href":"https:\/\/cegepgim.ca\/zoneetudiante\/en\/wp-json\/wp\/v2\/pages"}],"about":[{"href":"https:\/\/cegepgim.ca\/zoneetudiante\/en\/wp-json\/wp\/v2\/types\/page"}],"author":[{"embeddable":true,"href":"https:\/\/cegepgim.ca\/zoneetudiante\/en\/wp-json\/wp\/v2\/users\/1"}],"replies":[{"embeddable":true,"href":"https:\/\/cegepgim.ca\/zoneetudiante\/en\/wp-json\/wp\/v2\/comments?post=8873"}],"version-history":[{"count":28,"href":"https:\/\/cegepgim.ca\/zoneetudiante\/en\/wp-json\/wp\/v2\/pages\/8873\/revisions"}],"predecessor-version":[{"id":15720,"href":"https:\/\/cegepgim.ca\/zoneetudiante\/en\/wp-json\/wp\/v2\/pages\/8873\/revisions\/15720"}],"up":[{"embeddable":true,"href":"https:\/\/cegepgim.ca\/zoneetudiante\/en\/wp-json\/wp\/v2\/pages\/3694"}],"wp:attachment":[{"href":"https:\/\/cegepgim.ca\/zoneetudiante\/en\/wp-json\/wp\/v2\/media?parent=8873"}],"curies":[{"name":"wp","href":"https:\/\/api.w.org\/{rel}","templated":true}]}}