{"id":8795,"date":"2023-09-07T11:44:06","date_gmt":"2023-09-07T15:44:06","guid":{"rendered":"https:\/\/laboiteflexible.com\/staging\/lazoneetudiante\/resources-and-tools\/education\/"},"modified":"2024-07-16T20:06:24","modified_gmt":"2024-07-17T00:06:24","slug":"education","status":"publish","type":"page","link":"https:\/\/cegepgim.ca\/zoneetudiante\/en\/resources-and-tools\/education\/","title":{"rendered":"Education"},"content":{"rendered":"\t\t<div data-elementor-type=\"wp-page\" data-elementor-id=\"8795\" class=\"elementor elementor-8795 elementor-39\" data-elementor-post-type=\"page\">\n\t\t\t\t<div class=\"has_eae_slider elementor-element elementor-element-605f227 e-con-full e-flex e-con e-parent\" data-eae-slider=\"68267\" data-id=\"605f227\" data-element_type=\"container\" data-e-type=\"container\" data-settings=\"{&quot;background_background&quot;:&quot;classic&quot;}\">\n\t\t<div class=\"has_eae_slider elementor-element elementor-element-2428126 e-flex e-con-boxed e-con e-child\" data-eae-slider=\"56673\" data-id=\"2428126\" data-element_type=\"container\" data-e-type=\"container\" data-settings=\"{&quot;background_background&quot;:&quot;classic&quot;,&quot;background_motion_fx_motion_fx_scrolling&quot;:&quot;yes&quot;,&quot;background_motion_fx_devices&quot;:[&quot;desktop&quot;,&quot;tablet&quot;,&quot;mobile&quot;]}\">\n\t\t\t\t\t<div class=\"e-con-inner\">\n\t\t\t\t\t<\/div>\n\t\t\t\t<\/div>\n\t\t<div class=\"has_eae_slider elementor-element elementor-element-35732ee e-flex e-con-boxed e-con e-child\" data-eae-slider=\"60355\" data-id=\"35732ee\" data-element_type=\"container\" data-e-type=\"container\">\n\t\t\t\t\t<div class=\"e-con-inner\">\n\t\t<div class=\"has_eae_slider elementor-element elementor-element-afb9733 e-con-full e-flex e-con e-child\" data-eae-slider=\"88454\" data-id=\"afb9733\" data-element_type=\"container\" data-e-type=\"container\">\n\t\t<a class=\"has_eae_slider elementor-element elementor-element-d002c8b e-con-full e-flex e-con e-child\" data-eae-slider=\"17610\" data-id=\"d002c8b\" data-element_type=\"container\" data-e-type=\"container\" data-settings=\"{&quot;background_background&quot;:&quot;classic&quot;}\" href=\"https:\/\/cegepgim.ca\/zoneetudiante\/en\/resources-and-tools\/education\/academic-progress\/\">\n\t\t\t\t<div class=\"elementor-element elementor-element-bcf3118 elementor-view-stacked elementor-shape-circle elementor-widget elementor-widget-icon\" data-id=\"bcf3118\" data-element_type=\"widget\" data-e-type=\"widget\" data-widget_type=\"icon.default\">\n\t\t\t\t<div class=\"elementor-widget-container\">\n\t\t\t\t\t\t\t<div class=\"elementor-icon-wrapper\">\n\t\t\t<div class=\"elementor-icon\">\n\t\t\t<i aria-hidden=\"true\" class=\"fas fa-check\"><\/i>\t\t\t<\/div>\n\t\t<\/div>\n\t\t\t\t\t\t<\/div>\n\t\t\t\t<\/div>\n\t\t\t\t<div class=\"elementor-element elementor-element-3e7348a elementor-widget elementor-widget-heading\" data-id=\"3e7348a\" data-element_type=\"widget\" data-e-type=\"widget\" data-widget_type=\"heading.default\">\n\t\t\t\t<div class=\"elementor-widget-container\">\n\t\t\t\t\t<h3 class=\"elementor-heading-title elementor-size-default\">Academic progress<\/h3>\t\t\t\t<\/div>\n\t\t\t\t<\/div>\n\t\t\t\t<div class=\"elementor-element elementor-element-a9fad85 elementor-widget elementor-widget-text-editor\" data-id=\"a9fad85\" data-element_type=\"widget\" data-e-type=\"widget\" data-widget_type=\"text-editor.default\">\n\t\t\t\t<div class=\"elementor-widget-container\">\n\t\t\t\t\t\t\t\t\t<p><span style=\"color: #000000;\"><em>Plan your progress and your course choices, course schedule, rights and recourses, etc.<\/em><\/span><\/p>\t\t\t\t\t\t\t\t<\/div>\n\t\t\t\t<\/div>\n\t\t\t\t<\/a>\n\t\t<a class=\"has_eae_slider elementor-element elementor-element-ca5e20b e-con-full e-flex e-con e-child\" data-eae-slider=\"76926\" data-id=\"ca5e20b\" data-element_type=\"container\" data-e-type=\"container\" data-settings=\"{&quot;background_background&quot;:&quot;classic&quot;}\" href=\"https:\/\/cegepgim.ca\/zoneetudiante\/en\/resources-and-tools\/education\/educational-guidance-and-information\/\">\n\t\t\t\t<div class=\"elementor-element elementor-element-95fb35e elementor-view-stacked elementor-shape-circle elementor-widget elementor-widget-icon\" data-id=\"95fb35e\" data-element_type=\"widget\" data-e-type=\"widget\" data-widget_type=\"icon.default\">\n\t\t\t\t<div class=\"elementor-widget-container\">\n\t\t\t\t\t\t\t<div class=\"elementor-icon-wrapper\">\n\t\t\t<div class=\"elementor-icon\">\n\t\t\t<i aria-hidden=\"true\" class=\"fas fa-check\"><\/i>\t\t\t<\/div>\n\t\t<\/div>\n\t\t\t\t\t\t<\/div>\n\t\t\t\t<\/div>\n\t\t\t\t<div class=\"elementor-element elementor-element-ec88336 elementor-widget elementor-widget-heading\" data-id=\"ec88336\" data-element_type=\"widget\" data-e-type=\"widget\" data-widget_type=\"heading.default\">\n\t\t\t\t<div class=\"elementor-widget-container\">\n\t\t\t\t\t<h3 class=\"elementor-heading-title elementor-size-default\">School guidance and information<\/h3>\t\t\t\t<\/div>\n\t\t\t\t<\/div>\n\t\t\t\t<div class=\"elementor-element elementor-element-d3b80b5 elementor-widget elementor-widget-text-editor\" data-id=\"d3b80b5\" data-element_type=\"widget\" data-e-type=\"widget\" data-widget_type=\"text-editor.default\">\n\t\t\t\t<div class=\"elementor-widget-container\">\n\t\t\t\t\t\t\t\t\t<p><span style=\"color: #000000;\"><em>Guidance counselor, online resources, university<\/em><\/span><em style=\"color: #000000;\">\u00a0admission, etc.<\/em><\/p>\t\t\t\t\t\t\t\t<\/div>\n\t\t\t\t<\/div>\n\t\t\t\t<\/a>\n\t\t<a class=\"has_eae_slider elementor-element elementor-element-ee74b9a e-con-full e-flex e-con e-child\" data-eae-slider=\"26753\" data-id=\"ee74b9a\" data-element_type=\"container\" data-e-type=\"container\" data-settings=\"{&quot;background_background&quot;:&quot;classic&quot;}\" href=\"https:\/\/cegepgim.ca\/zoneetudiante\/en\/resources-and-tools\/education\/official-documents\/\">\n\t\t\t\t<div class=\"elementor-element elementor-element-58389ec elementor-view-stacked elementor-shape-circle elementor-widget elementor-widget-icon\" data-id=\"58389ec\" data-element_type=\"widget\" data-e-type=\"widget\" data-widget_type=\"icon.default\">\n\t\t\t\t<div class=\"elementor-widget-container\">\n\t\t\t\t\t\t\t<div class=\"elementor-icon-wrapper\">\n\t\t\t<div class=\"elementor-icon\">\n\t\t\t<i aria-hidden=\"true\" class=\"fas fa-check\"><\/i>\t\t\t<\/div>\n\t\t<\/div>\n\t\t\t\t\t\t<\/div>\n\t\t\t\t<\/div>\n\t\t\t\t<div class=\"elementor-element elementor-element-3232550 elementor-widget elementor-widget-heading\" data-id=\"3232550\" data-element_type=\"widget\" data-e-type=\"widget\" data-widget_type=\"heading.default\">\n\t\t\t\t<div class=\"elementor-widget-container\">\n\t\t\t\t\t<h3 class=\"elementor-heading-title elementor-size-default\">Official documents<\/h3>\t\t\t\t<\/div>\n\t\t\t\t<\/div>\n\t\t\t\t<div class=\"elementor-element elementor-element-db469d6 elementor-widget elementor-widget-text-editor\" data-id=\"db469d6\" data-element_type=\"widget\" data-e-type=\"widget\" data-widget_type=\"text-editor.default\">\n\t\t\t\t<div class=\"elementor-widget-container\">\n\t\t\t\t\t\t\t\t\t<p><em><span style=\"color: #000000;\">Transcript, diploma, tax slips, etc.<\/span><\/em><\/p>\n\t\t\t\t\t\t\t\t<\/div>\n\t\t\t\t<\/div>\n\t\t\t\t<\/a>\n\t\t\t\t<\/div>\n\t\t\t\t\t<\/div>\n\t\t\t\t<\/div>\n\t\t\t\t<\/div>\n\t\t\t\t<\/div>\n\t\t","protected":false},"excerpt":{"rendered":"<p>Academic progress Plan your progress and your course choices, course schedule, rights and recourses, etc. School guidance and information Guidance counselor, online resources, university\u00a0admission, etc. Official documents Transcript, diploma, tax slips, etc.<\/p>\n","protected":false},"author":1,"featured_media":0,"parent":3694,"menu_order":0,"comment_status":"closed","ping_status":"closed","template":"","meta":{"_acf_changed":false,"footnotes":""},"class_list":["post-8795","page","type-page","status-publish","hentry"],"acf":[],"yoast_head":"<!-- This site is optimized with the Yoast SEO plugin v27.4 - https:\/\/yoast.com\/product\/yoast-seo-wordpress\/ -->\n<title>Education - The C\u00e9gep de la Gasp\u00e9sie et des \u00celes Student Zone<\/title>\n<meta name=\"robots\" content=\"index, follow, max-snippet:-1, max-image-preview:large, max-video-preview:-1\" \/>\n<link rel=\"canonical\" href=\"https:\/\/cegepgim.ca\/zoneetudiante\/en\/resources-and-tools\/education\/\" \/>\n<meta property=\"og:locale\" content=\"en_US\" \/>\n<meta property=\"og:type\" content=\"article\" \/>\n<meta property=\"og:title\" content=\"Education - The C\u00e9gep de la Gasp\u00e9sie et des \u00celes Student Zone\" \/>\n<meta property=\"og:description\" content=\"Academic progress Plan your progress and your course choices, course schedule, rights and recourses, etc. School guidance and information Guidance counselor, online resources, university\u00a0admission, etc. Official documents Transcript, diploma, tax slips, etc.\" \/>\n<meta property=\"og:url\" content=\"https:\/\/cegepgim.ca\/zoneetudiante\/en\/resources-and-tools\/education\/\" \/>\n<meta property=\"og:site_name\" content=\"The C\u00e9gep de la Gasp\u00e9sie et des \u00celes Student Zone\" \/>\n<meta property=\"article:modified_time\" content=\"2024-07-17T00:06:24+00:00\" \/>\n<meta name=\"twitter:card\" content=\"summary_large_image\" \/>\n<meta name=\"twitter:label1\" content=\"Est. reading time\" \/>\n\t<meta name=\"twitter:data1\" content=\"1 minute\" \/>\n<script type=\"application\/ld+json\" class=\"yoast-schema-graph\">{\"@context\":\"https:\\\/\\\/schema.org\",\"@graph\":[{\"@type\":\"WebPage\",\"@id\":\"https:\\\/\\\/cegepgim.ca\\\/zoneetudiante\\\/en\\\/resources-and-tools\\\/education\\\/\",\"url\":\"https:\\\/\\\/cegepgim.ca\\\/zoneetudiante\\\/en\\\/resources-and-tools\\\/education\\\/\",\"name\":\"Education - The C\u00e9gep de la Gasp\u00e9sie et des \u00celes Student Zone\",\"isPartOf\":{\"@id\":\"https:\\\/\\\/cegepgim.ca\\\/zoneetudiante\\\/en\\\/#website\"},\"datePublished\":\"2023-09-07T15:44:06+00:00\",\"dateModified\":\"2024-07-17T00:06:24+00:00\",\"breadcrumb\":{\"@id\":\"https:\\\/\\\/cegepgim.ca\\\/zoneetudiante\\\/en\\\/resources-and-tools\\\/education\\\/#breadcrumb\"},\"inLanguage\":\"en-US\",\"potentialAction\":[{\"@type\":\"ReadAction\",\"target\":[\"https:\\\/\\\/cegepgim.ca\\\/zoneetudiante\\\/en\\\/resources-and-tools\\\/education\\\/\"]}]},{\"@type\":\"BreadcrumbList\",\"@id\":\"https:\\\/\\\/cegepgim.ca\\\/zoneetudiante\\\/en\\\/resources-and-tools\\\/education\\\/#breadcrumb\",\"itemListElement\":[{\"@type\":\"ListItem\",\"position\":1,\"name\":\"Student Zone\",\"item\":\"https:\\\/\\\/cegepgim.ca\\\/zoneetudiante\\\/en\\\/\"},{\"@type\":\"ListItem\",\"position\":2,\"name\":\"Resources and tools\",\"item\":\"https:\\\/\\\/cegepgim.ca\\\/zoneetudiante\\\/en\\\/resources-and-tools\\\/\"},{\"@type\":\"ListItem\",\"position\":3,\"name\":\"Education\"}]},{\"@type\":\"WebSite\",\"@id\":\"https:\\\/\\\/cegepgim.ca\\\/zoneetudiante\\\/en\\\/#website\",\"url\":\"https:\\\/\\\/cegepgim.ca\\\/zoneetudiante\\\/en\\\/\",\"name\":\"La Zone \u00e9tudiante du C\u00e9gep de la Gasp\u00e9sie et des \u00celes\",\"description\":\"Ton aventure commence ici!\",\"publisher\":{\"@id\":\"https:\\\/\\\/cegepgim.ca\\\/zoneetudiante\\\/en\\\/#organization\"},\"potentialAction\":[{\"@type\":\"SearchAction\",\"target\":{\"@type\":\"EntryPoint\",\"urlTemplate\":\"https:\\\/\\\/cegepgim.ca\\\/zoneetudiante\\\/en\\\/?s={search_term_string}\"},\"query-input\":{\"@type\":\"PropertyValueSpecification\",\"valueRequired\":true,\"valueName\":\"search_term_string\"}}],\"inLanguage\":\"en-US\"},{\"@type\":\"Organization\",\"@id\":\"https:\\\/\\\/cegepgim.ca\\\/zoneetudiante\\\/en\\\/#organization\",\"name\":\"La Zone \u00e9tudiante du C\u00e9gep de la Gasp\u00e9sie et des \u00celes\",\"url\":\"https:\\\/\\\/cegepgim.ca\\\/zoneetudiante\\\/en\\\/\",\"logo\":{\"@type\":\"ImageObject\",\"inLanguage\":\"en-US\",\"@id\":\"https:\\\/\\\/cegepgim.ca\\\/zoneetudiante\\\/en\\\/#\\\/schema\\\/logo\\\/image\\\/\",\"url\":\"https:\\\/\\\/cegepgim.ca\\\/zoneetudiante\\\/wp-content\\\/uploads\\\/ImageDePartage-01.jpg\",\"contentUrl\":\"https:\\\/\\\/cegepgim.ca\\\/zoneetudiante\\\/wp-content\\\/uploads\\\/ImageDePartage-01.jpg\",\"width\":1200,\"height\":630,\"caption\":\"La Zone \u00e9tudiante du C\u00e9gep de la Gasp\u00e9sie et des \u00celes\"},\"image\":{\"@id\":\"https:\\\/\\\/cegepgim.ca\\\/zoneetudiante\\\/en\\\/#\\\/schema\\\/logo\\\/image\\\/\"}}]}<\/script>\n<!-- \/ Yoast SEO plugin. -->","yoast_head_json":{"title":"Education - The C\u00e9gep de la Gasp\u00e9sie et des \u00celes Student Zone","robots":{"index":"index","follow":"follow","max-snippet":"max-snippet:-1","max-image-preview":"max-image-preview:large","max-video-preview":"max-video-preview:-1"},"canonical":"https:\/\/cegepgim.ca\/zoneetudiante\/en\/resources-and-tools\/education\/","og_locale":"en_US","og_type":"article","og_title":"Education - The C\u00e9gep de la Gasp\u00e9sie et des \u00celes Student Zone","og_description":"Academic progress Plan your progress and your course choices, course schedule, rights and recourses, etc. School guidance and information Guidance counselor, online resources, university\u00a0admission, etc. Official documents Transcript, diploma, tax slips, etc.","og_url":"https:\/\/cegepgim.ca\/zoneetudiante\/en\/resources-and-tools\/education\/","og_site_name":"The C\u00e9gep de la Gasp\u00e9sie et des \u00celes Student Zone","article_modified_time":"2024-07-17T00:06:24+00:00","twitter_card":"summary_large_image","twitter_misc":{"Est. reading time":"1 minute"},"schema":{"@context":"https:\/\/schema.org","@graph":[{"@type":"WebPage","@id":"https:\/\/cegepgim.ca\/zoneetudiante\/en\/resources-and-tools\/education\/","url":"https:\/\/cegepgim.ca\/zoneetudiante\/en\/resources-and-tools\/education\/","name":"Education - The C\u00e9gep de la Gasp\u00e9sie et des \u00celes Student Zone","isPartOf":{"@id":"https:\/\/cegepgim.ca\/zoneetudiante\/en\/#website"},"datePublished":"2023-09-07T15:44:06+00:00","dateModified":"2024-07-17T00:06:24+00:00","breadcrumb":{"@id":"https:\/\/cegepgim.ca\/zoneetudiante\/en\/resources-and-tools\/education\/#breadcrumb"},"inLanguage":"en-US","potentialAction":[{"@type":"ReadAction","target":["https:\/\/cegepgim.ca\/zoneetudiante\/en\/resources-and-tools\/education\/"]}]},{"@type":"BreadcrumbList","@id":"https:\/\/cegepgim.ca\/zoneetudiante\/en\/resources-and-tools\/education\/#breadcrumb","itemListElement":[{"@type":"ListItem","position":1,"name":"Student Zone","item":"https:\/\/cegepgim.ca\/zoneetudiante\/en\/"},{"@type":"ListItem","position":2,"name":"Resources and tools","item":"https:\/\/cegepgim.ca\/zoneetudiante\/en\/resources-and-tools\/"},{"@type":"ListItem","position":3,"name":"Education"}]},{"@type":"WebSite","@id":"https:\/\/cegepgim.ca\/zoneetudiante\/en\/#website","url":"https:\/\/cegepgim.ca\/zoneetudiante\/en\/","name":"La Zone \u00e9tudiante du C\u00e9gep de la Gasp\u00e9sie et des \u00celes","description":"Ton aventure commence ici!","publisher":{"@id":"https:\/\/cegepgim.ca\/zoneetudiante\/en\/#organization"},"potentialAction":[{"@type":"SearchAction","target":{"@type":"EntryPoint","urlTemplate":"https:\/\/cegepgim.ca\/zoneetudiante\/en\/?s={search_term_string}"},"query-input":{"@type":"PropertyValueSpecification","valueRequired":true,"valueName":"search_term_string"}}],"inLanguage":"en-US"},{"@type":"Organization","@id":"https:\/\/cegepgim.ca\/zoneetudiante\/en\/#organization","name":"La Zone \u00e9tudiante du C\u00e9gep de la Gasp\u00e9sie et des \u00celes","url":"https:\/\/cegepgim.ca\/zoneetudiante\/en\/","logo":{"@type":"ImageObject","inLanguage":"en-US","@id":"https:\/\/cegepgim.ca\/zoneetudiante\/en\/#\/schema\/logo\/image\/","url":"https:\/\/cegepgim.ca\/zoneetudiante\/wp-content\/uploads\/ImageDePartage-01.jpg","contentUrl":"https:\/\/cegepgim.ca\/zoneetudiante\/wp-content\/uploads\/ImageDePartage-01.jpg","width":1200,"height":630,"caption":"La Zone \u00e9tudiante du C\u00e9gep de la Gasp\u00e9sie et des \u00celes"},"image":{"@id":"https:\/\/cegepgim.ca\/zoneetudiante\/en\/#\/schema\/logo\/image\/"}}]}},"_links":{"self":[{"href":"https:\/\/cegepgim.ca\/zoneetudiante\/en\/wp-json\/wp\/v2\/pages\/8795","targetHints":{"allow":["GET"]}}],"collection":[{"href":"https:\/\/cegepgim.ca\/zoneetudiante\/en\/wp-json\/wp\/v2\/pages"}],"about":[{"href":"https:\/\/cegepgim.ca\/zoneetudiante\/en\/wp-json\/wp\/v2\/types\/page"}],"author":[{"embeddable":true,"href":"https:\/\/cegepgim.ca\/zoneetudiante\/en\/wp-json\/wp\/v2\/users\/1"}],"replies":[{"embeddable":true,"href":"https:\/\/cegepgim.ca\/zoneetudiante\/en\/wp-json\/wp\/v2\/comments?post=8795"}],"version-history":[{"count":7,"href":"https:\/\/cegepgim.ca\/zoneetudiante\/en\/wp-json\/wp\/v2\/pages\/8795\/revisions"}],"predecessor-version":[{"id":10175,"href":"https:\/\/cegepgim.ca\/zoneetudiante\/en\/wp-json\/wp\/v2\/pages\/8795\/revisions\/10175"}],"up":[{"embeddable":true,"href":"https:\/\/cegepgim.ca\/zoneetudiante\/en\/wp-json\/wp\/v2\/pages\/3694"}],"wp:attachment":[{"href":"https:\/\/cegepgim.ca\/zoneetudiante\/en\/wp-json\/wp\/v2\/media?parent=8795"}],"curies":[{"name":"wp","href":"https:\/\/api.w.org\/{rel}","templated":true}]}}