{"id":8770,"date":"2024-01-26T10:39:29","date_gmt":"2024-01-26T15:39:29","guid":{"rendered":"https:\/\/laboiteflexible.com\/staging\/lazoneetudiante\/resources-and-tools\/digital-environment\/remote-classes-with-zoom\/"},"modified":"2024-09-25T14:24:53","modified_gmt":"2024-09-25T18:24:53","slug":"distance-learning","status":"publish","type":"page","link":"https:\/\/cegepgim.ca\/zoneetudiante\/en\/resources-and-tools\/digital-environment\/distance-learning\/","title":{"rendered":"Distance learning"},"content":{"rendered":"\t\t<div data-elementor-type=\"wp-page\" data-elementor-id=\"8770\" class=\"elementor elementor-8770 elementor-3018\" data-elementor-post-type=\"page\">\n\t\t\t\t<div class=\"has_eae_slider elementor-element elementor-element-d53ddaa e-flex e-con-boxed e-con e-parent\" data-eae-slider=\"13293\" data-id=\"d53ddaa\" data-element_type=\"container\" data-e-type=\"container\" data-settings=\"{&quot;background_background&quot;:&quot;classic&quot;}\">\n\t\t\t\t\t<div class=\"e-con-inner\">\n\t\t<div class=\"has_eae_slider elementor-element elementor-element-90ba20e e-con-full e-flex e-con e-child\" data-eae-slider=\"41884\" data-id=\"90ba20e\" data-element_type=\"container\" data-e-type=\"container\">\n\t\t\t\t<div class=\"elementor-element elementor-element-ad55ef9 elementor-widget elementor-widget-text-editor\" data-id=\"ad55ef9\" data-element_type=\"widget\" data-e-type=\"widget\" data-widget_type=\"text-editor.default\">\n\t\t\t\t<div class=\"elementor-widget-container\">\n\t\t\t\t\t\t\t\t\t<p>Some courses are given remotely using the L\u00e9a &#8220;Classe \u00e0 distance&#8221; module, which is paired with the Zoom videoconferencing service. Before your first class:<\/p>\n<ol>\n<li>Install Zoom on your computer. If needed, you can install the app on your mobile device through Zoom&#8217;s download page.<\/li>\n<li>Test your equipment at <a href=\"https:\/\/zoom.us\/test\" target=\"_blank\" rel=\"noopener\">zoom.us\/test<\/a>.<\/li>\n<li>Open Omnivox 10 minutes before your class and click &#8220;Join Your Class&#8221; in &#8220;What&#8217;s New?&#8221;<\/li>\n<\/ol>\n<p>Unless otherwise specified, the Omnivox &#8220;Virtual Classroom&#8221; module is used to establish the link to the class. It is possible that the teacher decides to use another platform. In this case, indications will be written in the course sheet.<\/p>\n<p>If you have any technical difficulties connecting to your course, contact IT Support at <a href=\"tel:18883682201,1666\">1-888-368-2201, ext. 1666<\/a>.<\/p>\n\t\t\t\t\t\t\t\t<\/div>\n\t\t\t\t<\/div>\n\t\t\t\t<div class=\"elementor-element elementor-element-04ab6fe elementor-widget elementor-widget-video\" data-id=\"04ab6fe\" data-element_type=\"widget\" data-e-type=\"widget\" data-settings=\"{&quot;youtube_url&quot;:&quot;https:\\\/\\\/www.youtube.com\\\/watch?v=kXgWjCOPum8&quot;,&quot;video_type&quot;:&quot;youtube&quot;,&quot;controls&quot;:&quot;yes&quot;}\" data-widget_type=\"video.default\">\n\t\t\t\t<div class=\"elementor-widget-container\">\n\t\t\t\t\t\t\t<div class=\"elementor-wrapper elementor-open-inline\">\n\t\t\t<div class=\"elementor-video\"><\/div>\t\t<\/div>\n\t\t\t\t\t\t<\/div>\n\t\t\t\t<\/div>\n\t\t\t\t<\/div>\n\t\t\t\t\t<\/div>\n\t\t\t\t<\/div>\n\t\t\t\t<\/div>\n\t\t","protected":false},"excerpt":{"rendered":"<p>Some courses are given remotely using the L\u00e9a &#8220;Classe \u00e0 distance&#8221; module, which is paired with the Zoom videoconferencing service. Before your first class: Install Zoom on your computer. If needed, you can install the app on your mobile device through Zoom&#8217;s download page. Test your equipment at zoom.us\/test. Open Omnivox 10 minutes before your [&hellip;]<\/p>\n","protected":false},"author":1,"featured_media":0,"parent":8760,"menu_order":0,"comment_status":"closed","ping_status":"closed","template":"","meta":{"_acf_changed":false,"footnotes":""},"class_list":["post-8770","page","type-page","status-publish","hentry"],"acf":[],"yoast_head":"<!-- This site is optimized with the Yoast SEO plugin v27.3 - https:\/\/yoast.com\/product\/yoast-seo-wordpress\/ -->\n<title>Distance learning - The C\u00e9gep de la Gasp\u00e9sie et des \u00celes Student Zone<\/title>\n<meta name=\"robots\" content=\"index, follow, max-snippet:-1, max-image-preview:large, max-video-preview:-1\" \/>\n<link rel=\"canonical\" href=\"https:\/\/cegepgim.ca\/zoneetudiante\/en\/resources-and-tools\/digital-environment\/distance-learning\/\" \/>\n<meta property=\"og:locale\" content=\"en_US\" \/>\n<meta property=\"og:type\" content=\"article\" \/>\n<meta property=\"og:title\" content=\"Distance learning - The C\u00e9gep de la Gasp\u00e9sie et des \u00celes Student Zone\" \/>\n<meta property=\"og:description\" content=\"Some courses are given remotely using the L\u00e9a &#8220;Classe \u00e0 distance&#8221; module, which is paired with the Zoom videoconferencing service. Before your first class: Install Zoom on your computer. If needed, you can install the app on your mobile device through Zoom&#8217;s download page. Test your equipment at zoom.us\/test. Open Omnivox 10 minutes before your [&hellip;]\" \/>\n<meta property=\"og:url\" content=\"https:\/\/cegepgim.ca\/zoneetudiante\/en\/resources-and-tools\/digital-environment\/distance-learning\/\" \/>\n<meta property=\"og:site_name\" content=\"The C\u00e9gep de la Gasp\u00e9sie et des \u00celes Student Zone\" \/>\n<meta property=\"article:modified_time\" content=\"2024-09-25T18:24:53+00:00\" \/>\n<meta name=\"twitter:card\" content=\"summary_large_image\" \/>\n<meta name=\"twitter:label1\" content=\"Est. reading time\" \/>\n\t<meta name=\"twitter:data1\" content=\"1 minute\" \/>\n<script type=\"application\/ld+json\" class=\"yoast-schema-graph\">{\"@context\":\"https:\\\/\\\/schema.org\",\"@graph\":[{\"@type\":\"WebPage\",\"@id\":\"https:\\\/\\\/cegepgim.ca\\\/zoneetudiante\\\/en\\\/resources-and-tools\\\/digital-environment\\\/distance-learning\\\/\",\"url\":\"https:\\\/\\\/cegepgim.ca\\\/zoneetudiante\\\/en\\\/resources-and-tools\\\/digital-environment\\\/distance-learning\\\/\",\"name\":\"Distance learning - The C\u00e9gep de la Gasp\u00e9sie et des \u00celes Student Zone\",\"isPartOf\":{\"@id\":\"https:\\\/\\\/cegepgim.ca\\\/zoneetudiante\\\/en\\\/#website\"},\"datePublished\":\"2024-01-26T15:39:29+00:00\",\"dateModified\":\"2024-09-25T18:24:53+00:00\",\"breadcrumb\":{\"@id\":\"https:\\\/\\\/cegepgim.ca\\\/zoneetudiante\\\/en\\\/resources-and-tools\\\/digital-environment\\\/distance-learning\\\/#breadcrumb\"},\"inLanguage\":\"en-US\",\"potentialAction\":[{\"@type\":\"ReadAction\",\"target\":[\"https:\\\/\\\/cegepgim.ca\\\/zoneetudiante\\\/en\\\/resources-and-tools\\\/digital-environment\\\/distance-learning\\\/\"]}]},{\"@type\":\"BreadcrumbList\",\"@id\":\"https:\\\/\\\/cegepgim.ca\\\/zoneetudiante\\\/en\\\/resources-and-tools\\\/digital-environment\\\/distance-learning\\\/#breadcrumb\",\"itemListElement\":[{\"@type\":\"ListItem\",\"position\":1,\"name\":\"Student Zone\",\"item\":\"https:\\\/\\\/cegepgim.ca\\\/zoneetudiante\\\/en\\\/\"},{\"@type\":\"ListItem\",\"position\":2,\"name\":\"Resources and tools\",\"item\":\"https:\\\/\\\/cegepgim.ca\\\/zoneetudiante\\\/en\\\/resources-and-tools\\\/\"},{\"@type\":\"ListItem\",\"position\":3,\"name\":\"Digital environment\",\"item\":\"https:\\\/\\\/cegepgim.ca\\\/zoneetudiante\\\/en\\\/resources-and-tools\\\/digital-environment\\\/\"},{\"@type\":\"ListItem\",\"position\":4,\"name\":\"Distance learning\"}]},{\"@type\":\"WebSite\",\"@id\":\"https:\\\/\\\/cegepgim.ca\\\/zoneetudiante\\\/en\\\/#website\",\"url\":\"https:\\\/\\\/cegepgim.ca\\\/zoneetudiante\\\/en\\\/\",\"name\":\"La Zone \u00e9tudiante du C\u00e9gep de la Gasp\u00e9sie et des \u00celes\",\"description\":\"Ton aventure commence ici!\",\"publisher\":{\"@id\":\"https:\\\/\\\/cegepgim.ca\\\/zoneetudiante\\\/en\\\/#organization\"},\"potentialAction\":[{\"@type\":\"SearchAction\",\"target\":{\"@type\":\"EntryPoint\",\"urlTemplate\":\"https:\\\/\\\/cegepgim.ca\\\/zoneetudiante\\\/en\\\/?s={search_term_string}\"},\"query-input\":{\"@type\":\"PropertyValueSpecification\",\"valueRequired\":true,\"valueName\":\"search_term_string\"}}],\"inLanguage\":\"en-US\"},{\"@type\":\"Organization\",\"@id\":\"https:\\\/\\\/cegepgim.ca\\\/zoneetudiante\\\/en\\\/#organization\",\"name\":\"La Zone \u00e9tudiante du C\u00e9gep de la Gasp\u00e9sie et des \u00celes\",\"url\":\"https:\\\/\\\/cegepgim.ca\\\/zoneetudiante\\\/en\\\/\",\"logo\":{\"@type\":\"ImageObject\",\"inLanguage\":\"en-US\",\"@id\":\"https:\\\/\\\/cegepgim.ca\\\/zoneetudiante\\\/en\\\/#\\\/schema\\\/logo\\\/image\\\/\",\"url\":\"https:\\\/\\\/cegepgim.ca\\\/zoneetudiante\\\/wp-content\\\/uploads\\\/ImageDePartage-01.jpg\",\"contentUrl\":\"https:\\\/\\\/cegepgim.ca\\\/zoneetudiante\\\/wp-content\\\/uploads\\\/ImageDePartage-01.jpg\",\"width\":1200,\"height\":630,\"caption\":\"La Zone \u00e9tudiante du C\u00e9gep de la Gasp\u00e9sie et des \u00celes\"},\"image\":{\"@id\":\"https:\\\/\\\/cegepgim.ca\\\/zoneetudiante\\\/en\\\/#\\\/schema\\\/logo\\\/image\\\/\"}}]}<\/script>\n<!-- \/ Yoast SEO plugin. -->","yoast_head_json":{"title":"Distance learning - The C\u00e9gep de la Gasp\u00e9sie et des \u00celes Student Zone","robots":{"index":"index","follow":"follow","max-snippet":"max-snippet:-1","max-image-preview":"max-image-preview:large","max-video-preview":"max-video-preview:-1"},"canonical":"https:\/\/cegepgim.ca\/zoneetudiante\/en\/resources-and-tools\/digital-environment\/distance-learning\/","og_locale":"en_US","og_type":"article","og_title":"Distance learning - The C\u00e9gep de la Gasp\u00e9sie et des \u00celes Student Zone","og_description":"Some courses are given remotely using the L\u00e9a &#8220;Classe \u00e0 distance&#8221; module, which is paired with the Zoom videoconferencing service. Before your first class: Install Zoom on your computer. If needed, you can install the app on your mobile device through Zoom&#8217;s download page. Test your equipment at zoom.us\/test. Open Omnivox 10 minutes before your [&hellip;]","og_url":"https:\/\/cegepgim.ca\/zoneetudiante\/en\/resources-and-tools\/digital-environment\/distance-learning\/","og_site_name":"The C\u00e9gep de la Gasp\u00e9sie et des \u00celes Student Zone","article_modified_time":"2024-09-25T18:24:53+00:00","twitter_card":"summary_large_image","twitter_misc":{"Est. reading time":"1 minute"},"schema":{"@context":"https:\/\/schema.org","@graph":[{"@type":"WebPage","@id":"https:\/\/cegepgim.ca\/zoneetudiante\/en\/resources-and-tools\/digital-environment\/distance-learning\/","url":"https:\/\/cegepgim.ca\/zoneetudiante\/en\/resources-and-tools\/digital-environment\/distance-learning\/","name":"Distance learning - The C\u00e9gep de la Gasp\u00e9sie et des \u00celes Student Zone","isPartOf":{"@id":"https:\/\/cegepgim.ca\/zoneetudiante\/en\/#website"},"datePublished":"2024-01-26T15:39:29+00:00","dateModified":"2024-09-25T18:24:53+00:00","breadcrumb":{"@id":"https:\/\/cegepgim.ca\/zoneetudiante\/en\/resources-and-tools\/digital-environment\/distance-learning\/#breadcrumb"},"inLanguage":"en-US","potentialAction":[{"@type":"ReadAction","target":["https:\/\/cegepgim.ca\/zoneetudiante\/en\/resources-and-tools\/digital-environment\/distance-learning\/"]}]},{"@type":"BreadcrumbList","@id":"https:\/\/cegepgim.ca\/zoneetudiante\/en\/resources-and-tools\/digital-environment\/distance-learning\/#breadcrumb","itemListElement":[{"@type":"ListItem","position":1,"name":"Student Zone","item":"https:\/\/cegepgim.ca\/zoneetudiante\/en\/"},{"@type":"ListItem","position":2,"name":"Resources and tools","item":"https:\/\/cegepgim.ca\/zoneetudiante\/en\/resources-and-tools\/"},{"@type":"ListItem","position":3,"name":"Digital environment","item":"https:\/\/cegepgim.ca\/zoneetudiante\/en\/resources-and-tools\/digital-environment\/"},{"@type":"ListItem","position":4,"name":"Distance learning"}]},{"@type":"WebSite","@id":"https:\/\/cegepgim.ca\/zoneetudiante\/en\/#website","url":"https:\/\/cegepgim.ca\/zoneetudiante\/en\/","name":"La Zone \u00e9tudiante du C\u00e9gep de la Gasp\u00e9sie et des \u00celes","description":"Ton aventure commence ici!","publisher":{"@id":"https:\/\/cegepgim.ca\/zoneetudiante\/en\/#organization"},"potentialAction":[{"@type":"SearchAction","target":{"@type":"EntryPoint","urlTemplate":"https:\/\/cegepgim.ca\/zoneetudiante\/en\/?s={search_term_string}"},"query-input":{"@type":"PropertyValueSpecification","valueRequired":true,"valueName":"search_term_string"}}],"inLanguage":"en-US"},{"@type":"Organization","@id":"https:\/\/cegepgim.ca\/zoneetudiante\/en\/#organization","name":"La Zone \u00e9tudiante du C\u00e9gep de la Gasp\u00e9sie et des \u00celes","url":"https:\/\/cegepgim.ca\/zoneetudiante\/en\/","logo":{"@type":"ImageObject","inLanguage":"en-US","@id":"https:\/\/cegepgim.ca\/zoneetudiante\/en\/#\/schema\/logo\/image\/","url":"https:\/\/cegepgim.ca\/zoneetudiante\/wp-content\/uploads\/ImageDePartage-01.jpg","contentUrl":"https:\/\/cegepgim.ca\/zoneetudiante\/wp-content\/uploads\/ImageDePartage-01.jpg","width":1200,"height":630,"caption":"La Zone \u00e9tudiante du C\u00e9gep de la Gasp\u00e9sie et des \u00celes"},"image":{"@id":"https:\/\/cegepgim.ca\/zoneetudiante\/en\/#\/schema\/logo\/image\/"}}]}},"_links":{"self":[{"href":"https:\/\/cegepgim.ca\/zoneetudiante\/en\/wp-json\/wp\/v2\/pages\/8770","targetHints":{"allow":["GET"]}}],"collection":[{"href":"https:\/\/cegepgim.ca\/zoneetudiante\/en\/wp-json\/wp\/v2\/pages"}],"about":[{"href":"https:\/\/cegepgim.ca\/zoneetudiante\/en\/wp-json\/wp\/v2\/types\/page"}],"author":[{"embeddable":true,"href":"https:\/\/cegepgim.ca\/zoneetudiante\/en\/wp-json\/wp\/v2\/users\/1"}],"replies":[{"embeddable":true,"href":"https:\/\/cegepgim.ca\/zoneetudiante\/en\/wp-json\/wp\/v2\/comments?post=8770"}],"version-history":[{"count":9,"href":"https:\/\/cegepgim.ca\/zoneetudiante\/en\/wp-json\/wp\/v2\/pages\/8770\/revisions"}],"predecessor-version":[{"id":12718,"href":"https:\/\/cegepgim.ca\/zoneetudiante\/en\/wp-json\/wp\/v2\/pages\/8770\/revisions\/12718"}],"up":[{"embeddable":true,"href":"https:\/\/cegepgim.ca\/zoneetudiante\/en\/wp-json\/wp\/v2\/pages\/8760"}],"wp:attachment":[{"href":"https:\/\/cegepgim.ca\/zoneetudiante\/en\/wp-json\/wp\/v2\/media?parent=8770"}],"curies":[{"name":"wp","href":"https:\/\/api.w.org\/{rel}","templated":true}]}}