{"id":8356,"date":"2023-09-07T15:24:52","date_gmt":"2023-09-07T19:24:52","guid":{"rendered":"https:\/\/laboiteflexible.com\/staging\/lazoneetudiante\/essential-information\/"},"modified":"2024-06-03T05:51:55","modified_gmt":"2024-06-03T09:51:55","slug":"essential-information","status":"publish","type":"page","link":"https:\/\/cegepgim.ca\/zoneetudiante\/en\/essential-information\/","title":{"rendered":"Essential information"},"content":{"rendered":"","protected":false},"excerpt":{"rendered":"","protected":false},"author":1,"featured_media":0,"parent":0,"menu_order":0,"comment_status":"closed","ping_status":"closed","template":"","meta":{"_acf_changed":false,"footnotes":""},"class_list":["post-8356","page","type-page","status-publish","hentry"],"acf":[],"yoast_head":"<!-- This site is optimized with the Yoast SEO plugin v27.3 - https:\/\/yoast.com\/product\/yoast-seo-wordpress\/ -->\n<title>Essential information - The C\u00e9gep de la Gasp\u00e9sie et des \u00celes Student Zone<\/title>\n<meta name=\"robots\" content=\"index, follow, max-snippet:-1, max-image-preview:large, max-video-preview:-1\" \/>\n<link rel=\"canonical\" href=\"https:\/\/cegepgim.ca\/zoneetudiante\/en\/essential-information\/\" \/>\n<meta property=\"og:locale\" content=\"en_US\" \/>\n<meta property=\"og:type\" content=\"article\" \/>\n<meta property=\"og:title\" content=\"Essential information - The C\u00e9gep de la Gasp\u00e9sie et des \u00celes Student Zone\" \/>\n<meta property=\"og:url\" content=\"https:\/\/cegepgim.ca\/zoneetudiante\/en\/essential-information\/\" \/>\n<meta property=\"og:site_name\" content=\"The C\u00e9gep de la Gasp\u00e9sie et des \u00celes Student Zone\" \/>\n<meta property=\"article:modified_time\" content=\"2024-06-03T09:51:55+00:00\" \/>\n<meta name=\"twitter:card\" content=\"summary_large_image\" \/>\n<script type=\"application\/ld+json\" class=\"yoast-schema-graph\">{\"@context\":\"https:\\\/\\\/schema.org\",\"@graph\":[{\"@type\":\"WebPage\",\"@id\":\"https:\\\/\\\/cegepgim.ca\\\/zoneetudiante\\\/en\\\/essential-information\\\/\",\"url\":\"https:\\\/\\\/cegepgim.ca\\\/zoneetudiante\\\/en\\\/essential-information\\\/\",\"name\":\"Essential information - The C\u00e9gep de la Gasp\u00e9sie et des \u00celes Student Zone\",\"isPartOf\":{\"@id\":\"https:\\\/\\\/cegepgim.ca\\\/zoneetudiante\\\/en\\\/#website\"},\"datePublished\":\"2023-09-07T19:24:52+00:00\",\"dateModified\":\"2024-06-03T09:51:55+00:00\",\"breadcrumb\":{\"@id\":\"https:\\\/\\\/cegepgim.ca\\\/zoneetudiante\\\/en\\\/essential-information\\\/#breadcrumb\"},\"inLanguage\":\"en-US\",\"potentialAction\":[{\"@type\":\"ReadAction\",\"target\":[\"https:\\\/\\\/cegepgim.ca\\\/zoneetudiante\\\/en\\\/essential-information\\\/\"]}]},{\"@type\":\"BreadcrumbList\",\"@id\":\"https:\\\/\\\/cegepgim.ca\\\/zoneetudiante\\\/en\\\/essential-information\\\/#breadcrumb\",\"itemListElement\":[{\"@type\":\"ListItem\",\"position\":1,\"name\":\"Student Zone\",\"item\":\"https:\\\/\\\/cegepgim.ca\\\/zoneetudiante\\\/en\\\/\"},{\"@type\":\"ListItem\",\"position\":2,\"name\":\"Essential information\"}]},{\"@type\":\"WebSite\",\"@id\":\"https:\\\/\\\/cegepgim.ca\\\/zoneetudiante\\\/en\\\/#website\",\"url\":\"https:\\\/\\\/cegepgim.ca\\\/zoneetudiante\\\/en\\\/\",\"name\":\"La Zone \u00e9tudiante du C\u00e9gep de la Gasp\u00e9sie et des \u00celes\",\"description\":\"Ton aventure commence ici!\",\"publisher\":{\"@id\":\"https:\\\/\\\/cegepgim.ca\\\/zoneetudiante\\\/en\\\/#organization\"},\"potentialAction\":[{\"@type\":\"SearchAction\",\"target\":{\"@type\":\"EntryPoint\",\"urlTemplate\":\"https:\\\/\\\/cegepgim.ca\\\/zoneetudiante\\\/en\\\/?s={search_term_string}\"},\"query-input\":{\"@type\":\"PropertyValueSpecification\",\"valueRequired\":true,\"valueName\":\"search_term_string\"}}],\"inLanguage\":\"en-US\"},{\"@type\":\"Organization\",\"@id\":\"https:\\\/\\\/cegepgim.ca\\\/zoneetudiante\\\/en\\\/#organization\",\"name\":\"La Zone \u00e9tudiante du C\u00e9gep de la Gasp\u00e9sie et des \u00celes\",\"url\":\"https:\\\/\\\/cegepgim.ca\\\/zoneetudiante\\\/en\\\/\",\"logo\":{\"@type\":\"ImageObject\",\"inLanguage\":\"en-US\",\"@id\":\"https:\\\/\\\/cegepgim.ca\\\/zoneetudiante\\\/en\\\/#\\\/schema\\\/logo\\\/image\\\/\",\"url\":\"https:\\\/\\\/cegepgim.ca\\\/zoneetudiante\\\/wp-content\\\/uploads\\\/ImageDePartage-01.jpg\",\"contentUrl\":\"https:\\\/\\\/cegepgim.ca\\\/zoneetudiante\\\/wp-content\\\/uploads\\\/ImageDePartage-01.jpg\",\"width\":1200,\"height\":630,\"caption\":\"La Zone \u00e9tudiante du C\u00e9gep de la Gasp\u00e9sie et des \u00celes\"},\"image\":{\"@id\":\"https:\\\/\\\/cegepgim.ca\\\/zoneetudiante\\\/en\\\/#\\\/schema\\\/logo\\\/image\\\/\"}}]}<\/script>\n<!-- \/ Yoast SEO plugin. -->","yoast_head_json":{"title":"Essential information - The C\u00e9gep de la Gasp\u00e9sie et des \u00celes Student Zone","robots":{"index":"index","follow":"follow","max-snippet":"max-snippet:-1","max-image-preview":"max-image-preview:large","max-video-preview":"max-video-preview:-1"},"canonical":"https:\/\/cegepgim.ca\/zoneetudiante\/en\/essential-information\/","og_locale":"en_US","og_type":"article","og_title":"Essential information - The C\u00e9gep de la Gasp\u00e9sie et des \u00celes Student Zone","og_url":"https:\/\/cegepgim.ca\/zoneetudiante\/en\/essential-information\/","og_site_name":"The C\u00e9gep de la Gasp\u00e9sie et des \u00celes Student Zone","article_modified_time":"2024-06-03T09:51:55+00:00","twitter_card":"summary_large_image","schema":{"@context":"https:\/\/schema.org","@graph":[{"@type":"WebPage","@id":"https:\/\/cegepgim.ca\/zoneetudiante\/en\/essential-information\/","url":"https:\/\/cegepgim.ca\/zoneetudiante\/en\/essential-information\/","name":"Essential information - The C\u00e9gep de la Gasp\u00e9sie et des \u00celes Student Zone","isPartOf":{"@id":"https:\/\/cegepgim.ca\/zoneetudiante\/en\/#website"},"datePublished":"2023-09-07T19:24:52+00:00","dateModified":"2024-06-03T09:51:55+00:00","breadcrumb":{"@id":"https:\/\/cegepgim.ca\/zoneetudiante\/en\/essential-information\/#breadcrumb"},"inLanguage":"en-US","potentialAction":[{"@type":"ReadAction","target":["https:\/\/cegepgim.ca\/zoneetudiante\/en\/essential-information\/"]}]},{"@type":"BreadcrumbList","@id":"https:\/\/cegepgim.ca\/zoneetudiante\/en\/essential-information\/#breadcrumb","itemListElement":[{"@type":"ListItem","position":1,"name":"Student Zone","item":"https:\/\/cegepgim.ca\/zoneetudiante\/en\/"},{"@type":"ListItem","position":2,"name":"Essential information"}]},{"@type":"WebSite","@id":"https:\/\/cegepgim.ca\/zoneetudiante\/en\/#website","url":"https:\/\/cegepgim.ca\/zoneetudiante\/en\/","name":"La Zone \u00e9tudiante du C\u00e9gep de la Gasp\u00e9sie et des \u00celes","description":"Ton aventure commence ici!","publisher":{"@id":"https:\/\/cegepgim.ca\/zoneetudiante\/en\/#organization"},"potentialAction":[{"@type":"SearchAction","target":{"@type":"EntryPoint","urlTemplate":"https:\/\/cegepgim.ca\/zoneetudiante\/en\/?s={search_term_string}"},"query-input":{"@type":"PropertyValueSpecification","valueRequired":true,"valueName":"search_term_string"}}],"inLanguage":"en-US"},{"@type":"Organization","@id":"https:\/\/cegepgim.ca\/zoneetudiante\/en\/#organization","name":"La Zone \u00e9tudiante du C\u00e9gep de la Gasp\u00e9sie et des \u00celes","url":"https:\/\/cegepgim.ca\/zoneetudiante\/en\/","logo":{"@type":"ImageObject","inLanguage":"en-US","@id":"https:\/\/cegepgim.ca\/zoneetudiante\/en\/#\/schema\/logo\/image\/","url":"https:\/\/cegepgim.ca\/zoneetudiante\/wp-content\/uploads\/ImageDePartage-01.jpg","contentUrl":"https:\/\/cegepgim.ca\/zoneetudiante\/wp-content\/uploads\/ImageDePartage-01.jpg","width":1200,"height":630,"caption":"La Zone \u00e9tudiante du C\u00e9gep de la Gasp\u00e9sie et des \u00celes"},"image":{"@id":"https:\/\/cegepgim.ca\/zoneetudiante\/en\/#\/schema\/logo\/image\/"}}]}},"_links":{"self":[{"href":"https:\/\/cegepgim.ca\/zoneetudiante\/en\/wp-json\/wp\/v2\/pages\/8356","targetHints":{"allow":["GET"]}}],"collection":[{"href":"https:\/\/cegepgim.ca\/zoneetudiante\/en\/wp-json\/wp\/v2\/pages"}],"about":[{"href":"https:\/\/cegepgim.ca\/zoneetudiante\/en\/wp-json\/wp\/v2\/types\/page"}],"author":[{"embeddable":true,"href":"https:\/\/cegepgim.ca\/zoneetudiante\/en\/wp-json\/wp\/v2\/users\/1"}],"replies":[{"embeddable":true,"href":"https:\/\/cegepgim.ca\/zoneetudiante\/en\/wp-json\/wp\/v2\/comments?post=8356"}],"version-history":[{"count":1,"href":"https:\/\/cegepgim.ca\/zoneetudiante\/en\/wp-json\/wp\/v2\/pages\/8356\/revisions"}],"predecessor-version":[{"id":8640,"href":"https:\/\/cegepgim.ca\/zoneetudiante\/en\/wp-json\/wp\/v2\/pages\/8356\/revisions\/8640"}],"wp:attachment":[{"href":"https:\/\/cegepgim.ca\/zoneetudiante\/en\/wp-json\/wp\/v2\/media?parent=8356"}],"curies":[{"name":"wp","href":"https:\/\/api.w.org\/{rel}","templated":true}]}}