{"id":13549,"date":"2024-10-15T16:23:47","date_gmt":"2024-10-15T20:23:47","guid":{"rendered":"https:\/\/cegepgim.ca\/zoneetudiante\/resources-and-tools\/libraries\/information-by-campus\/"},"modified":"2024-10-16T11:02:51","modified_gmt":"2024-10-16T15:02:51","slug":"information-by-campus","status":"publish","type":"page","link":"https:\/\/cegepgim.ca\/zoneetudiante\/en\/resources-and-tools\/libraries\/information-by-campus\/","title":{"rendered":"Information by campus"},"content":{"rendered":"\t\t<div data-elementor-type=\"wp-page\" data-elementor-id=\"13549\" class=\"elementor elementor-13549 elementor-13495\" data-elementor-post-type=\"page\">\n\t\t\t\t<div class=\"has_eae_slider elementor-element elementor-element-88cef9d e-flex e-con-boxed e-con e-parent\" data-eae-slider=\"15976\" data-id=\"88cef9d\" data-element_type=\"container\" data-e-type=\"container\">\n\t\t\t\t\t<div class=\"e-con-inner\">\n\t\t\t\t<div class=\"elementor-element elementor-element-e6b2229 elementor-widget elementor-widget-text-editor\" data-id=\"e6b2229\" data-element_type=\"widget\" data-e-type=\"widget\" data-widget_type=\"text-editor.default\">\n\t\t\t\t<div class=\"elementor-widget-container\">\n\t\t\t\t\t\t\t\t\t<p>Each of the C\u00e9gep&#8217;s libraries offers a service adapted to the reality of the campus. Discover the schedule, contact information and services offered by your library, as well as documentation related to the training offered there.<\/p>\n\t\t\t\t\t\t\t\t<\/div>\n\t\t\t\t<\/div>\n\t\t<div class=\"has_eae_slider elementor-element elementor-element-ab15b46 e-con-full e-flex e-con e-child\" data-eae-slider=\"16957\" data-id=\"ab15b46\" data-element_type=\"container\" data-e-type=\"container\">\n\t\t\t\t<div class=\"elementor-element elementor-element-843c0f7 elementor-widget elementor-widget-image\" data-id=\"843c0f7\" data-element_type=\"widget\" data-e-type=\"widget\" data-widget_type=\"image.default\">\n\t\t\t\t<div class=\"elementor-widget-container\">\n\t\t\t\t\t\t\t\t\t\t\t\t<figure class=\"wp-caption\">\n\t\t\t\t\t\t\t\t\t\t\t<a href=\"https:\/\/cegepgim.ca\/en\/library\/librairies\/\" target=\"_blank\">\n\t\t\t\t\t\t\t<img fetchpriority=\"high\" decoding=\"async\" width=\"300\" height=\"200\" src=\"https:\/\/cegepgim.ca\/zoneetudiante\/wp-content\/uploads\/2010_batiment_charlesbilodeau-1400x933-1-300x200.jpg\" class=\"attachment-medium size-medium wp-image-2939\" alt=\"\" srcset=\"https:\/\/cegepgim.ca\/zoneetudiante\/wp-content\/uploads\/2010_batiment_charlesbilodeau-1400x933-1-300x200.jpg 300w, https:\/\/cegepgim.ca\/zoneetudiante\/wp-content\/uploads\/2010_batiment_charlesbilodeau-1400x933-1-1024x682.jpg 1024w, https:\/\/cegepgim.ca\/zoneetudiante\/wp-content\/uploads\/2010_batiment_charlesbilodeau-1400x933-1-768x512.jpg 768w, https:\/\/cegepgim.ca\/zoneetudiante\/wp-content\/uploads\/2010_batiment_charlesbilodeau-1400x933-1-18x12.jpg 18w, https:\/\/cegepgim.ca\/zoneetudiante\/wp-content\/uploads\/2010_batiment_charlesbilodeau-1400x933-1.jpg 1400w\" sizes=\"(max-width: 300px) 100vw, 300px\" \/>\t\t\t\t\t\t\t\t<\/a>\n\t\t\t\t\t\t\t\t\t\t\t<figcaption class=\"widget-image-caption wp-caption-text\">Gasp\u00e9 Campus<\/figcaption>\n\t\t\t\t\t\t\t\t\t\t<\/figure>\n\t\t\t\t\t\t\t\t\t<\/div>\n\t\t\t\t<\/div>\n\t\t\t\t<\/div>\n\t\t\t\t\t<\/div>\n\t\t\t\t<\/div>\n\t\t<div class=\"has_eae_slider elementor-element elementor-element-17b0b7b e-flex e-con-boxed e-con e-parent\" data-eae-slider=\"34154\" data-id=\"17b0b7b\" data-element_type=\"container\" data-e-type=\"container\">\n\t\t\t\t\t<div class=\"e-con-inner\">\n\t\t\t\t\t<\/div>\n\t\t\t\t<\/div>\n\t\t\t\t<\/div>\n\t\t","protected":false},"excerpt":{"rendered":"<p>Each of the C\u00e9gep&#8217;s libraries offers a service adapted to the reality of the campus. Discover the schedule, contact information and services offered by your library, as well as documentation related to the training offered there. Gasp\u00e9 Campus<\/p>\n","protected":false},"author":2,"featured_media":0,"parent":8853,"menu_order":0,"comment_status":"closed","ping_status":"closed","template":"","meta":{"_acf_changed":false,"footnotes":""},"class_list":["post-13549","page","type-page","status-publish","hentry"],"acf":[],"yoast_head":"<!-- This site is optimized with the Yoast SEO plugin v27.3 - https:\/\/yoast.com\/product\/yoast-seo-wordpress\/ -->\n<title>Information by campus - The C\u00e9gep de la Gasp\u00e9sie et des \u00celes Student Zone<\/title>\n<meta name=\"robots\" content=\"index, follow, max-snippet:-1, max-image-preview:large, max-video-preview:-1\" \/>\n<link rel=\"canonical\" href=\"https:\/\/cegepgim.ca\/zoneetudiante\/en\/resources-and-tools\/libraries\/information-by-campus\/\" \/>\n<meta property=\"og:locale\" content=\"en_US\" \/>\n<meta property=\"og:type\" content=\"article\" \/>\n<meta property=\"og:title\" content=\"Information by campus - The C\u00e9gep de la Gasp\u00e9sie et des \u00celes Student Zone\" \/>\n<meta property=\"og:description\" content=\"Each of the C\u00e9gep&#8217;s libraries offers a service adapted to the reality of the campus. Discover the schedule, contact information and services offered by your library, as well as documentation related to the training offered there. Gasp\u00e9 Campus\" \/>\n<meta property=\"og:url\" content=\"https:\/\/cegepgim.ca\/zoneetudiante\/en\/resources-and-tools\/libraries\/information-by-campus\/\" \/>\n<meta property=\"og:site_name\" content=\"The C\u00e9gep de la Gasp\u00e9sie et des \u00celes Student Zone\" \/>\n<meta property=\"article:modified_time\" content=\"2024-10-16T15:02:51+00:00\" \/>\n<meta property=\"og:image\" content=\"https:\/\/cegepgim.ca\/zoneetudiante\/wp-content\/uploads\/2010_batiment_charlesbilodeau-1400x933-1-300x200.jpg\" \/>\n<meta name=\"twitter:card\" content=\"summary_large_image\" \/>\n<meta name=\"twitter:label1\" content=\"Est. reading time\" \/>\n\t<meta name=\"twitter:data1\" content=\"1 minute\" \/>\n<script type=\"application\/ld+json\" class=\"yoast-schema-graph\">{\"@context\":\"https:\\\/\\\/schema.org\",\"@graph\":[{\"@type\":\"WebPage\",\"@id\":\"https:\\\/\\\/cegepgim.ca\\\/zoneetudiante\\\/en\\\/resources-and-tools\\\/libraries\\\/information-by-campus\\\/\",\"url\":\"https:\\\/\\\/cegepgim.ca\\\/zoneetudiante\\\/en\\\/resources-and-tools\\\/libraries\\\/information-by-campus\\\/\",\"name\":\"Information by campus - The C\u00e9gep de la Gasp\u00e9sie et des \u00celes Student Zone\",\"isPartOf\":{\"@id\":\"https:\\\/\\\/cegepgim.ca\\\/zoneetudiante\\\/en\\\/#website\"},\"primaryImageOfPage\":{\"@id\":\"https:\\\/\\\/cegepgim.ca\\\/zoneetudiante\\\/en\\\/resources-and-tools\\\/libraries\\\/information-by-campus\\\/#primaryimage\"},\"image\":{\"@id\":\"https:\\\/\\\/cegepgim.ca\\\/zoneetudiante\\\/en\\\/resources-and-tools\\\/libraries\\\/information-by-campus\\\/#primaryimage\"},\"thumbnailUrl\":\"https:\\\/\\\/cegepgim.ca\\\/zoneetudiante\\\/wp-content\\\/uploads\\\/2010_batiment_charlesbilodeau-1400x933-1-300x200.jpg\",\"datePublished\":\"2024-10-15T20:23:47+00:00\",\"dateModified\":\"2024-10-16T15:02:51+00:00\",\"breadcrumb\":{\"@id\":\"https:\\\/\\\/cegepgim.ca\\\/zoneetudiante\\\/en\\\/resources-and-tools\\\/libraries\\\/information-by-campus\\\/#breadcrumb\"},\"inLanguage\":\"en-US\",\"potentialAction\":[{\"@type\":\"ReadAction\",\"target\":[\"https:\\\/\\\/cegepgim.ca\\\/zoneetudiante\\\/en\\\/resources-and-tools\\\/libraries\\\/information-by-campus\\\/\"]}]},{\"@type\":\"ImageObject\",\"inLanguage\":\"en-US\",\"@id\":\"https:\\\/\\\/cegepgim.ca\\\/zoneetudiante\\\/en\\\/resources-and-tools\\\/libraries\\\/information-by-campus\\\/#primaryimage\",\"url\":\"https:\\\/\\\/cegepgim.ca\\\/zoneetudiante\\\/wp-content\\\/uploads\\\/2010_batiment_charlesbilodeau-1400x933-1-300x200.jpg\",\"contentUrl\":\"https:\\\/\\\/cegepgim.ca\\\/zoneetudiante\\\/wp-content\\\/uploads\\\/2010_batiment_charlesbilodeau-1400x933-1-300x200.jpg\"},{\"@type\":\"BreadcrumbList\",\"@id\":\"https:\\\/\\\/cegepgim.ca\\\/zoneetudiante\\\/en\\\/resources-and-tools\\\/libraries\\\/information-by-campus\\\/#breadcrumb\",\"itemListElement\":[{\"@type\":\"ListItem\",\"position\":1,\"name\":\"Student Zone\",\"item\":\"https:\\\/\\\/cegepgim.ca\\\/zoneetudiante\\\/en\\\/\"},{\"@type\":\"ListItem\",\"position\":2,\"name\":\"Resources and tools\",\"item\":\"https:\\\/\\\/cegepgim.ca\\\/zoneetudiante\\\/en\\\/resources-and-tools\\\/\"},{\"@type\":\"ListItem\",\"position\":3,\"name\":\"Libraries\",\"item\":\"https:\\\/\\\/cegepgim.ca\\\/zoneetudiante\\\/en\\\/ressources-et-outils\\\/bibliotheques\\\/\"},{\"@type\":\"ListItem\",\"position\":4,\"name\":\"Information by campus\"}]},{\"@type\":\"WebSite\",\"@id\":\"https:\\\/\\\/cegepgim.ca\\\/zoneetudiante\\\/en\\\/#website\",\"url\":\"https:\\\/\\\/cegepgim.ca\\\/zoneetudiante\\\/en\\\/\",\"name\":\"La Zone \u00e9tudiante du C\u00e9gep de la Gasp\u00e9sie et des \u00celes\",\"description\":\"Ton aventure commence ici!\",\"publisher\":{\"@id\":\"https:\\\/\\\/cegepgim.ca\\\/zoneetudiante\\\/en\\\/#organization\"},\"potentialAction\":[{\"@type\":\"SearchAction\",\"target\":{\"@type\":\"EntryPoint\",\"urlTemplate\":\"https:\\\/\\\/cegepgim.ca\\\/zoneetudiante\\\/en\\\/?s={search_term_string}\"},\"query-input\":{\"@type\":\"PropertyValueSpecification\",\"valueRequired\":true,\"valueName\":\"search_term_string\"}}],\"inLanguage\":\"en-US\"},{\"@type\":\"Organization\",\"@id\":\"https:\\\/\\\/cegepgim.ca\\\/zoneetudiante\\\/en\\\/#organization\",\"name\":\"La Zone \u00e9tudiante du C\u00e9gep de la Gasp\u00e9sie et des \u00celes\",\"url\":\"https:\\\/\\\/cegepgim.ca\\\/zoneetudiante\\\/en\\\/\",\"logo\":{\"@type\":\"ImageObject\",\"inLanguage\":\"en-US\",\"@id\":\"https:\\\/\\\/cegepgim.ca\\\/zoneetudiante\\\/en\\\/#\\\/schema\\\/logo\\\/image\\\/\",\"url\":\"https:\\\/\\\/cegepgim.ca\\\/zoneetudiante\\\/wp-content\\\/uploads\\\/ImageDePartage-01.jpg\",\"contentUrl\":\"https:\\\/\\\/cegepgim.ca\\\/zoneetudiante\\\/wp-content\\\/uploads\\\/ImageDePartage-01.jpg\",\"width\":1200,\"height\":630,\"caption\":\"La Zone \u00e9tudiante du C\u00e9gep de la Gasp\u00e9sie et des \u00celes\"},\"image\":{\"@id\":\"https:\\\/\\\/cegepgim.ca\\\/zoneetudiante\\\/en\\\/#\\\/schema\\\/logo\\\/image\\\/\"}}]}<\/script>\n<!-- \/ Yoast SEO plugin. -->","yoast_head_json":{"title":"Information by campus - The C\u00e9gep de la Gasp\u00e9sie et des \u00celes Student Zone","robots":{"index":"index","follow":"follow","max-snippet":"max-snippet:-1","max-image-preview":"max-image-preview:large","max-video-preview":"max-video-preview:-1"},"canonical":"https:\/\/cegepgim.ca\/zoneetudiante\/en\/resources-and-tools\/libraries\/information-by-campus\/","og_locale":"en_US","og_type":"article","og_title":"Information by campus - The C\u00e9gep de la Gasp\u00e9sie et des \u00celes Student Zone","og_description":"Each of the C\u00e9gep&#8217;s libraries offers a service adapted to the reality of the campus. Discover the schedule, contact information and services offered by your library, as well as documentation related to the training offered there. Gasp\u00e9 Campus","og_url":"https:\/\/cegepgim.ca\/zoneetudiante\/en\/resources-and-tools\/libraries\/information-by-campus\/","og_site_name":"The C\u00e9gep de la Gasp\u00e9sie et des \u00celes Student Zone","article_modified_time":"2024-10-16T15:02:51+00:00","og_image":[{"url":"https:\/\/cegepgim.ca\/zoneetudiante\/wp-content\/uploads\/2010_batiment_charlesbilodeau-1400x933-1-300x200.jpg","type":"","width":"","height":""}],"twitter_card":"summary_large_image","twitter_misc":{"Est. reading time":"1 minute"},"schema":{"@context":"https:\/\/schema.org","@graph":[{"@type":"WebPage","@id":"https:\/\/cegepgim.ca\/zoneetudiante\/en\/resources-and-tools\/libraries\/information-by-campus\/","url":"https:\/\/cegepgim.ca\/zoneetudiante\/en\/resources-and-tools\/libraries\/information-by-campus\/","name":"Information by campus - The C\u00e9gep de la Gasp\u00e9sie et des \u00celes Student Zone","isPartOf":{"@id":"https:\/\/cegepgim.ca\/zoneetudiante\/en\/#website"},"primaryImageOfPage":{"@id":"https:\/\/cegepgim.ca\/zoneetudiante\/en\/resources-and-tools\/libraries\/information-by-campus\/#primaryimage"},"image":{"@id":"https:\/\/cegepgim.ca\/zoneetudiante\/en\/resources-and-tools\/libraries\/information-by-campus\/#primaryimage"},"thumbnailUrl":"https:\/\/cegepgim.ca\/zoneetudiante\/wp-content\/uploads\/2010_batiment_charlesbilodeau-1400x933-1-300x200.jpg","datePublished":"2024-10-15T20:23:47+00:00","dateModified":"2024-10-16T15:02:51+00:00","breadcrumb":{"@id":"https:\/\/cegepgim.ca\/zoneetudiante\/en\/resources-and-tools\/libraries\/information-by-campus\/#breadcrumb"},"inLanguage":"en-US","potentialAction":[{"@type":"ReadAction","target":["https:\/\/cegepgim.ca\/zoneetudiante\/en\/resources-and-tools\/libraries\/information-by-campus\/"]}]},{"@type":"ImageObject","inLanguage":"en-US","@id":"https:\/\/cegepgim.ca\/zoneetudiante\/en\/resources-and-tools\/libraries\/information-by-campus\/#primaryimage","url":"https:\/\/cegepgim.ca\/zoneetudiante\/wp-content\/uploads\/2010_batiment_charlesbilodeau-1400x933-1-300x200.jpg","contentUrl":"https:\/\/cegepgim.ca\/zoneetudiante\/wp-content\/uploads\/2010_batiment_charlesbilodeau-1400x933-1-300x200.jpg"},{"@type":"BreadcrumbList","@id":"https:\/\/cegepgim.ca\/zoneetudiante\/en\/resources-and-tools\/libraries\/information-by-campus\/#breadcrumb","itemListElement":[{"@type":"ListItem","position":1,"name":"Student Zone","item":"https:\/\/cegepgim.ca\/zoneetudiante\/en\/"},{"@type":"ListItem","position":2,"name":"Resources and tools","item":"https:\/\/cegepgim.ca\/zoneetudiante\/en\/resources-and-tools\/"},{"@type":"ListItem","position":3,"name":"Libraries","item":"https:\/\/cegepgim.ca\/zoneetudiante\/en\/ressources-et-outils\/bibliotheques\/"},{"@type":"ListItem","position":4,"name":"Information by campus"}]},{"@type":"WebSite","@id":"https:\/\/cegepgim.ca\/zoneetudiante\/en\/#website","url":"https:\/\/cegepgim.ca\/zoneetudiante\/en\/","name":"La Zone \u00e9tudiante du C\u00e9gep de la Gasp\u00e9sie et des \u00celes","description":"Ton aventure commence ici!","publisher":{"@id":"https:\/\/cegepgim.ca\/zoneetudiante\/en\/#organization"},"potentialAction":[{"@type":"SearchAction","target":{"@type":"EntryPoint","urlTemplate":"https:\/\/cegepgim.ca\/zoneetudiante\/en\/?s={search_term_string}"},"query-input":{"@type":"PropertyValueSpecification","valueRequired":true,"valueName":"search_term_string"}}],"inLanguage":"en-US"},{"@type":"Organization","@id":"https:\/\/cegepgim.ca\/zoneetudiante\/en\/#organization","name":"La Zone \u00e9tudiante du C\u00e9gep de la Gasp\u00e9sie et des \u00celes","url":"https:\/\/cegepgim.ca\/zoneetudiante\/en\/","logo":{"@type":"ImageObject","inLanguage":"en-US","@id":"https:\/\/cegepgim.ca\/zoneetudiante\/en\/#\/schema\/logo\/image\/","url":"https:\/\/cegepgim.ca\/zoneetudiante\/wp-content\/uploads\/ImageDePartage-01.jpg","contentUrl":"https:\/\/cegepgim.ca\/zoneetudiante\/wp-content\/uploads\/ImageDePartage-01.jpg","width":1200,"height":630,"caption":"La Zone \u00e9tudiante du C\u00e9gep de la Gasp\u00e9sie et des \u00celes"},"image":{"@id":"https:\/\/cegepgim.ca\/zoneetudiante\/en\/#\/schema\/logo\/image\/"}}]}},"_links":{"self":[{"href":"https:\/\/cegepgim.ca\/zoneetudiante\/en\/wp-json\/wp\/v2\/pages\/13549","targetHints":{"allow":["GET"]}}],"collection":[{"href":"https:\/\/cegepgim.ca\/zoneetudiante\/en\/wp-json\/wp\/v2\/pages"}],"about":[{"href":"https:\/\/cegepgim.ca\/zoneetudiante\/en\/wp-json\/wp\/v2\/types\/page"}],"author":[{"embeddable":true,"href":"https:\/\/cegepgim.ca\/zoneetudiante\/en\/wp-json\/wp\/v2\/users\/2"}],"replies":[{"embeddable":true,"href":"https:\/\/cegepgim.ca\/zoneetudiante\/en\/wp-json\/wp\/v2\/comments?post=13549"}],"version-history":[{"count":7,"href":"https:\/\/cegepgim.ca\/zoneetudiante\/en\/wp-json\/wp\/v2\/pages\/13549\/revisions"}],"predecessor-version":[{"id":13556,"href":"https:\/\/cegepgim.ca\/zoneetudiante\/en\/wp-json\/wp\/v2\/pages\/13549\/revisions\/13556"}],"up":[{"embeddable":true,"href":"https:\/\/cegepgim.ca\/zoneetudiante\/en\/wp-json\/wp\/v2\/pages\/8853"}],"wp:attachment":[{"href":"https:\/\/cegepgim.ca\/zoneetudiante\/en\/wp-json\/wp\/v2\/media?parent=13549"}],"curies":[{"name":"wp","href":"https:\/\/api.w.org\/{rel}","templated":true}]}}